{"id":181919,"date":"2025-10-29T11:39:55","date_gmt":"2025-10-29T10:39:55","guid":{"rendered":"https:\/\/pizbube.ch\/?post_type=product&#038;p=181919"},"modified":"2025-10-29T11:40:02","modified_gmt":"2025-10-29T10:40:02","slug":"kletterfuehrer-bela","status":"publish","type":"product","link":"https:\/\/pizbube.ch\/en\/shop\/kletterfuehrer-bela\/","title":{"rendered":"Kletterf\u00fchrer Bela"},"content":{"rendered":"<div><span class=\"-wm-HwtZe\" lang=\"de\"><span class=\"-wm-jCAhz -wm-ChMk0b\"><span class=\"-wm-ryNqvb\">Die erste separate Ausgabe des Kletterf\u00fchrers f\u00fcr <strong>B\u011bl\u00e1<\/strong>\u00a0bei D\u011b\u010d\u00edn.<\/span><\/span> <span class=\"-wm-jCAhz -wm-ChMk0b\"><span class=\"-wm-ryNqvb\">Dies ist ein weniger bekanntes Sandsteingebiet in Nordb\u00f6hmen<strong> zwischen dem Schneeberg (D\u011b\u010d\u00ednsk\u00fd Sn\u011b\u017en\u00edk) und dem Elbtal (Labsk\u00fd \u00fadol\u00ed)<\/strong>.<\/span><\/span> <span class=\"-wm-jCAhz\"><span class=\"-wm-ryNqvb\">B\u011bl\u00e1 ist ein ideales Terrain f\u00fcr Kletterer, die mit Routen mittleren Schwierigkeitsgrades zufrieden sind und Ruhe und Frieden lieben.<\/span><\/span> <span class=\"-wm-jCAhz\"><span class=\"-wm-ryNqvb\">Die L\u00e4nge der Routen \u00e4hnelt denen im nahegelegenen Ostrov und Tis\u00e1, meist 10\u201320\u00a0m, es gibt aber auch l\u00e4ngere Routen bis zu 40\u00a0m. <\/span><\/span><\/span><\/div>\n<ul>\n<li><span class=\"-wm-HwtZe\" lang=\"de\"><span class=\"-wm-jCAhz\"><span class=\"-wm-ryNqvb\">Der F\u00fchrer ist komplett mit Fotos versehen, was eine klare Orientierung in den Routen erm\u00f6glicht<\/span><\/span><\/span><\/li>\n<li><span class=\"-wm-HwtZe\" lang=\"de\"><span class=\"-wm-jCAhz -wm-ChMk0b\"><span class=\"-wm-ryNqvb\">Neben Symbolen f\u00fcr Ringe, Sicherungen und Abseilstellen werden die Fotos durch Symbole f\u00fcr Schlingen unterschiedlicher Qualit\u00e4t zur Selbstsicherung erg\u00e4nzt<\/span><\/span><\/span><\/li>\n<li><span class=\"-wm-HwtZe\" lang=\"de\"><span class=\"-wm-jCAhz -wm-ChMk0b\"><span class=\"-wm-ryNqvb\">Es gibt auch Sternsymbole, die sch\u00f6ne und sichere Kletterrouten anzeigen<\/span><\/span><\/span><\/li>\n<li><span class=\"-wm-HwtZe\" lang=\"de\"><span class=\"-wm-jCAhz -wm-ChMk0b\"><span class=\"-wm-ryNqvb\">Jedes Foto des Turms und des Massivs enth\u00e4lt au\u00dferdem die Weltausrichtung und einen QR-Code, der die Position des Felsens auf dem Portal Mapy.cz verbirgt<\/span><\/span><\/span><\/li>\n<li><span class=\"-wm-HwtZe\" lang=\"de\"><span class=\"-wm-jCAhz -wm-ChMk0b\"><span class=\"-wm-ryNqvb\">In diesem Buch finden Sie \u00fcber 1000 Routen auf insgesamt 135 Massiven und T\u00fcrmen<\/span><\/span><\/span><\/li>\n<li><span class=\"-wm-HwtZe\" lang=\"de\"><span class=\"-wm-jCAhz -wm-ChMk0b\"><span class=\"-wm-ryNqvb\">Sie erfahren ein wenig Geschichte und allgemeine Informationen \u00fcber dieses Gebiet<\/span><\/span><\/span><\/li>\n<li><span class=\"-wm-HwtZe\" lang=\"de\"><span class=\"-wm-jCAhz -wm-ChMk0b\"><span class=\"-wm-ryNqvb\">alles in 3 Sprachen: Tschechisch, Englisch und Deutsch.<\/span><\/span><\/span><\/li>\n<\/ul>\n<p>352 Seiten<br \/>\n1. Auflage 2025<\/p>","protected":false},"excerpt":{"rendered":"<p>Die erste separate Ausgabe des Kletterf\u00fchrers f\u00fcr B\u011bl\u00e1\u00a0bei D\u011b\u010d\u00edn. Dies ist ein weniger bekanntes Sandsteingebiet in Nordb\u00f6hmen zwischen dem Schneeberg (D\u011b\u010d\u00ednsk\u00fd Sn\u011b\u017en\u00edk) und dem Elbtal (Labsk\u00fd \u00fadol\u00ed). B\u011bl\u00e1 ist ein ideales Terrain f\u00fcr Kletterer, die mit Routen mittleren Schwierigkeitsgrades zufrieden sind und Ruhe und Frieden lieben. Die L\u00e4nge der Routen \u00e4hnelt denen im nahegelegenen Ostrov [&#8230;]\n","protected":false},"featured_media":181920,"template":"","meta":[],"product_brand":[],"product_cat":[21539],"product_tag":[],"class_list":{"0":"post-181919","1":"product","2":"type-product","3":"status-publish","4":"has-post-thumbnail","6":"product_cat-fuehrerliteratur-sportklettern-bouldern","7":"pa_autor-jan-krecar","8":"pa_erscheinungsjahr-27415","9":"pa_region-deutschland","10":"pa_region-osteuropa","11":"pa_sprache-de-en","13":"first","14":"instock","15":"taxable","16":"shipping-taxable","17":"purchasable","18":"product-type-simple"},"_links":{"self":[{"href":"https:\/\/pizbube.ch\/en\/wp-json\/wp\/v2\/product\/181919","targetHints":{"allow":["GET"]}}],"collection":[{"href":"https:\/\/pizbube.ch\/en\/wp-json\/wp\/v2\/product"}],"about":[{"href":"https:\/\/pizbube.ch\/en\/wp-json\/wp\/v2\/types\/product"}],"wp:featuredmedia":[{"embeddable":true,"href":"https:\/\/pizbube.ch\/en\/wp-json\/wp\/v2\/media\/181920"}],"wp:attachment":[{"href":"https:\/\/pizbube.ch\/en\/wp-json\/wp\/v2\/media?parent=181919"}],"wp:term":[{"taxonomy":"product_brand","embeddable":true,"href":"https:\/\/pizbube.ch\/en\/wp-json\/wp\/v2\/product_brand?post=181919"},{"taxonomy":"product_cat","embeddable":true,"href":"https:\/\/pizbube.ch\/en\/wp-json\/wp\/v2\/product_cat?post=181919"},{"taxonomy":"product_tag","embeddable":true,"href":"https:\/\/pizbube.ch\/en\/wp-json\/wp\/v2\/product_tag?post=181919"}],"curies":[{"name":"wp","href":"https:\/\/api.w.org\/{rel}","templated":true}]}}