{"id":181932,"date":"2025-10-30T09:02:59","date_gmt":"2025-10-30T08:02:59","guid":{"rendered":"https:\/\/pizbube.ch\/?post_type=product&#038;p=181932"},"modified":"2025-11-13T11:54:25","modified_gmt":"2025-11-13T10:54:25","slug":"samivel","status":"publish","type":"product","link":"https:\/\/pizbube.ch\/en\/shop\/samivel\/","title":{"rendered":"Samivel"},"content":{"rendered":"<div id=\"product-description-short-842\" class=\"product-short-description\">\n<p>Un artiste engag\u00e9, d\u00e9fenseur des cimes.<\/p>\n<\/div>\n<div id=\"product-description-842\" class=\"product-long-description\">\n<p>Disparu il y a plus de trente ans, cet artiste sagace et malicieux a laiss\u00e9 un h\u00e9ritage profond au-del\u00e0 de ses c\u00e9l\u00e8bres aquarelles. Tr\u00e8s t\u00f4t, il fut un lanceur d\u2019alerte et, \u00e0 travers toute son \u0153uvre, Samivel \u2013 Paul Gayet-Tancr\u00e8de de son vrai nom \u2013 a c\u00e9l\u00e9br\u00e9 les montagnes tout en appelant \u00e0 les prot\u00e9ger, sous peine de tout perdre, y compris nos propres chances de survie. Dessins, aquarelles, films, romans, photographies, il fut curieux de tout et g\u00e9n\u00e9reux de son art qu\u2019il mit au profit, entre autres, de la cr\u00e9ation du premier Parc national en Vanoise et de l\u2019association Mountain Wilderness.<\/p>\n<p>Cette premi\u00e8re biographie richement illustr\u00e9e sign\u00e9e Sophie Cuenot, et dont l\u2019iconographie a \u00e9t\u00e9 assur\u00e9e par Catherine Cuenot, est un hommage \u00e0 l\u2019homme, \u00e0 l\u2019artiste, \u00e0 l\u2019alpiniste, et \u00e0 son chemin de vie engag\u00e9 qui demeure une source d\u2019inspiration salutaire pour chacun.<\/p>\n<p>240 pages, 23 x 23 cm<br \/>\n1i\u00e8re \u00e9dition 2025<\/p>\n<\/div>","protected":false},"excerpt":{"rendered":"<p>Un artiste engag\u00e9, d\u00e9fenseur des cimes. Disparu il y a plus de trente ans, cet artiste sagace et malicieux a laiss\u00e9 un h\u00e9ritage profond au-del\u00e0 de ses c\u00e9l\u00e8bres aquarelles. Tr\u00e8s t\u00f4t, il fut un lanceur d\u2019alerte et, \u00e0 travers toute son \u0153uvre, Samivel \u2013 Paul Gayet-Tancr\u00e8de de son vrai nom \u2013 a c\u00e9l\u00e9br\u00e9 les montagnes [&#8230;]\n","protected":false},"featured_media":181933,"template":"","meta":[],"product_brand":[],"product_cat":[21580,21542],"product_tag":[],"class_list":{"0":"post-181932","1":"product","2":"type-product","3":"status-publish","4":"has-post-thumbnail","6":"product_cat-kunst-kultur","7":"product_cat-sachbuecher-dokumentationen","8":"pa_autor-sophie-cuenot","9":"pa_erscheinungsjahr-27415","10":"pa_region-frankreich","11":"pa_sprache-fr","13":"first","14":"instock","15":"taxable","16":"shipping-taxable","17":"purchasable","18":"product-type-simple"},"_links":{"self":[{"href":"https:\/\/pizbube.ch\/en\/wp-json\/wp\/v2\/product\/181932","targetHints":{"allow":["GET"]}}],"collection":[{"href":"https:\/\/pizbube.ch\/en\/wp-json\/wp\/v2\/product"}],"about":[{"href":"https:\/\/pizbube.ch\/en\/wp-json\/wp\/v2\/types\/product"}],"wp:featuredmedia":[{"embeddable":true,"href":"https:\/\/pizbube.ch\/en\/wp-json\/wp\/v2\/media\/181933"}],"wp:attachment":[{"href":"https:\/\/pizbube.ch\/en\/wp-json\/wp\/v2\/media?parent=181932"}],"wp:term":[{"taxonomy":"product_brand","embeddable":true,"href":"https:\/\/pizbube.ch\/en\/wp-json\/wp\/v2\/product_brand?post=181932"},{"taxonomy":"product_cat","embeddable":true,"href":"https:\/\/pizbube.ch\/en\/wp-json\/wp\/v2\/product_cat?post=181932"},{"taxonomy":"product_tag","embeddable":true,"href":"https:\/\/pizbube.ch\/en\/wp-json\/wp\/v2\/product_tag?post=181932"}],"curies":[{"name":"wp","href":"https:\/\/api.w.org\/{rel}","templated":true}]}}