{"id":181959,"date":"2025-10-31T10:30:28","date_gmt":"2025-10-31T09:30:28","guid":{"rendered":"https:\/\/pizbube.ch\/?post_type=product&#038;p=181959"},"modified":"2025-10-31T11:04:39","modified_gmt":"2025-10-31T10:04:39","slug":"huetten-der-schweizer-alpen-cabanes-des-alpes-suisse","status":"publish","type":"product","link":"https:\/\/pizbube.ch\/en\/shop\/huetten-der-schweizer-alpen-cabanes-des-alpes-suisse\/","title":{"rendered":"H\u00fctten der Schweizer Alpen \/ Cabanes des Alpes Suisse"},"content":{"rendered":"<p>Das kompletteste H\u00fcttenverzeichnis der Schweiz.<\/p>\n<p>Die 14. Auflage von H\u00fctten der Schweizer Alpen wurde inhaltlich aktualisiert und bietet einige neue H\u00fcttenbilder, unter anderem auch aktuelle Visualisierungen von SAC-H\u00fcttenbauprojekten.<\/p>\n<p>Das H\u00fcttenverzeichnis im Grossformat beschreibt total 316 Bergunterk\u00fcnfte in den Schweizer Alpen, darunter s\u00e4mtliche H\u00fctten des Schweizer Alpen-Club SAC. Von top modern bis Selbstversorgerh\u00fctte \u2013 die Informationen bieten die perfekte \u00dcbersicht zu den Bewartungszeiten, Verpflegungsm\u00f6glichkeiten sowie den m\u00f6glichen Zustiegen.<\/p>\n<p>Mit seinen 590, oft grossformatigen Fotos ist dieser zweisprachige H\u00fcttenf\u00fchrer reich bebildert. Das Einmaleins zum H\u00fcttenaufenthalt, Tipps f\u00fcr das naturvertr\u00e4gliche Wandern und der direkte Zugang zum SAC-Tourenportal via QR-Codes komplettieren den Inhalt.<\/p>\n<p>Autor:\u00a0Diverse<br \/>\n560 Seiten, <span class=\"metafield-dimension\"><span class=\"metafield-dimension_value\">220 <\/span><span class=\"metafield-dimension_unit\">mm<\/span><\/span> x <span class=\"metafield-dimension\"><span class=\"metafield-dimension_value\">260 <\/span><span class=\"metafield-dimension_unit\">mm<\/span><\/span><br \/>\nMit 590 Abbildungen<\/p>\n<p>&nbsp;<\/p>\n<p>Le r\u00e9pertoire de cabanes le plus complet de Suisse.<\/p>\n<p>La 14e \u00e9dition de \u00abCabanes des Alpes suisses\u00bb a \u00e9t\u00e9 mise \u00e0 jour et propose plusieurs nouvelles photos de refuges, notamment des visualisations actuelles des projets de construction de cabanes du CAS.<\/p>\n<p>Le r\u00e9pertoire des cabanes d\u00e9crit 316 h\u00e9bergements de montagne dans les Alpes suisses, dont toutes les cabanes du Club Alpin Suisse CAS. Du cabanes moderne au refuge non gardienn\u00e9, les informations offrent une vue d&#8217;ensemble parfaite sur les heures d&#8217;ouverture, les possibilit\u00e9s de restauration et les acc\u00e8s possibles.<\/p>\n<p>Avec ses plus de 570 photos, souvent de grand format, ce guide bilingue est richement illustr\u00e9. Un ab\u00e9c\u00e9daire sur le s\u00e9jour en cabane, des conseils pour une randonn\u00e9e respectueuse de la nature et l&#8217;acc\u00e8s direct au portail des excursions du CAS via un code QR compl\u00e8tent le contenu.<\/p>\n<p>560 pages, 570 photos en couleur, 1\u00a0grande carte g\u00e9n\u00e9rale<br \/>\nGrand format\u00a0215 x 255 mm,\u00a0livre broch\u00e9<br \/>\n14e \u00e9dition 2025<\/p>","protected":false},"excerpt":{"rendered":"<p>Das kompletteste H\u00fcttenverzeichnis der Schweiz. Die 14. Auflage von H\u00fctten der Schweizer Alpen wurde inhaltlich aktualisiert und bietet einige neue H\u00fcttenbilder, unter anderem auch aktuelle Visualisierungen von SAC-H\u00fcttenbauprojekten. Das H\u00fcttenverzeichnis im Grossformat beschreibt total 316 Bergunterk\u00fcnfte in den Schweizer Alpen, darunter s\u00e4mtliche H\u00fctten des Schweizer Alpen-Club SAC. Von top modern bis Selbstversorgerh\u00fctte \u2013 die Informationen [&#8230;]\n","protected":false},"featured_media":181960,"template":"","meta":[],"product_brand":[],"product_cat":[22143,21542],"product_tag":[],"class_list":{"0":"post-181959","1":"product","2":"type-product","3":"status-publish","4":"has-post-thumbnail","6":"product_cat-huettenverzeichnisse-hotelfuehrer","7":"product_cat-sachbuecher-dokumentationen","8":"pa_autor-volken-kundert","9":"pa_erscheinungsjahr-27415","10":"pa_region-schweiz","11":"pa_sprache-de-fr-2","13":"first","14":"instock","15":"taxable","16":"shipping-taxable","17":"purchasable","18":"product-type-simple"},"_links":{"self":[{"href":"https:\/\/pizbube.ch\/en\/wp-json\/wp\/v2\/product\/181959","targetHints":{"allow":["GET"]}}],"collection":[{"href":"https:\/\/pizbube.ch\/en\/wp-json\/wp\/v2\/product"}],"about":[{"href":"https:\/\/pizbube.ch\/en\/wp-json\/wp\/v2\/types\/product"}],"wp:featuredmedia":[{"embeddable":true,"href":"https:\/\/pizbube.ch\/en\/wp-json\/wp\/v2\/media\/181960"}],"wp:attachment":[{"href":"https:\/\/pizbube.ch\/en\/wp-json\/wp\/v2\/media?parent=181959"}],"wp:term":[{"taxonomy":"product_brand","embeddable":true,"href":"https:\/\/pizbube.ch\/en\/wp-json\/wp\/v2\/product_brand?post=181959"},{"taxonomy":"product_cat","embeddable":true,"href":"https:\/\/pizbube.ch\/en\/wp-json\/wp\/v2\/product_cat?post=181959"},{"taxonomy":"product_tag","embeddable":true,"href":"https:\/\/pizbube.ch\/en\/wp-json\/wp\/v2\/product_tag?post=181959"}],"curies":[{"name":"wp","href":"https:\/\/api.w.org\/{rel}","templated":true}]}}