{"id":182038,"date":"2025-11-05T09:43:47","date_gmt":"2025-11-05T08:43:47","guid":{"rendered":"https:\/\/pizbube.ch\/?post_type=product&#038;p=182038"},"modified":"2025-11-05T09:43:47","modified_gmt":"2025-11-05T08:43:47","slug":"alpine-zufluchten","status":"publish","type":"product","link":"https:\/\/pizbube.ch\/en\/shop\/alpine-zufluchten\/","title":{"rendered":"Alpine Zufluchten"},"content":{"rendered":"<p>Bergh\u00fctten am Limit der Natur: Von rustikal bis high-tech \u2013 Alpine Zufluchten zeigt die faszinierendsten Schutzh\u00fctten der Berge.<\/p>\n<p>Inmitten zerkl\u00fcfteter Berglandschaften trotzen hochgelegene Schutzh\u00fctten den Elementen \u2013 Sinnbilder f\u00fcr Erfindungsgeist und Widerstandskraft des Menschen. Sie bieten Schutz in der Wildnis und sind zugleich Tore zu neuen Abenteuern.<\/p>\n<p>Alpine Zufluchten nimmt uns mit zu \u00fcber 30 spektakul\u00e4ren Zufluchtsorten weltweit. Es erz\u00e4hlt von Orten, die f\u00fcr Bergsteiger und Wanderer unverzichtbar sind, und taucht tief in die Kultur des alpinen Lebens ein.<\/p>\n<p>Mit beeindruckenden Fotografien und fesselnden Anekdoten zeigt <i>Alpine Zufluchten<\/i>, wie diese H\u00fctten Menschen mit der ungez\u00e4hmten Sch\u00f6nheit der Natur verbinden \u2013 und den wahren Geist der Berge lebendig machen.<\/p>\n<div>1. Auflage 2025<br \/>\n21 x 26 cm<\/div>\n<div>hardcover, 256 Seiten<\/div>","protected":false},"excerpt":{"rendered":"<p>Bergh\u00fctten am Limit der Natur: Von rustikal bis high-tech \u2013 Alpine Zufluchten zeigt die faszinierendsten Schutzh\u00fctten der Berge. Inmitten zerkl\u00fcfteter Berglandschaften trotzen hochgelegene Schutzh\u00fctten den Elementen \u2013 Sinnbilder f\u00fcr Erfindungsgeist und Widerstandskraft des Menschen. Sie bieten Schutz in der Wildnis und sind zugleich Tore zu neuen Abenteuern. Alpine Zufluchten nimmt uns mit zu \u00fcber 30 [&#8230;]\n","protected":false},"featured_media":182039,"template":"","meta":[],"product_brand":[],"product_cat":[21542],"product_tag":[],"class_list":{"0":"post-182038","1":"product","2":"type-product","3":"status-publish","4":"has-post-thumbnail","6":"product_cat-sachbuecher-dokumentationen","7":"pa_autor-gestalten-hrsg","8":"pa_erscheinungsjahr-27415","9":"pa_region-uebrigers-europa","10":"pa_sprache-de","12":"first","13":"instock","14":"taxable","15":"shipping-taxable","16":"purchasable","17":"product-type-simple"},"_links":{"self":[{"href":"https:\/\/pizbube.ch\/en\/wp-json\/wp\/v2\/product\/182038","targetHints":{"allow":["GET"]}}],"collection":[{"href":"https:\/\/pizbube.ch\/en\/wp-json\/wp\/v2\/product"}],"about":[{"href":"https:\/\/pizbube.ch\/en\/wp-json\/wp\/v2\/types\/product"}],"wp:featuredmedia":[{"embeddable":true,"href":"https:\/\/pizbube.ch\/en\/wp-json\/wp\/v2\/media\/182039"}],"wp:attachment":[{"href":"https:\/\/pizbube.ch\/en\/wp-json\/wp\/v2\/media?parent=182038"}],"wp:term":[{"taxonomy":"product_brand","embeddable":true,"href":"https:\/\/pizbube.ch\/en\/wp-json\/wp\/v2\/product_brand?post=182038"},{"taxonomy":"product_cat","embeddable":true,"href":"https:\/\/pizbube.ch\/en\/wp-json\/wp\/v2\/product_cat?post=182038"},{"taxonomy":"product_tag","embeddable":true,"href":"https:\/\/pizbube.ch\/en\/wp-json\/wp\/v2\/product_tag?post=182038"}],"curies":[{"name":"wp","href":"https:\/\/api.w.org\/{rel}","templated":true}]}}