{"id":182060,"date":"2025-11-07T09:27:58","date_gmt":"2025-11-07T08:27:58","guid":{"rendered":"https:\/\/pizbube.ch\/?post_type=product&#038;p=182060"},"modified":"2025-11-07T12:46:06","modified_gmt":"2025-11-07T11:46:06","slug":"k2-benjamin-vedrines","status":"publish","type":"product","link":"https:\/\/pizbube.ch\/en\/shop\/k2-benjamin-vedrines\/","title":{"rendered":"K2 &#8211; BENJAMIN VEDRINES"},"content":{"rendered":"<div id=\"product-description-short-838\" class=\"product-short-description\">\n<p>Le r\u00e9cit en images des exploits de Benjamin V\u00e9drines en Himalaya.<\/p>\n<\/div>\n<div id=\"product-description-838\" class=\"product-long-description\">\n<p>\u00ab\u202fSi je devais me souvenir d\u2019une exp\u00e9dition, ce serait celle-ci.\u2028Si je devais me souvenir d\u2019une montagne, ce serait celle-l\u00e0. Le K2 m\u2019a transform\u00e9. Il a chang\u00e9 ma vie. J\u2019ai failli la perdre justement, la vie, sur ses pentes d\u00e9mesur\u00e9es. C\u2019\u00e9tait le 28\u202fjuillet 2022, et pendant deux ans, le poids du K2 m\u2019a hant\u00e9. Puis, le 28\u202fjuillet 2024, apr\u00e8s une ascension \u00e9clair de onze heures, j\u2019ai \u00e9clat\u00e9 en sanglots \u00e0 8\u2009611 m\u00e8tres d\u2019altitude, sous un ciel parfait.\u202f\u00bb<\/p>\n<p>Deux jours plus tard, Benjamin r\u00e9pond au SOS de deux alpinistes en perdition, avec le cin\u00e9aste qui l\u2019accompagne, S\u00e9bastien Montaz-Rosset. Ce livre est leur r\u00e9cit en images d\u2019un \u00e9t\u00e9 extraordinaire au K2, compl\u00e9t\u00e9 par les photos de Thibaut Marot au camp de base.<\/p>\n<p>Livre illustr\u00e9; 256 pages;<br \/>\n1i\u00e8re \u00e9dition 16 octobre 2025<\/p>\n<\/div>","protected":false},"excerpt":{"rendered":"<p>Le r\u00e9cit en images des exploits de Benjamin V\u00e9drines en Himalaya. \u00ab\u202fSi je devais me souvenir d\u2019une exp\u00e9dition, ce serait celle-ci.\u2028Si je devais me souvenir d\u2019une montagne, ce serait celle-l\u00e0. Le K2 m\u2019a transform\u00e9. Il a chang\u00e9 ma vie. J\u2019ai failli la perdre justement, la vie, sur ses pentes d\u00e9mesur\u00e9es. C\u2019\u00e9tait le 28\u202fjuillet 2022, et [&#8230;]\n","protected":false},"featured_media":182061,"template":"","meta":[],"product_brand":[],"product_cat":[21542],"product_tag":[],"class_list":{"0":"post-182060","1":"product","2":"type-product","3":"status-publish","4":"has-post-thumbnail","6":"product_cat-sachbuecher-dokumentationen","7":"pa_autor-vedrines-martot-montaz-rosset","8":"pa_erscheinungsjahr-27415","9":"pa_region-asien","10":"pa_sprache-fr","12":"first","13":"instock","14":"taxable","15":"shipping-taxable","16":"purchasable","17":"product-type-simple"},"_links":{"self":[{"href":"https:\/\/pizbube.ch\/en\/wp-json\/wp\/v2\/product\/182060","targetHints":{"allow":["GET"]}}],"collection":[{"href":"https:\/\/pizbube.ch\/en\/wp-json\/wp\/v2\/product"}],"about":[{"href":"https:\/\/pizbube.ch\/en\/wp-json\/wp\/v2\/types\/product"}],"wp:featuredmedia":[{"embeddable":true,"href":"https:\/\/pizbube.ch\/en\/wp-json\/wp\/v2\/media\/182061"}],"wp:attachment":[{"href":"https:\/\/pizbube.ch\/en\/wp-json\/wp\/v2\/media?parent=182060"}],"wp:term":[{"taxonomy":"product_brand","embeddable":true,"href":"https:\/\/pizbube.ch\/en\/wp-json\/wp\/v2\/product_brand?post=182060"},{"taxonomy":"product_cat","embeddable":true,"href":"https:\/\/pizbube.ch\/en\/wp-json\/wp\/v2\/product_cat?post=182060"},{"taxonomy":"product_tag","embeddable":true,"href":"https:\/\/pizbube.ch\/en\/wp-json\/wp\/v2\/product_tag?post=182060"}],"curies":[{"name":"wp","href":"https:\/\/api.w.org\/{rel}","templated":true}]}}