{"id":182117,"date":"2025-11-13T11:29:31","date_gmt":"2025-11-13T10:29:31","guid":{"rendered":"https:\/\/pizbube.ch\/?post_type=product&#038;p=182117"},"modified":"2025-11-13T11:29:31","modified_gmt":"2025-11-13T10:29:31","slug":"einzelgaenger-im-himalaya","status":"publish","type":"product","link":"https:\/\/pizbube.ch\/en\/shop\/einzelgaenger-im-himalaya\/","title":{"rendered":"Einzelg\u00e4nger im Himalaya"},"content":{"rendered":"<div class=\"bub-title-description__content bub-field__content\">\n<p>Sommer 1939: Der junge Lehrer Fritz Kolb und sein Freund Ludwig Krenek erf\u00fcllen sich einen Traum. Die begeisterten Bergsteiger organisieren eine kleine Expedition ins Himalaya-Gebirge. Doch schon bald wird das unbeschwerte Abenteuer zu einer unglaublichen Odyssee: Nach dem Ausbruch des Zweiten Weltkriegs werden sie als \u00bbfeindliche Ausl\u00e4nder\u00ab verhaftet und d\u00fcrfen Britisch-Indien f\u00fcr viele Jahre nicht verlassen<\/p>\n<p>In \u00bbEinzelg\u00e4nger im Himalaya\u00ab erz\u00e4hlt Fritz Kolb von dieser au\u00dfergew\u00f6hnlichen Zeit in Indien: von der Natur und den Menschen, den Internierungslagern, in denen er w\u00e4hrend des Krieges festgehalten wurde, den politischen Entwicklungen, Hoffnungen und Sorgen, vor allem um die Daheimgebliebenen. Und nat\u00fcrlich von den Bergen, in denen sich Kolb und Krenek bei jeder M\u00f6glichkeit aufhielten. Ein lebendiges und mitrei\u00dfendes Erinnerungsbuch und der Bericht einer au\u00dfergew\u00f6hnlichen Freundschaft.<\/p>\n<p>Fritz Kolbs Himalaya-Erinnerungen sind ein sozialistisches Gegenprogramm zu den NS\u2011Alpinisten. Ein zu Unrecht vergessenes Buch.<\/p>\n<p>264 Seiten, 125 x 205 mm<br \/>\nPaperbackauflage 2025<\/p>\n<\/div>","protected":false},"excerpt":{"rendered":"<p>Sommer 1939: Der junge Lehrer Fritz Kolb und sein Freund Ludwig Krenek erf\u00fcllen sich einen Traum. Die begeisterten Bergsteiger organisieren eine kleine Expedition ins Himalaya-Gebirge. Doch schon bald wird das unbeschwerte Abenteuer zu einer unglaublichen Odyssee: Nach dem Ausbruch des Zweiten Weltkriegs werden sie als \u00bbfeindliche Ausl\u00e4nder\u00ab verhaftet und d\u00fcrfen Britisch-Indien f\u00fcr viele Jahre nicht [&#8230;]\n","protected":false},"featured_media":182118,"template":"","meta":[],"product_brand":[],"product_cat":[21629,21542],"product_tag":[],"class_list":{"0":"post-182117","1":"product","2":"type-product","3":"status-publish","4":"has-post-thumbnail","6":"product_cat-belletristik","7":"product_cat-sachbuecher-dokumentationen","8":"pa_autor-kolb","9":"pa_erscheinungsjahr-27415","10":"pa_region-asien","11":"pa_region-deutschland","12":"pa_sprache-de","14":"first","15":"instock","16":"taxable","17":"shipping-taxable","18":"purchasable","19":"product-type-simple"},"_links":{"self":[{"href":"https:\/\/pizbube.ch\/en\/wp-json\/wp\/v2\/product\/182117","targetHints":{"allow":["GET"]}}],"collection":[{"href":"https:\/\/pizbube.ch\/en\/wp-json\/wp\/v2\/product"}],"about":[{"href":"https:\/\/pizbube.ch\/en\/wp-json\/wp\/v2\/types\/product"}],"wp:featuredmedia":[{"embeddable":true,"href":"https:\/\/pizbube.ch\/en\/wp-json\/wp\/v2\/media\/182118"}],"wp:attachment":[{"href":"https:\/\/pizbube.ch\/en\/wp-json\/wp\/v2\/media?parent=182117"}],"wp:term":[{"taxonomy":"product_brand","embeddable":true,"href":"https:\/\/pizbube.ch\/en\/wp-json\/wp\/v2\/product_brand?post=182117"},{"taxonomy":"product_cat","embeddable":true,"href":"https:\/\/pizbube.ch\/en\/wp-json\/wp\/v2\/product_cat?post=182117"},{"taxonomy":"product_tag","embeddable":true,"href":"https:\/\/pizbube.ch\/en\/wp-json\/wp\/v2\/product_tag?post=182117"}],"curies":[{"name":"wp","href":"https:\/\/api.w.org\/{rel}","templated":true}]}}