{"id":182124,"date":"2025-11-13T11:47:43","date_gmt":"2025-11-13T10:47:43","guid":{"rendered":"https:\/\/pizbube.ch\/?post_type=product&#038;p=182124"},"modified":"2025-11-13T11:53:39","modified_gmt":"2025-11-13T10:53:39","slug":"lopera-de-pics","status":"publish","type":"product","link":"https:\/\/pizbube.ch\/en\/shop\/lopera-de-pics\/","title":{"rendered":"L&#8217;Op\u00e9ra de pics"},"content":{"rendered":"<div id=\"tabpanel-OXCyk2785STg47Cv6jds3-0\">\n<div>\n<article class=\"sc-b3d7e44f-0 bLCdbc\">\n<div class=\"MuiTypography-root sc-bb6e17aa-0 fQwNRg MuiTypography-body1\">\n<p>Un recueil de 50 aquarelles sign\u00e9es Samivel, un \u00e9crivain et dessinateur qui a marqu\u00e9 en profondeur l&#8217;iconographie de la montagne.<\/p>\n<p>\u00c9conomie de moyens, puret\u00e9 des lignes, palette de couleurs r\u00e9duite, humour d\u00e9capant, sens de la titraille : un seul coup d\u2019\u0153il suffit pour reconna\u00eetre les aquarelles de Samivel. Paru pour la premi\u00e8re fois en 1944 chez Arthaud, r\u00e9\u00e9dit\u00e9 de nombreuses fois par Didier-Richard puis Gl\u00e9nat, <i>L\u2019Op\u00e9ra de pics<\/i> reste d\u2019une incroyable modernit\u00e9, car ses aquarelles philosophiques posent des questions intemporelles sur la place de l\u2019homme dans la nature. Ode \u00e0 la beaut\u00e9 et \u00e0 l\u2019immensit\u00e9 de la nature, elle tourne en d\u00e9rision l\u2019orgueil de l\u2019homme et d\u00e9nonce son instinct gr\u00e9gaire.<\/p>\n<p>Pionnier de la d\u00e9fense de l\u2019environnement, Samivel pointa tr\u00e8s t\u00f4t les d\u00e9rives de l\u2019\u00e9conomie touristique et les dangers d\u2019une surfr\u00e9quentation de la montagne. Cette nouvelle \u00e9dition est enrichie d&#8217;un texte introductif de Jean-Louis Roux qui donne des cl\u00e9s de lecture sur ce superbe recueil.<\/p>\n<p>112 pages,<br \/>\n<span class=\"MuiTypography-root sc-bb6e17aa-0 fcctQv MuiTypography-body2\">216mm x 295mm<\/span><\/p>\n<\/div>\n<\/article>\n<\/div>\n<\/div>","protected":false},"excerpt":{"rendered":"<p>Un recueil de 50 aquarelles sign\u00e9es Samivel, un \u00e9crivain et dessinateur qui a marqu\u00e9 en profondeur l&#8217;iconographie de la montagne. \u00c9conomie de moyens, puret\u00e9 des lignes, palette de couleurs r\u00e9duite, humour d\u00e9capant, sens de la titraille : un seul coup d\u2019\u0153il suffit pour reconna\u00eetre les aquarelles de Samivel. Paru pour la premi\u00e8re fois en 1944 [&#8230;]\n","protected":false},"featured_media":182125,"template":"","meta":[],"product_brand":[],"product_cat":[21580,21542],"product_tag":[],"class_list":{"0":"post-182124","1":"product","2":"type-product","3":"status-publish","4":"has-post-thumbnail","6":"product_cat-kunst-kultur","7":"product_cat-sachbuecher-dokumentationen","8":"pa_autor-samivel","9":"pa_erscheinungsjahr-27415","10":"pa_region-frankreich","11":"pa_sprache-fr","13":"first","14":"instock","15":"taxable","16":"shipping-taxable","17":"purchasable","18":"product-type-simple"},"_links":{"self":[{"href":"https:\/\/pizbube.ch\/en\/wp-json\/wp\/v2\/product\/182124","targetHints":{"allow":["GET"]}}],"collection":[{"href":"https:\/\/pizbube.ch\/en\/wp-json\/wp\/v2\/product"}],"about":[{"href":"https:\/\/pizbube.ch\/en\/wp-json\/wp\/v2\/types\/product"}],"wp:featuredmedia":[{"embeddable":true,"href":"https:\/\/pizbube.ch\/en\/wp-json\/wp\/v2\/media\/182125"}],"wp:attachment":[{"href":"https:\/\/pizbube.ch\/en\/wp-json\/wp\/v2\/media?parent=182124"}],"wp:term":[{"taxonomy":"product_brand","embeddable":true,"href":"https:\/\/pizbube.ch\/en\/wp-json\/wp\/v2\/product_brand?post=182124"},{"taxonomy":"product_cat","embeddable":true,"href":"https:\/\/pizbube.ch\/en\/wp-json\/wp\/v2\/product_cat?post=182124"},{"taxonomy":"product_tag","embeddable":true,"href":"https:\/\/pizbube.ch\/en\/wp-json\/wp\/v2\/product_tag?post=182124"}],"curies":[{"name":"wp","href":"https:\/\/api.w.org\/{rel}","templated":true}]}}