{"id":182157,"date":"2025-11-14T12:06:57","date_gmt":"2025-11-14T11:06:57","guid":{"rendered":"https:\/\/pizbube.ch\/?post_type=product&#038;p=182157"},"modified":"2025-12-20T14:04:16","modified_gmt":"2025-12-20T13:04:16","slug":"teufelsberg","status":"publish","type":"product","link":"https:\/\/pizbube.ch\/en\/shop\/teufelsberg\/","title":{"rendered":"Teufelsberg"},"content":{"rendered":"<p><span class=\"value\">Im Glarnerland des 19. Jahrhunderts verspricht der Schieferabbau am Elmer Tschingelberg Wohlstand &#8211; doch die Natur schl\u00e4gt zur\u00fcck. Teufelsberg erz\u00e4hlt die dramatische Geschichte des Bergsturzes von Elm (1881), ausgel\u00f6st durch menschliche Gier und Ignoranz. <\/span><\/p>\n<p><span class=\"value\">Esther Angst verbindet historische Fakten mit eindrucksvollen Bildern und erschafft eine mitrei\u00dfende Graphic Novel \u00fcber Verantwortung und die Folgen unseres Handelns. Die Thematik ist heute aktueller denn je:Es geht darum, wie wir mit der Natur umgehen, wie wir sie f\u00fcr wirtschaftliche Gewinne ausbeuten und wie wir warnende Zeichen oft \u00fcbersehen &#8211; bis es zu sp\u00e4t ist. Ein packendes Leseerlebnis f\u00fcr Jugendliche und Erwachsene &#8211; und eine Mahnung an unsere Zeit.<\/span><\/p>\n<p>80 Seiten, B<span class=\"value\">reite 220 mm, H\u00f6he 280 mm<br \/>\nKartoniert, Paperback<br \/>\n1. Auflage 2025<\/span><\/p>","protected":false},"excerpt":{"rendered":"<p>Im Glarnerland des 19. Jahrhunderts verspricht der Schieferabbau am Elmer Tschingelberg Wohlstand &#8211; doch die Natur schl\u00e4gt zur\u00fcck. Teufelsberg erz\u00e4hlt die dramatische Geschichte des Bergsturzes von Elm (1881), ausgel\u00f6st durch menschliche Gier und Ignoranz. Esther Angst verbindet historische Fakten mit eindrucksvollen Bildern und erschafft eine mitrei\u00dfende Graphic Novel \u00fcber Verantwortung und die Folgen unseres Handelns. [&#8230;]\n","protected":false},"featured_media":182158,"template":"","meta":[],"product_brand":[],"product_cat":[21881,21580,21542],"product_tag":[],"class_list":{"0":"post-182157","1":"product","2":"type-product","3":"status-publish","4":"has-post-thumbnail","6":"product_cat-comics","7":"product_cat-kunst-kultur","8":"product_cat-sachbuecher-dokumentationen","9":"pa_autor-angst","10":"pa_erscheinungsjahr-27415","11":"pa_region-schweiz","12":"pa_sprache-de","14":"first","15":"instock","16":"taxable","17":"shipping-taxable","18":"purchasable","19":"product-type-simple"},"_links":{"self":[{"href":"https:\/\/pizbube.ch\/en\/wp-json\/wp\/v2\/product\/182157","targetHints":{"allow":["GET"]}}],"collection":[{"href":"https:\/\/pizbube.ch\/en\/wp-json\/wp\/v2\/product"}],"about":[{"href":"https:\/\/pizbube.ch\/en\/wp-json\/wp\/v2\/types\/product"}],"wp:featuredmedia":[{"embeddable":true,"href":"https:\/\/pizbube.ch\/en\/wp-json\/wp\/v2\/media\/182158"}],"wp:attachment":[{"href":"https:\/\/pizbube.ch\/en\/wp-json\/wp\/v2\/media?parent=182157"}],"wp:term":[{"taxonomy":"product_brand","embeddable":true,"href":"https:\/\/pizbube.ch\/en\/wp-json\/wp\/v2\/product_brand?post=182157"},{"taxonomy":"product_cat","embeddable":true,"href":"https:\/\/pizbube.ch\/en\/wp-json\/wp\/v2\/product_cat?post=182157"},{"taxonomy":"product_tag","embeddable":true,"href":"https:\/\/pizbube.ch\/en\/wp-json\/wp\/v2\/product_tag?post=182157"}],"curies":[{"name":"wp","href":"https:\/\/api.w.org\/{rel}","templated":true}]}}