{"id":182229,"date":"2025-11-21T09:10:27","date_gmt":"2025-11-21T08:10:27","guid":{"rendered":"https:\/\/pizbube.ch\/?post_type=product&#038;p=182229"},"modified":"2026-02-28T09:25:29","modified_gmt":"2026-02-28T08:25:29","slug":"lalpinisme-du-xxie-siecle","status":"publish","type":"product","link":"https:\/\/pizbube.ch\/en\/shop\/lalpinisme-du-xxie-siecle\/","title":{"rendered":"L&#8217;alpinisme du XXIe si\u00e8cle"},"content":{"rendered":"<p>Les plus beaux exploits<\/p>\n<p>Sur les hautes montagnes de la Terre, les alpinistes continuent d\u2019explorer et d\u2019innover.<\/p>\n<p>Premi\u00e8res ascensions, parfois en solitaire et en hiver, grandes travers\u00e9es, encha\u00eenements et records de vitesse, l\u2019alpinisme moderne est en pleine \u00e9volution.<\/p>\n<p>Mais au-del\u00e0 de la dimension sportive, il s\u2019agit avant tout de se confronter avec ce que la nature a de plus sauvage et de plus spectaculaire \u00e0 nous offrir.<\/p>\n<p>Car l\u2019ambition des meilleurs grimpeurs contemporains \u2013 de Patrick Berhault \u00e0 Benjamin V\u00e9drines, en passant par L\u00e9o Billon, les fr\u00e8res Huber, Alex Honnold, Kilian Jornet, Nives Meroi et bien d\u2019autres \u2013 reste celle des pionniers des si\u00e8cles pr\u00e9c\u00e9dents : cr\u00e9er sa voie avec audace et \u00e9l\u00e9gance tout en laissant le moins de traces possible derri\u00e8re soi.<\/p>\n<p>Des Alpes \u00e0 l\u2019Himalaya en passant par la Patagonie, l\u2019Alaska et les p\u00f4les, d\u00e9couvrez les plus grands exploits et les figures marquantes de ce d\u00e9but de xxie si\u00e8cle.<\/p>\n<p>288 pages, 24.2 x 3.5 x 28.3 cm<br \/>\n1i\u00e8re edit. 2025<\/p>","protected":false},"excerpt":{"rendered":"<p>Les plus beaux exploits Sur les hautes montagnes de la Terre, les alpinistes continuent d\u2019explorer et d\u2019innover. Premi\u00e8res ascensions, parfois en solitaire et en hiver, grandes travers\u00e9es, encha\u00eenements et records de vitesse, l\u2019alpinisme moderne est en pleine \u00e9volution. Mais au-del\u00e0 de la dimension sportive, il s\u2019agit avant tout de se confronter avec ce que la [&#8230;]\n","protected":false},"featured_media":182230,"template":"","meta":[],"product_brand":[],"product_cat":[21542],"product_tag":[],"class_list":{"0":"post-182229","1":"product","2":"type-product","3":"status-publish","4":"has-post-thumbnail","6":"product_cat-sachbuecher-dokumentationen","7":"pa_autor-chambre","8":"pa_erscheinungsjahr-27415","9":"pa_region-frankreich","10":"pa_region-uebrigers-europa","11":"pa_sprache-fr","13":"first","14":"instock","15":"taxable","16":"shipping-taxable","17":"purchasable","18":"product-type-simple"},"_links":{"self":[{"href":"https:\/\/pizbube.ch\/en\/wp-json\/wp\/v2\/product\/182229","targetHints":{"allow":["GET"]}}],"collection":[{"href":"https:\/\/pizbube.ch\/en\/wp-json\/wp\/v2\/product"}],"about":[{"href":"https:\/\/pizbube.ch\/en\/wp-json\/wp\/v2\/types\/product"}],"wp:featuredmedia":[{"embeddable":true,"href":"https:\/\/pizbube.ch\/en\/wp-json\/wp\/v2\/media\/182230"}],"wp:attachment":[{"href":"https:\/\/pizbube.ch\/en\/wp-json\/wp\/v2\/media?parent=182229"}],"wp:term":[{"taxonomy":"product_brand","embeddable":true,"href":"https:\/\/pizbube.ch\/en\/wp-json\/wp\/v2\/product_brand?post=182229"},{"taxonomy":"product_cat","embeddable":true,"href":"https:\/\/pizbube.ch\/en\/wp-json\/wp\/v2\/product_cat?post=182229"},{"taxonomy":"product_tag","embeddable":true,"href":"https:\/\/pizbube.ch\/en\/wp-json\/wp\/v2\/product_tag?post=182229"}],"curies":[{"name":"wp","href":"https:\/\/api.w.org\/{rel}","templated":true}]}}