{"id":182243,"date":"2025-11-22T09:58:35","date_gmt":"2025-11-22T08:58:35","guid":{"rendered":"https:\/\/pizbube.ch\/?post_type=product&#038;p=182243"},"modified":"2026-02-10T09:00:50","modified_gmt":"2026-02-10T08:00:50","slug":"sebastiao-salgado-gletscher","status":"publish","type":"product","link":"https:\/\/pizbube.ch\/en\/shop\/sebastiao-salgado-gletscher\/","title":{"rendered":"Sebasti\u00e3o Salgado: Gletscher"},"content":{"rendered":"<p><span class=\"value\">Atemberaubende Reise zu den Gletschern von einem der wichtigsten Fotografen unserer Zeit<br \/>\nEdler Bildband mit eindrucksvoller Schwarz-Wei\u00df-Fotografie des bekannten Dokumentarfotografen und Umweltaktivisten; mit einem Essay von Klimaforscherin Elisa Palazzi<br \/>\n<\/span><\/p>\n<p>Die Vereinten Nationen haben das Jahr 2025 zum Internationalen Jahr zum Schutz der Gletscher ausgerufen. Die Bedrohung dieser faszinierenden Landschaften und wichtigsten Wasserspeicher war noch nie so gro\u00df wie heute. Gletscher, mit den Augen des Fotografen Sebasti\u00e3o Salgado gesehen, war Teil seines acht Jahre dauernden, weltumspannenden Fotoprojekts Genesis. Seine eindringlichen Schwarz-Wei\u00df-Aufnahmen f\u00fchren die Betrachter*innen ganz nah heran an die kraftvolle Pr\u00e4senz dieser Naturph\u00e4nomene. In ihnen wird die erhabene Gr\u00f6\u00dfe der gewaltigen Eis- und Felsmassen ebenso sp\u00fcrbar wie ihre Zerbrechlichkeit und die Bedrohung durch den rasanten Wandel des Erdklimas.<\/p>\n<p><span class=\"value\">Der brillante Essay der italienischen Physikerin und Klimaforscherin Elisa Palazzi erg\u00e4nzt die meisterhaften 65 Duoton-Aufnahmen durch Einblicke in die aktuelle Forschung und regt zum Nachdenken \u00fcber diese Naturwunder an, die zum Symbol f\u00fcr die gef\u00e4hrdeten \u00d6kosysteme der Erde geworden sind.<\/span><\/p>\n<p>128 Seiten, <span class=\"value\">Breite 247 mm, H\u00f6he 306 mm<br \/>\nHardcover, Pappband<\/span><br \/>\n1. Auflage 2025<\/p>","protected":false},"excerpt":{"rendered":"<p>Atemberaubende Reise zu den Gletschern von einem der wichtigsten Fotografen unserer Zeit Edler Bildband mit eindrucksvoller Schwarz-Wei\u00df-Fotografie des bekannten Dokumentarfotografen und Umweltaktivisten; mit einem Essay von Klimaforscherin Elisa Palazzi Die Vereinten Nationen haben das Jahr 2025 zum Internationalen Jahr zum Schutz der Gletscher ausgerufen. Die Bedrohung dieser faszinierenden Landschaften und wichtigsten Wasserspeicher war noch nie [&#8230;]\n","protected":false},"featured_media":182244,"template":"","meta":[],"product_brand":[],"product_cat":[21580,21542],"product_tag":[],"class_list":{"0":"post-182243","1":"product","2":"type-product","3":"status-publish","4":"has-post-thumbnail","6":"product_cat-kunst-kultur","7":"product_cat-sachbuecher-dokumentationen","8":"pa_autor-palazzi-elisa-salgado-lelia-wanick-hrsg-salgado-sebastiao-fotografie","9":"pa_erscheinungsjahr-27415","10":"pa_region-uebrigers-europa","11":"pa_sprache-de","13":"first","14":"instock","15":"taxable","16":"shipping-taxable","17":"purchasable","18":"product-type-simple"},"_links":{"self":[{"href":"https:\/\/pizbube.ch\/en\/wp-json\/wp\/v2\/product\/182243","targetHints":{"allow":["GET"]}}],"collection":[{"href":"https:\/\/pizbube.ch\/en\/wp-json\/wp\/v2\/product"}],"about":[{"href":"https:\/\/pizbube.ch\/en\/wp-json\/wp\/v2\/types\/product"}],"wp:featuredmedia":[{"embeddable":true,"href":"https:\/\/pizbube.ch\/en\/wp-json\/wp\/v2\/media\/182244"}],"wp:attachment":[{"href":"https:\/\/pizbube.ch\/en\/wp-json\/wp\/v2\/media?parent=182243"}],"wp:term":[{"taxonomy":"product_brand","embeddable":true,"href":"https:\/\/pizbube.ch\/en\/wp-json\/wp\/v2\/product_brand?post=182243"},{"taxonomy":"product_cat","embeddable":true,"href":"https:\/\/pizbube.ch\/en\/wp-json\/wp\/v2\/product_cat?post=182243"},{"taxonomy":"product_tag","embeddable":true,"href":"https:\/\/pizbube.ch\/en\/wp-json\/wp\/v2\/product_tag?post=182243"}],"curies":[{"name":"wp","href":"https:\/\/api.w.org\/{rel}","templated":true}]}}