{"id":182308,"date":"2025-11-26T15:27:50","date_gmt":"2025-11-26T14:27:50","guid":{"rendered":"https:\/\/pizbube.ch\/?post_type=product&#038;p=182308"},"modified":"2025-11-26T15:27:50","modified_gmt":"2025-11-26T14:27:50","slug":"hike-fly-guide-oberwallis","status":"publish","type":"product","link":"https:\/\/pizbube.ch\/en\/shop\/hike-fly-guide-oberwallis\/","title":{"rendered":"Hike &amp; Fly Guide Oberwallis"},"content":{"rendered":"<p>Die 60 sch\u00f6nsten Gleitschirmtouren im Oberwallis<\/p>\n<p>Der Guide beinhaltet 60 Vorschl\u00e4ge f\u00fcr Hike &amp; Fly, Climb &amp; Fly und Ski &amp; Fly-Touren im Oberwallis von Sierre bis zum Furkapass, systematisch beschrieben und beurteilt nach Kriterien wie Zeitbedarf und H\u00f6henunterschied des Aufstiegs, Schwierigkeitsgrad des Start- und Landeplatzes, Hangexposition, Positives, Negatives, Gefahrenhinweise, Hinweise auf Wildschutzgebiete sowie Wissenswertes.<\/p>\n<p>Die Touren k\u00f6nnen dabei auf topographischen Karten im Massstab 1:100&#8217;000 und alle Start- und Landepl\u00e4tze auf Karten im Massstab von 1:25\u2018000 nachgeschlagen werden. Weiter verf\u00fcgt das Buch \u00fcber informative Kapitel wie Tourenvorbereitung, Hike &amp; Fly Praxistipps von Chrigel Maurer, Meteo (insbesondere \u00fcber die lokalen Wetterph\u00e4nomene im Oberwallis) und Wildtierschutz. Als Auflockerung gibt es im Buch diverse Erlebnisberichte.<\/p>\n<p>416 Seiten,<br \/>\n1. Auflage 2025<\/p>","protected":false},"excerpt":{"rendered":"<p>Die 60 sch\u00f6nsten Gleitschirmtouren im Oberwallis Der Guide beinhaltet 60 Vorschl\u00e4ge f\u00fcr Hike &amp; Fly, Climb &amp; Fly und Ski &amp; Fly-Touren im Oberwallis von Sierre bis zum Furkapass, systematisch beschrieben und beurteilt nach Kriterien wie Zeitbedarf und H\u00f6henunterschied des Aufstiegs, Schwierigkeitsgrad des Start- und Landeplatzes, Hangexposition, Positives, Negatives, Gefahrenhinweise, Hinweise auf Wildschutzgebiete sowie Wissenswertes. [&#8230;]\n","protected":false},"featured_media":182309,"template":"","meta":[],"product_brand":[],"product_cat":[21544,22064,21605],"product_tag":[],"class_list":{"0":"post-182308","1":"product","2":"type-product","3":"status-publish","4":"has-post-thumbnail","6":"product_cat-fuehrerliteratur-alpin-sommer","7":"product_cat-gleitschirmbuecher","8":"product_cat-wanderfuehrer-trekking","9":"pa_autor-fischer-kalbermatter-senn","10":"pa_erscheinungsjahr-27415","11":"pa_region-schweiz","12":"pa_sprache-de","14":"first","15":"instock","16":"taxable","17":"shipping-taxable","18":"purchasable","19":"product-type-simple"},"_links":{"self":[{"href":"https:\/\/pizbube.ch\/en\/wp-json\/wp\/v2\/product\/182308","targetHints":{"allow":["GET"]}}],"collection":[{"href":"https:\/\/pizbube.ch\/en\/wp-json\/wp\/v2\/product"}],"about":[{"href":"https:\/\/pizbube.ch\/en\/wp-json\/wp\/v2\/types\/product"}],"wp:featuredmedia":[{"embeddable":true,"href":"https:\/\/pizbube.ch\/en\/wp-json\/wp\/v2\/media\/182309"}],"wp:attachment":[{"href":"https:\/\/pizbube.ch\/en\/wp-json\/wp\/v2\/media?parent=182308"}],"wp:term":[{"taxonomy":"product_brand","embeddable":true,"href":"https:\/\/pizbube.ch\/en\/wp-json\/wp\/v2\/product_brand?post=182308"},{"taxonomy":"product_cat","embeddable":true,"href":"https:\/\/pizbube.ch\/en\/wp-json\/wp\/v2\/product_cat?post=182308"},{"taxonomy":"product_tag","embeddable":true,"href":"https:\/\/pizbube.ch\/en\/wp-json\/wp\/v2\/product_tag?post=182308"}],"curies":[{"name":"wp","href":"https:\/\/api.w.org\/{rel}","templated":true}]}}