{"id":182420,"date":"2025-12-06T09:38:52","date_gmt":"2025-12-06T08:38:52","guid":{"rendered":"https:\/\/pizbube.ch\/?post_type=product&#038;p=182420"},"modified":"2025-12-06T09:57:12","modified_gmt":"2025-12-06T08:57:12","slug":"une-histoire-de-lescalade","status":"publish","type":"product","link":"https:\/\/pizbube.ch\/en\/shop\/une-histoire-de-lescalade\/","title":{"rendered":"Une histoire de l&#8217;escalade"},"content":{"rendered":"<div id=\"tabpanel-6ea3BoTMicAGczNdEWh2_-0\">\n<div>\n<article class=\"sc-b3d7e44f-0 bLCdbc\">\n<div class=\"MuiTypography-root sc-bb6e17aa-0 fQwNRg MuiTypography-body1\">\n<p>Loin d\u2019une \u00e9puisante encyclop\u00e9die exhaustive, l\u2019histoire de l\u2019escalade vue \u00e0 travers le prisme de quelques-uns de ses marqueurs les plus importants.<\/p>\n<p>Depuis la nuit des temps, l\u2019homme a cherch\u00e9 \u00e0 s\u2019attaquer \u00e0 sa troisi\u00e8me dimension, la verticalit\u00e9. L\u2019homme moderne en fit un loisir conqu\u00e9rant, puis un sport \u00e0 la rencontre de la gymnastique et de la danse. L\u2019escalade sportive \u00e9tait n\u00e9e. Les grimpeurs partirent en qu\u00eate des plus belles falaises du monde afin de trouver la nouvelle voie, toujours plus belle, toujours plus difficile\u2026 L\u2019escalade a aujourd\u2019hui investi les villes avec des salles o\u00f9 l\u2019on grimpe en <i>afterwork<\/i> sur des prises artificielles, o\u00f9 l\u2019on se challenge jusqu\u2019\u00e0 devenir, aux Jeux de Paris, une discipline olympique \u00e0 part enti\u00e8re.<\/p>\n<p>Plus qu\u2019une frise chronologique, voici soixante-quinze sujets soigneusement s\u00e9lectionn\u00e9s par deux sp\u00e9cialistes\u00a0: Lucien Martinez et Laurent Belluard. Falaises mythiques, voies de l\u00e9gende, \u00e9v\u00e9nements marquants, pol\u00e9miques ou grimpeurs stars\u2026 autant de pr\u00e9textes pour aborder un th\u00e8me. Une mani\u00e8re ludique de (re)d\u00e9couvrir tout ce qui a fa\u00e7onn\u00e9 l\u2019escalade telle qu\u2019on la conna\u00eet aujourd\u2019hui.<\/p>\n<p>Du 1a au 9c, de Fontainebleau au Yosemite, de Gaston R\u00e9buffat \u00e0 Adam Ondra, de la varappe aux JO, sur gr\u00e8s, sur calcaire, sur plastique\u2026 tout ce que vous avez toujours voulu savoir sur ce qui est beaucoup plus qu\u2019un sport.<\/p>\n<p>160 pages, <span class=\"MuiTypography-root sc-bb6e17aa-0 fcctQv MuiTypography-body2\">175mm x 248mm<\/span><br \/>\n1i\u00e8re \u00e9dition 2025<\/p>\n<\/div>\n<\/article>\n<\/div>\n<\/div>","protected":false},"excerpt":{"rendered":"<p>Loin d\u2019une \u00e9puisante encyclop\u00e9die exhaustive, l\u2019histoire de l\u2019escalade vue \u00e0 travers le prisme de quelques-uns de ses marqueurs les plus importants. Depuis la nuit des temps, l\u2019homme a cherch\u00e9 \u00e0 s\u2019attaquer \u00e0 sa troisi\u00e8me dimension, la verticalit\u00e9. L\u2019homme moderne en fit un loisir conqu\u00e9rant, puis un sport \u00e0 la rencontre de la gymnastique et de [&#8230;]\n","protected":false},"featured_media":182421,"template":"","meta":[],"product_brand":[],"product_cat":[21542],"product_tag":[],"class_list":{"0":"post-182420","1":"product","2":"type-product","3":"status-publish","4":"has-post-thumbnail","6":"product_cat-sachbuecher-dokumentationen","7":"pa_autor-laurent-belluard-lucien-martinez","8":"pa_erscheinungsjahr-27415","9":"pa_region-frankreich","10":"pa_region-uebrigers-europa","11":"pa_sprache-fr","13":"first","14":"instock","15":"taxable","16":"shipping-taxable","17":"purchasable","18":"product-type-simple"},"_links":{"self":[{"href":"https:\/\/pizbube.ch\/en\/wp-json\/wp\/v2\/product\/182420","targetHints":{"allow":["GET"]}}],"collection":[{"href":"https:\/\/pizbube.ch\/en\/wp-json\/wp\/v2\/product"}],"about":[{"href":"https:\/\/pizbube.ch\/en\/wp-json\/wp\/v2\/types\/product"}],"wp:featuredmedia":[{"embeddable":true,"href":"https:\/\/pizbube.ch\/en\/wp-json\/wp\/v2\/media\/182421"}],"wp:attachment":[{"href":"https:\/\/pizbube.ch\/en\/wp-json\/wp\/v2\/media?parent=182420"}],"wp:term":[{"taxonomy":"product_brand","embeddable":true,"href":"https:\/\/pizbube.ch\/en\/wp-json\/wp\/v2\/product_brand?post=182420"},{"taxonomy":"product_cat","embeddable":true,"href":"https:\/\/pizbube.ch\/en\/wp-json\/wp\/v2\/product_cat?post=182420"},{"taxonomy":"product_tag","embeddable":true,"href":"https:\/\/pizbube.ch\/en\/wp-json\/wp\/v2\/product_tag?post=182420"}],"curies":[{"name":"wp","href":"https:\/\/api.w.org\/{rel}","templated":true}]}}