{"id":182426,"date":"2025-12-06T10:04:50","date_gmt":"2025-12-06T09:04:50","guid":{"rendered":"https:\/\/pizbube.ch\/?post_type=product&#038;p=182426"},"modified":"2025-12-06T10:11:27","modified_gmt":"2025-12-06T09:11:27","slug":"skitouren-ostoesterreich","status":"publish","type":"product","link":"https:\/\/pizbube.ch\/en\/shop\/skitouren-ostoesterreich\/","title":{"rendered":"Skitouren Ost\u00f6sterreich"},"content":{"rendered":"<p class=\"mt-3\">60 Skitouren mit \u00d6ffis vom Schneeberg bis zu den Haller Mauern<\/p>\n<p><span class=\"value\">Ohne Auto zu den sch\u00f6nsten Skitouren Ost\u00f6sterreichs \u2013 dieses Buch zeigt, wie einfach und entspannt das geht! Ob Schneeberg, Wechsel, Ennstaler Alpen oder Rottenmanner Tauern \u2013 der Rother Selection Band \u00bbSkitouren mit \u00d6ffis \u2013 Ost\u00f6sterreich\u00ab f\u00fchrt in die reizvollsten Skitourengebiete der Region.<\/span><\/p>\n<p>Von leichten Halbtagestouren f\u00fcr Einsteiger bis hin zu anspruchsvollen Tagestouren und mehrt\u00e4gigen Gebirgsdurchquerungen ist f\u00fcr jeden Geschmack etwas dabei. Viele Touren lassen sich ideal zu einem Wochenendausflug oder Kurzurlaub kombinieren.<\/p>\n<p>Alle Touren starten und enden direkt an Bahnh\u00f6fen oder Bushaltestellen \u2013 kein m\u00fchsames Parkplatzsuchen, kein Stress. Dank der \u00d6ffis sind auch Skitouren mit unterschiedlichen Start- und Endpunkten m\u00f6glich \u2013 so er\u00f6ffnen sich abwechslungsreiche Abfahrtsm\u00f6glichkeiten und spannende Gebirgs-Durchquerungen. Die Skitouren sind so gew\u00e4hlt, dass sie auch am Wochenende bequem mit Bahn und Bus erreichbar sind \u2013 mit gen\u00fcgend Zeit f\u00fcr genussvolle Anstiege, ausgedehnte Abfahrten und eine wohlverdiente Einkehr.<\/p>\n<p>Jede Skitour enth\u00e4lt alle wichtigen Informationen zur Anfahrt mit Bus und Bahn, eine detaillierte Wegbeschreibung, ein H\u00f6henprofil sowie einen Kartenausschnitt mit eingezeichneter Route. Empfehlungen zu Einkehrm\u00f6glichkeiten, Varianten und Gipfelabstechern erg\u00e4nzen die Tourenbeschreibungen. Gepr\u00fcfte GPS-Tracks stehen zum Download bereit. Eine \u00dcbersichtskarte und eine praktische Tourentabelle in der Umschlagklappe erleichtern die Planung f\u00fcr jede Skitour.Die winterliche Bergwelt auf zwei Brettln genie\u00dfen, nachhaltig, stressfrei und voller Erlebnisse \u2013 das ist Skitourengenuss in Ost\u00f6sterreich mit Bahn und Bus!<\/p>\n<p>280 Seiten, 60 Tourenk\u00e4rtchen im Ma\u00dfstab 1:50.000 und 1:75.000, 60 H\u00f6henprofile, eine \u00dcbersichtskarte<br \/>\n1. Auflage 2026<\/p>","protected":false},"excerpt":{"rendered":"<p>60 Skitouren mit \u00d6ffis vom Schneeberg bis zu den Haller Mauern Ohne Auto zu den sch\u00f6nsten Skitouren Ost\u00f6sterreichs \u2013 dieses Buch zeigt, wie einfach und entspannt das geht! Ob Schneeberg, Wechsel, Ennstaler Alpen oder Rottenmanner Tauern \u2013 der Rother Selection Band \u00bbSkitouren mit \u00d6ffis \u2013 Ost\u00f6sterreich\u00ab f\u00fchrt in die reizvollsten Skitourengebiete der Region. Von leichten [&#8230;]\n","protected":false},"featured_media":182427,"template":"","meta":[],"product_brand":[],"product_cat":[21540],"product_tag":[27660],"class_list":{"0":"post-182426","1":"product","2":"type-product","3":"status-publish","4":"has-post-thumbnail","6":"product_cat-fuehrerliteratur-alpin-winter","7":"product_tag-skitouren-ost-oesterreich","8":"pa_autor-peter-backe","9":"pa_erscheinungsjahr-27654","10":"pa_region-oesterreich","11":"pa_sprache-de","13":"first","14":"instock","15":"taxable","16":"shipping-taxable","17":"purchasable","18":"product-type-simple"},"_links":{"self":[{"href":"https:\/\/pizbube.ch\/en\/wp-json\/wp\/v2\/product\/182426","targetHints":{"allow":["GET"]}}],"collection":[{"href":"https:\/\/pizbube.ch\/en\/wp-json\/wp\/v2\/product"}],"about":[{"href":"https:\/\/pizbube.ch\/en\/wp-json\/wp\/v2\/types\/product"}],"wp:featuredmedia":[{"embeddable":true,"href":"https:\/\/pizbube.ch\/en\/wp-json\/wp\/v2\/media\/182427"}],"wp:attachment":[{"href":"https:\/\/pizbube.ch\/en\/wp-json\/wp\/v2\/media?parent=182426"}],"wp:term":[{"taxonomy":"product_brand","embeddable":true,"href":"https:\/\/pizbube.ch\/en\/wp-json\/wp\/v2\/product_brand?post=182426"},{"taxonomy":"product_cat","embeddable":true,"href":"https:\/\/pizbube.ch\/en\/wp-json\/wp\/v2\/product_cat?post=182426"},{"taxonomy":"product_tag","embeddable":true,"href":"https:\/\/pizbube.ch\/en\/wp-json\/wp\/v2\/product_tag?post=182426"}],"curies":[{"name":"wp","href":"https:\/\/api.w.org\/{rel}","templated":true}]}}