{"id":182517,"date":"2025-12-13T09:53:12","date_gmt":"2025-12-13T08:53:12","guid":{"rendered":"https:\/\/pizbube.ch\/?post_type=product&#038;p=182517"},"modified":"2025-12-13T14:29:59","modified_gmt":"2025-12-13T13:29:59","slug":"paula-wiesinger-die-legendaere-bergfuehrerin-und-der-koenig","status":"publish","type":"product","link":"https:\/\/pizbube.ch\/en\/shop\/paula-wiesinger-die-legendaere-bergfuehrerin-und-der-koenig\/","title":{"rendered":"Paula Wiesinger &#8211; Die legend\u00e4re Bergf\u00fchrerin und der K\u00f6nig"},"content":{"rendered":"<div class=\"cot\">\n<p><span class=\"value\">Paula Wiesinger war die erste Frau, die im damals h\u00f6chsten sechsten Grad kletterte. Allein und zusammen mit ihrem Mann Hans Steger f\u00fchrte sie den belgischen K\u00f6nig Albert mit Hanfseilen in den schwierigsten Dolomitenw\u00e4nden.<\/span><\/p>\n<\/div>\n<div class=\"sum\"><span class=\"value\">Sie war die beste italienische Skifahrerin ihrer Zeit, 1932 gewann sie Gold bei den Weltmeisterschaften. Und sie war die erste Frau, die im sechsten Grad kletterte. <\/span><\/div>\n<div class=\"sum\"><span class=\"value\">Zusammen mit ihrem Mann, dem deutschen Alpinisten Hans Steger, f\u00fchrte sie den belgischen K\u00f6nig Albert I., sp\u00e4ter auch dessen Sohn Leopold, mit Hanfseilen in den schwierigsten Dolomitenw\u00e4nden. Ein Buch \u00fcber eine ungew\u00f6hnliche Freundschaft.<\/span><\/div>\n<div class=\"sum\">\n<p><span class=\"value\">Ein Buch \u00fcber die Leidenschaft f\u00fcr das Klettern, eine ungew\u00f6hnliche Freundschaft, eine mutige, freie Frau.<\/span><\/p>\n<div>zahlreiche historische Fotos; 16,5 \u00d7 24 cm | 344 Seiten;<\/div>\n<div>1. Auflage 2025<\/div>\n<\/div>","protected":false},"excerpt":{"rendered":"<p>Paula Wiesinger war die erste Frau, die im damals h\u00f6chsten sechsten Grad kletterte. Allein und zusammen mit ihrem Mann Hans Steger f\u00fchrte sie den belgischen K\u00f6nig Albert mit Hanfseilen in den schwierigsten Dolomitenw\u00e4nden. Sie war die beste italienische Skifahrerin ihrer Zeit, 1932 gewann sie Gold bei den Weltmeisterschaften. Und sie war die erste Frau, die [&#8230;]\n","protected":false},"featured_media":182518,"template":"","meta":[],"product_brand":[],"product_cat":[21542],"product_tag":[],"class_list":{"0":"post-182517","1":"product","2":"type-product","3":"status-publish","4":"has-post-thumbnail","6":"product_cat-sachbuecher-dokumentationen","7":"pa_autor-sebille","8":"pa_erscheinungsjahr-27415","9":"pa_region-italien","10":"pa_sprache-de","12":"first","13":"instock","14":"taxable","15":"shipping-taxable","16":"purchasable","17":"product-type-simple"},"_links":{"self":[{"href":"https:\/\/pizbube.ch\/en\/wp-json\/wp\/v2\/product\/182517","targetHints":{"allow":["GET"]}}],"collection":[{"href":"https:\/\/pizbube.ch\/en\/wp-json\/wp\/v2\/product"}],"about":[{"href":"https:\/\/pizbube.ch\/en\/wp-json\/wp\/v2\/types\/product"}],"wp:featuredmedia":[{"embeddable":true,"href":"https:\/\/pizbube.ch\/en\/wp-json\/wp\/v2\/media\/182518"}],"wp:attachment":[{"href":"https:\/\/pizbube.ch\/en\/wp-json\/wp\/v2\/media?parent=182517"}],"wp:term":[{"taxonomy":"product_brand","embeddable":true,"href":"https:\/\/pizbube.ch\/en\/wp-json\/wp\/v2\/product_brand?post=182517"},{"taxonomy":"product_cat","embeddable":true,"href":"https:\/\/pizbube.ch\/en\/wp-json\/wp\/v2\/product_cat?post=182517"},{"taxonomy":"product_tag","embeddable":true,"href":"https:\/\/pizbube.ch\/en\/wp-json\/wp\/v2\/product_tag?post=182517"}],"curies":[{"name":"wp","href":"https:\/\/api.w.org\/{rel}","templated":true}]}}