{"id":182560,"date":"2025-12-17T10:14:31","date_gmt":"2025-12-17T09:14:31","guid":{"rendered":"https:\/\/pizbube.ch\/?post_type=product&#038;p=182560"},"modified":"2025-12-17T10:14:31","modified_gmt":"2025-12-17T09:14:31","slug":"hike-and-fly-suisse-romande","status":"publish","type":"product","link":"https:\/\/pizbube.ch\/en\/shop\/hike-and-fly-suisse-romande\/","title":{"rendered":"Hike and Fly Suisse Romande"},"content":{"rendered":"<p>Das Buch beinhaltet 101 Startpl\u00e4tze in der Westschweiz vom Jura bis ins Wallis.<\/p>\n<ul>\n<li>Klassiker und Geheimtipps f\u00fcr Hike &amp; Fly Touren in der Swiss Romande<\/li>\n<li>ein neues Bewertungssystem der Startpl\u00e4tze<\/li>\n<li>QR-Codes, um die Wegstrecke runterzuladen<\/li>\n<li>viele Fotos von den Wanderungen und Startpl\u00e4tzen<\/li>\n<\/ul>\n<p>Umfang: 101 Startpl\u00e4tze<br \/>\n376 Seiten<\/p>\n<p>&nbsp;<\/p>\n<p><span class=\"x193iq5w xeuugli x13faqbe x1vvkbs x1xmvt09 x1lliihq x1s928wv xhkezso x1gmr53x x1cpjm7i x1fgarty x1943h6x xudqn12 x3x7a5m x6prxxf xvq8zen xo1l8bm xzsf02u x1yc453h\" dir=\"auto\">101 D\u00e9collages + Moteur de Recherche<\/span><\/p>\n<p><span class=\"x193iq5w xeuugli x13faqbe x1vvkbs x1xmvt09 x1lliihq x1s928wv xhkezso x1gmr53x x1cpjm7i x1fgarty x1943h6x xudqn12 x3x7a5m x6prxxf xvq8zen xo1l8bm xzsf02u x1yc453h\" dir=\"auto\">Ce livre topo orient\u00e9 pour le marche &amp; vol r\u00e9unira le Jura, les Pr\u00e9alpes et les Alpes. Le terrain de jeu des francophones sera aussi traduit en suisse allemand. Un r\u00e9pertoire des plus beaux itin\u00e9raires de randonn\u00e9e et de vol en parapente. Gros mollets ou petites cuisses, tu trouveras l\u2019itin\u00e9raire adapt\u00e9 \u00e0 tes prochaines aventures.<\/span><\/p>\n<p>Le premier guide sp\u00e9cialement con\u00e7u autour des sites de vol en hike and fly de Suisse romande.<br \/>\n376 pages<\/p>","protected":false},"excerpt":{"rendered":"<p>Das Buch beinhaltet 101 Startpl\u00e4tze in der Westschweiz vom Jura bis ins Wallis. Klassiker und Geheimtipps f\u00fcr Hike &amp; Fly Touren in der Swiss Romande ein neues Bewertungssystem der Startpl\u00e4tze QR-Codes, um die Wegstrecke runterzuladen viele Fotos von den Wanderungen und Startpl\u00e4tzen Umfang: 101 Startpl\u00e4tze 376 Seiten &nbsp; 101 D\u00e9collages + Moteur de Recherche Ce [&#8230;]\n","protected":false},"featured_media":182561,"template":"","meta":[],"product_brand":[],"product_cat":[22064],"product_tag":[],"class_list":{"0":"post-182560","1":"product","2":"type-product","3":"status-publish","4":"has-post-thumbnail","6":"product_cat-gleitschirmbuecher","7":"pa_autor-dargent-hattich","8":"pa_erscheinungsjahr-27415","9":"pa_region-schweiz","10":"pa_sprache-de-fr","12":"first","13":"instock","14":"taxable","15":"shipping-taxable","16":"purchasable","17":"product-type-simple"},"_links":{"self":[{"href":"https:\/\/pizbube.ch\/en\/wp-json\/wp\/v2\/product\/182560","targetHints":{"allow":["GET"]}}],"collection":[{"href":"https:\/\/pizbube.ch\/en\/wp-json\/wp\/v2\/product"}],"about":[{"href":"https:\/\/pizbube.ch\/en\/wp-json\/wp\/v2\/types\/product"}],"wp:featuredmedia":[{"embeddable":true,"href":"https:\/\/pizbube.ch\/en\/wp-json\/wp\/v2\/media\/182561"}],"wp:attachment":[{"href":"https:\/\/pizbube.ch\/en\/wp-json\/wp\/v2\/media?parent=182560"}],"wp:term":[{"taxonomy":"product_brand","embeddable":true,"href":"https:\/\/pizbube.ch\/en\/wp-json\/wp\/v2\/product_brand?post=182560"},{"taxonomy":"product_cat","embeddable":true,"href":"https:\/\/pizbube.ch\/en\/wp-json\/wp\/v2\/product_cat?post=182560"},{"taxonomy":"product_tag","embeddable":true,"href":"https:\/\/pizbube.ch\/en\/wp-json\/wp\/v2\/product_tag?post=182560"}],"curies":[{"name":"wp","href":"https:\/\/api.w.org\/{rel}","templated":true}]}}