{"id":182564,"date":"2025-12-17T10:15:15","date_gmt":"2025-12-17T09:15:15","guid":{"rendered":"https:\/\/pizbube.ch\/?post_type=product&#038;p=182564"},"modified":"2026-01-10T14:16:55","modified_gmt":"2026-01-10T13:16:55","slug":"bergseeclimbs","status":"publish","type":"product","link":"https:\/\/pizbube.ch\/en\/shop\/bergseeclimbs\/","title":{"rendered":"bergseeclimbs"},"content":{"rendered":"<p>Kletter- und Tourenf\u00fchrer- Granitzauber im Bergseegebiet Uri<\/p>\n<p>Das Bergseegebiet in der urnerischen G\u00f6scheneralp ist eine traumhafte Gegend, eisenfester Granit und perfekt abgesicherte Routen sind wahrlich imstande, den Kletterer und Alpinisten zu verzaubern.<br \/>\nEingebettet in diesem Kletter- und Tourenparadies, liegt der kristallklare Bergsee mit der Bergseeh\u00fctte.<\/p>\n<p>Aus Eigeninitiative und mit viel Herzblut hat Toni Fullin das Bergseegebiet zu einem wahren Alpinwander- und Klettergebiet gemacht. Selber nennt er das Gebiet als \u00abEldorado mit dem allersch\u00f6nsten und eisenfesten Granit.\u00bb Er gilt als Pionier in der Kletterszene. Mit viel Erfahrung hat der inzwischen 73-J\u00e4hrige zusammen mit Sohn Mario, ebenfalls Bergf\u00fchrer, mit Sicherheit mehr als 1000 Seill\u00e4ngen in Kletterrouten und Klettersteigen gebaut.<\/p>\n<p>Das neue Nachschlagewerk pr\u00e4sentiert mit eindr\u00fccklichen Bildern Kletter- Hochtouren und Wanderrouten rund um das Bergseegebiet.<\/p>\n<p>72 Seiten; A5<br \/>\n2. aktualisierte Auflage 2022<\/p>","protected":false},"excerpt":{"rendered":"<p>Kletter- und Tourenf\u00fchrer- Granitzauber im Bergseegebiet Uri Das Bergseegebiet in der urnerischen G\u00f6scheneralp ist eine traumhafte Gegend, eisenfester Granit und perfekt abgesicherte Routen sind wahrlich imstande, den Kletterer und Alpinisten zu verzaubern. Eingebettet in diesem Kletter- und Tourenparadies, liegt der kristallklare Bergsee mit der Bergseeh\u00fctte. Aus Eigeninitiative und mit viel Herzblut hat Toni Fullin das [&#8230;]\n","protected":false},"featured_media":182565,"template":"","meta":[],"product_brand":[],"product_cat":[21544,21539],"product_tag":[],"class_list":{"0":"post-182564","1":"product","2":"type-product","3":"status-publish","4":"has-post-thumbnail","6":"product_cat-fuehrerliteratur-alpin-sommer","7":"product_cat-fuehrerliteratur-sportklettern-bouldern","8":"pa_autor-banholzer-fullin","9":"pa_erscheinungsjahr-27013","10":"pa_region-schweiz","11":"pa_sprache-de","13":"first","14":"instock","15":"taxable","16":"shipping-taxable","17":"purchasable","18":"product-type-simple"},"_links":{"self":[{"href":"https:\/\/pizbube.ch\/en\/wp-json\/wp\/v2\/product\/182564","targetHints":{"allow":["GET"]}}],"collection":[{"href":"https:\/\/pizbube.ch\/en\/wp-json\/wp\/v2\/product"}],"about":[{"href":"https:\/\/pizbube.ch\/en\/wp-json\/wp\/v2\/types\/product"}],"wp:featuredmedia":[{"embeddable":true,"href":"https:\/\/pizbube.ch\/en\/wp-json\/wp\/v2\/media\/182565"}],"wp:attachment":[{"href":"https:\/\/pizbube.ch\/en\/wp-json\/wp\/v2\/media?parent=182564"}],"wp:term":[{"taxonomy":"product_brand","embeddable":true,"href":"https:\/\/pizbube.ch\/en\/wp-json\/wp\/v2\/product_brand?post=182564"},{"taxonomy":"product_cat","embeddable":true,"href":"https:\/\/pizbube.ch\/en\/wp-json\/wp\/v2\/product_cat?post=182564"},{"taxonomy":"product_tag","embeddable":true,"href":"https:\/\/pizbube.ch\/en\/wp-json\/wp\/v2\/product_tag?post=182564"}],"curies":[{"name":"wp","href":"https:\/\/api.w.org\/{rel}","templated":true}]}}