{"id":182600,"date":"2025-12-18T15:19:04","date_gmt":"2025-12-18T14:19:04","guid":{"rendered":"https:\/\/pizbube.ch\/?post_type=product&#038;p=182600"},"modified":"2025-12-19T09:35:04","modified_gmt":"2025-12-19T08:35:04","slug":"up-climbing-39-canton-ticino","status":"publish","type":"product","link":"https:\/\/pizbube.ch\/en\/shop\/up-climbing-39-canton-ticino\/","title":{"rendered":"Up Climbing #39 &#8211; Canton Ticino"},"content":{"rendered":"<p>ll <strong>Canton Ticino<\/strong> \u00e8 un territorio limitato ma che, per certi versi, rappresenta <strong>uno dei luoghi pi\u00f9 iconici e ricchi d\u2019Europa per l\u2019arrampicata<\/strong>!<\/p>\n<p>Questo \u00e8 sicuramente vero per il <strong>boulder<\/strong>: sin dalla rinascita di questa disciplina negli anni Novanta, il Ticino \u00e8 diventato davvero <strong>il riferimento mondiale dei sassisti<\/strong>. La sua storia, la concentrazione di <strong>blocchi<\/strong> <strong>estremi<\/strong> e il contributo dato dal gran numero di <strong>top<\/strong> <strong>climber<\/strong> passati di qui lo hanno reso la vera e propria <strong>mecca del bouldering moderno<\/strong>, capace di surclassare persino la mitica <strong>Fontainebleau<\/strong>.<\/p>\n<p>Ma il Ticino non \u00e8 solo boulder. Qui troviamo <strong>falesie storiche<\/strong> come i <strong><em>Denti della Vecchia<\/em><\/strong> o la stessa <em><strong>Cresciano<\/strong><\/em>, la cui tradizione verticale precede la scoperta dei suoi celebri massi, insieme a molte altre realt\u00e0, antiche e pi\u00f9 recenti. Allo stesso tempo, il cantone offre innumerevoli possibilit\u00e0 per le <strong>vie lunghe<\/strong>: dal <em><strong>Poncione d\u2019Alnasca<\/strong><\/em>, al <em><strong>Monte Eus<\/strong><\/em>, alla <em><strong>Parete di Osogna<\/strong><\/em>, giusto per citare alcune delle mete pi\u00f9 note. Il tutto immerso in un contesto naturale straordinario, con valli iconiche per la loro bellezza anche al di l\u00e0 dell\u2019arrampicata, prima fra tutte la <strong>Val Verzasca<\/strong>.<\/p>\n<p>Riassumere in poche pagine ci\u00f2 che il Ticino offre agli arrampicatori \u00e8 dunque un compito arduo, e forse anche un po\u2019 presuntuoso. Ci abbiamo comunque provato, avvalendoci della collaborazione di figure che la storia verticale del cantone l\u2019hanno vissuta e la conoscono bene.\u00a0<strong>Egon<\/strong> <strong>Bernasconi<\/strong>, <strong>Davide Mazzucchelli, Roberto Bassi, Fabrizio Fratagnoli <\/strong>e<strong> Matteo Della Bordella<\/strong> condivideranno con noi la loro esperienza offrendo proposte e spunti di riflessione per vivere al meglio le pareti di questa splendida regione.<\/p>\n<p>Per raccontare il \u00a0boulder abbiamo voluto invece dare voce a chi lo ha vissuto in prima persona fin dagli inizi: <strong>Claudio Cameroni<\/strong> ci offrir\u00e0 una sintesi appassionata della storia del bouldering ticinese, mentre con <strong>Giuliano<\/strong> e <strong>Diego<\/strong> approfondiremo il tema affiancati dalle considerazioni di <strong>Greta Di Biase<\/strong>, la promettente stella del bouldering italiano.<\/p>\n<p>&nbsp;<\/p>\n<div class=\"cn-c-accordion__item cn-c-accordion-group__description\">\n<p>The Canton of Ticino is a small area, but in some ways, it represents one of the most iconic and richest climbing locations in Europe!<\/p>\n<p>This is certainly true for bouldering: since the discipline&#8217;s resurgence in the 1990s, Ticino has truly become the world&#8217;s leading bouldering destination. Its history, the concentration of extreme boulders, and the contribution of the large number of top climbers who have passed through have made it a true mecca of modern bouldering, surpassing even the legendary Fontainebleau.<\/p>\n<p>But Ticino isn&#8217;t just bouldering. Here we find historic crags such as Denti della Vecchia or Cresciano itself, whose vertical tradition predates the discovery of its famous boulders, along with many other crags, both ancient and more recent. At the same time, the canton offers countless opportunities for long routes: from Poncione d&#8217;Alnasca to Monte Eus to Parete di Osogna, to name just a few of the most well-known destinations. All immersed in an extraordinary natural setting, with valleys iconic for their beauty beyond climbing, first and foremost the Verzasca Valley.<\/p>\n<p>Summing up in just a few pages what Ticino has to offer climbers is therefore a daunting, and perhaps even a bit presumptuous, task. We&#8217;ve tried, however, with the collaboration of figures who have experienced the canton&#8217;s climbing history and know it well. Egon Bernasconi, Davide Mazzucchelli, Roberto Bassi, Fabrizio Fratagnoli, and Matteo Della Bordella will share their experiences with us, offering suggestions and insights for making the most of the walls of this splendid region.<\/p>\n<p>To tell the story of bouldering, we wanted to give voice to those who have experienced it firsthand from the very beginning: Claudio Cameroni will offer us a passionate summary of the history of Ticino bouldering, while Giuliano and Diego will delve deeper into the topic, supported by the insights of Greta Di Biase, the promising star of Italian bouldering.<\/p>\n<\/div>","protected":false},"excerpt":{"rendered":"<p>ll Canton Ticino \u00e8 un territorio limitato ma che, per certi versi, rappresenta uno dei luoghi pi\u00f9 iconici e ricchi d\u2019Europa per l\u2019arrampicata! Questo \u00e8 sicuramente vero per il boulder: sin dalla rinascita di questa disciplina negli anni Novanta, il Ticino \u00e8 diventato davvero il riferimento mondiale dei sassisti. La sua storia, la concentrazione di [&#8230;]\n","protected":false},"featured_media":182601,"template":"","meta":[],"product_brand":[],"product_cat":[21541],"product_tag":[],"class_list":{"0":"post-182600","1":"product","2":"type-product","3":"status-publish","4":"has-post-thumbnail","6":"product_cat-zeitschriften","7":"pa_autor-redazione-up-climbing","8":"pa_erscheinungsjahr-27415","9":"pa_region-schweiz","10":"pa_sprache-it","12":"first","13":"instock","14":"taxable","15":"shipping-taxable","16":"purchasable","17":"product-type-simple"},"_links":{"self":[{"href":"https:\/\/pizbube.ch\/en\/wp-json\/wp\/v2\/product\/182600","targetHints":{"allow":["GET"]}}],"collection":[{"href":"https:\/\/pizbube.ch\/en\/wp-json\/wp\/v2\/product"}],"about":[{"href":"https:\/\/pizbube.ch\/en\/wp-json\/wp\/v2\/types\/product"}],"wp:featuredmedia":[{"embeddable":true,"href":"https:\/\/pizbube.ch\/en\/wp-json\/wp\/v2\/media\/182601"}],"wp:attachment":[{"href":"https:\/\/pizbube.ch\/en\/wp-json\/wp\/v2\/media?parent=182600"}],"wp:term":[{"taxonomy":"product_brand","embeddable":true,"href":"https:\/\/pizbube.ch\/en\/wp-json\/wp\/v2\/product_brand?post=182600"},{"taxonomy":"product_cat","embeddable":true,"href":"https:\/\/pizbube.ch\/en\/wp-json\/wp\/v2\/product_cat?post=182600"},{"taxonomy":"product_tag","embeddable":true,"href":"https:\/\/pizbube.ch\/en\/wp-json\/wp\/v2\/product_tag?post=182600"}],"curies":[{"name":"wp","href":"https:\/\/api.w.org\/{rel}","templated":true}]}}