{"id":182811,"date":"2026-01-15T12:10:08","date_gmt":"2026-01-15T11:10:08","guid":{"rendered":"https:\/\/pizbube.ch\/?post_type=product&#038;p=182811"},"modified":"2026-01-21T15:04:51","modified_gmt":"2026-01-21T14:04:51","slug":"aostatal-sportklettern-band-1","status":"publish","type":"product","link":"https:\/\/pizbube.ch\/en\/shop\/aostatal-sportklettern-band-1\/","title":{"rendered":"Aostatal Sportklettern Band 1"},"content":{"rendered":"<p>Valchiusella, Canavese, Unteres Aostatal, Valle di Gressoney, Valle di Champorcher, Val d\u2019Ayas, Valtournenche<\/p>\n<p>Auch wenn das Aostatal sich geographisch betrachtet auf ein eher begrenztes Gebiet beschr\u00e4nkt, beherbergt es eine gro\u00dfe klettertechnische Vielfalt. Die Landschaft ist typisch alpin; die Region gliedert sich in ehemals durch Gletscher geformte Seitent\u00e4ler, die in das Haupttal m\u00fcnden, durch das die Dora Baltea flie\u00dft. W\u00e4hrend der letzten Eiszeit reichte der gro\u00dfe Balteo-Gletscher, der sich \u00fcber die gesamte Talachse erstreckte, bis ins heutige Canavese. Seine Spuren sind auch heute noch gut sichtbar, was die einheimischen Kletterer schon lange wissen, die an den zerfurchten H\u00e4ngen des Haupttals eine Vielzahl von Sektoren erschlossen haben, die st\u00e4ndig wachsen.<\/p>\n<p>W\u00e4hrend die seit jeher bekannten Klettergebiete jahrzehntelang die Geschichte des Sportkletterns gepr\u00e4gt haben, kamen in den letzten Jahren zahlreiche neue Sektoren hinzu und erweiterten das Angebot in der Region, was das Aostatal zu einem der italienischen Kletterhotspots werden lie\u00df.<\/p>\n<p>Die Seitent\u00e4ler, die sich vom Haupttal \u00fcber ein paar Dutzend Kilometer zum Alpenhauptkamm hin emporwinden, erreichen betr\u00e4chtliche H\u00f6hen und sind ebenfalls dicht mit Felsen \u00fcbers\u00e4t, die sich haupts\u00e4chlich f\u00fcr den Sommer eignen. Hier kann man k\u00fchle Tage im Schatten der Alpenriesen verbringen, mit atemberaubender Aussicht auf die Viertausender der Region. Bei Inversionswetterlage im unteren Tal kann man hingegen auch an Wintertagen in der Sonne klettern.<\/p>\n<p>Die Autoren entschieden sich dazu, den Fokus auf den \u00f6stlichen Teil des Tals und seine Seitent\u00e4ler zu legen, einschlie\u00dflich des Vorgebirges im Canavese \u2013 ein weiter gefasstes Gebiet, das sich zwar verwaltungstechnisch in zwei verschiedene Regionen teilt, aber f\u00fcr Kletterer sowohl von der Logistik als auch von der Morphologie her sehr homogen pr\u00e4sentiert: Nimmt man die Festung Bard als Mittelpunkt, so findet sich hier eine betr\u00e4chtliche Anzahl von Kletterfelsen f\u00fcr alle Jahreszeiten.<\/p>\n<p>1. Auflage 2025;<br \/>\n424 Seiten,<\/p>","protected":false},"excerpt":{"rendered":"<p>Valchiusella, Canavese, Unteres Aostatal, Valle di Gressoney, Valle di Champorcher, Val d\u2019Ayas, Valtournenche Auch wenn das Aostatal sich geographisch betrachtet auf ein eher begrenztes Gebiet beschr\u00e4nkt, beherbergt es eine gro\u00dfe klettertechnische Vielfalt. Die Landschaft ist typisch alpin; die Region gliedert sich in ehemals durch Gletscher geformte Seitent\u00e4ler, die in das Haupttal m\u00fcnden, durch das die [&#8230;]\n","protected":false},"featured_media":182812,"template":"","meta":[],"product_brand":[],"product_cat":[21539],"product_tag":[],"class_list":{"0":"post-182811","1":"product","2":"type-product","3":"status-publish","4":"has-post-thumbnail","6":"product_cat-fuehrerliteratur-sportklettern-bouldern","7":"pa_autor-andrea-mettadelli-paolo-tombini-nicola-vota","8":"pa_erscheinungsjahr-27415","9":"pa_region-italien","10":"pa_sprache-de","12":"first","13":"instock","14":"taxable","15":"shipping-taxable","16":"purchasable","17":"product-type-simple"},"_links":{"self":[{"href":"https:\/\/pizbube.ch\/en\/wp-json\/wp\/v2\/product\/182811","targetHints":{"allow":["GET"]}}],"collection":[{"href":"https:\/\/pizbube.ch\/en\/wp-json\/wp\/v2\/product"}],"about":[{"href":"https:\/\/pizbube.ch\/en\/wp-json\/wp\/v2\/types\/product"}],"wp:featuredmedia":[{"embeddable":true,"href":"https:\/\/pizbube.ch\/en\/wp-json\/wp\/v2\/media\/182812"}],"wp:attachment":[{"href":"https:\/\/pizbube.ch\/en\/wp-json\/wp\/v2\/media?parent=182811"}],"wp:term":[{"taxonomy":"product_brand","embeddable":true,"href":"https:\/\/pizbube.ch\/en\/wp-json\/wp\/v2\/product_brand?post=182811"},{"taxonomy":"product_cat","embeddable":true,"href":"https:\/\/pizbube.ch\/en\/wp-json\/wp\/v2\/product_cat?post=182811"},{"taxonomy":"product_tag","embeddable":true,"href":"https:\/\/pizbube.ch\/en\/wp-json\/wp\/v2\/product_tag?post=182811"}],"curies":[{"name":"wp","href":"https:\/\/api.w.org\/{rel}","templated":true}]}}