{"id":182822,"date":"2026-01-15T12:03:44","date_gmt":"2026-01-15T11:03:44","guid":{"rendered":"https:\/\/pizbube.ch\/?post_type=product&#038;p=182822"},"modified":"2026-01-21T15:05:14","modified_gmt":"2026-01-21T14:05:14","slug":"skialpinismus-in-den-julischen-alpen-west-2","status":"publish","type":"product","link":"https:\/\/pizbube.ch\/en\/shop\/skialpinismus-in-den-julischen-alpen-west-2\/","title":{"rendered":"Skialpinismus in den Julischen Alpen West"},"content":{"rendered":"<p class=\"product-detail\">100 Skitouren Montaschgruppe, Wischberggruppe Kaningruppe, Mangartgruppe<\/p>\n<p>Bis 2012, vor der Ver\u00f6ffentlichung dieses F\u00fchrers,\u00a0waren die <strong>Julischen<\/strong> <strong>Alpen<\/strong> ein kaum bekanntes, wenig besuchtes Gebiet: Wer h\u00e4tte gedacht, dass diese lange verborgenen, abgeschiedenen Berge eines\u00a0Tages zu einem wahren Paradies f\u00fcr Wintersportler\u00a0werden w\u00fcrden?<\/p>\n<p>Und so mussten die Autoren ihre Streifz\u00fcge und Erkundungstouren nach mehr als zehn Jahren der Sorglosigkeit wieder aufnehmen, um eine zweite Auflage dieses F\u00fchrers zu erstellen, die sie umfassend erweiterten und aktualisierten. Sie umfasst alle vern\u00fcnftig machbaren Skitouren in den vier gr\u00f6\u00dften Bergmassiven der westlichen Julischen Alpen \u2013 <strong>Montasch<\/strong>, <strong>J\u00f4f<\/strong> <strong>Fuart<\/strong>, <strong>Kanin<\/strong> und\u00a0<strong>Mangart<\/strong> \u2013 und macht sie einem breiteren Publikum\u00a0zug\u00e4nglich.<\/p>\n<p>Der Charakter jeder Tour wird hier hervorgehoben\u00a0mit dem stabilen Standard der vorherigen F\u00fchrer\u00a0dieser Reihe, die technischen Rahmenbedingungen\u00a0in eine international \u00fcbliche Skala packend. Dies\u00a0mag eine Hilfe sein aber im Endeffekt liegt es gerade beim winterlichen Bergsteigen immer beim Alpinisten selbst, seine F\u00e4higkeiten und Beweggr\u00fcnde\u00a0richtig einzusch\u00e4tzen und seine Unternehmungen\u00a0angepasst an die Verh\u00e4ltnisse entsprechend zu forcieren.<\/p>\n<p>424 Seiten, 415 x 150 mm<br \/>\n2. Auflage 2025<\/p>","protected":false},"excerpt":{"rendered":"<p>100 Skitouren Montaschgruppe, Wischberggruppe Kaningruppe, Mangartgruppe Bis 2012, vor der Ver\u00f6ffentlichung dieses F\u00fchrers,\u00a0waren die Julischen Alpen ein kaum bekanntes, wenig besuchtes Gebiet: Wer h\u00e4tte gedacht, dass diese lange verborgenen, abgeschiedenen Berge eines\u00a0Tages zu einem wahren Paradies f\u00fcr Wintersportler\u00a0werden w\u00fcrden? Und so mussten die Autoren ihre Streifz\u00fcge und Erkundungstouren nach mehr als zehn Jahren der Sorglosigkeit [&#8230;]\n","protected":false},"featured_media":182823,"template":"","meta":[],"product_brand":[],"product_cat":[21540],"product_tag":[],"class_list":{"0":"post-182822","1":"product","2":"type-product","3":"status-publish","4":"has-post-thumbnail","6":"product_cat-fuehrerliteratur-alpin-winter","7":"pa_autor-christian-wutte-paul-ganitzer-robert-zink","8":"pa_erscheinungsjahr-27415","9":"pa_region-italien","10":"pa_region-osteuropa","11":"pa_sprache-de","13":"first","14":"instock","15":"taxable","16":"shipping-taxable","17":"purchasable","18":"product-type-simple"},"_links":{"self":[{"href":"https:\/\/pizbube.ch\/en\/wp-json\/wp\/v2\/product\/182822","targetHints":{"allow":["GET"]}}],"collection":[{"href":"https:\/\/pizbube.ch\/en\/wp-json\/wp\/v2\/product"}],"about":[{"href":"https:\/\/pizbube.ch\/en\/wp-json\/wp\/v2\/types\/product"}],"wp:featuredmedia":[{"embeddable":true,"href":"https:\/\/pizbube.ch\/en\/wp-json\/wp\/v2\/media\/182823"}],"wp:attachment":[{"href":"https:\/\/pizbube.ch\/en\/wp-json\/wp\/v2\/media?parent=182822"}],"wp:term":[{"taxonomy":"product_brand","embeddable":true,"href":"https:\/\/pizbube.ch\/en\/wp-json\/wp\/v2\/product_brand?post=182822"},{"taxonomy":"product_cat","embeddable":true,"href":"https:\/\/pizbube.ch\/en\/wp-json\/wp\/v2\/product_cat?post=182822"},{"taxonomy":"product_tag","embeddable":true,"href":"https:\/\/pizbube.ch\/en\/wp-json\/wp\/v2\/product_tag?post=182822"}],"curies":[{"name":"wp","href":"https:\/\/api.w.org\/{rel}","templated":true}]}}