{"id":182828,"date":"2026-01-15T14:06:08","date_gmt":"2026-01-15T13:06:08","guid":{"rendered":"https:\/\/pizbube.ch\/?post_type=product&#038;p=182828"},"modified":"2026-01-27T11:43:49","modified_gmt":"2026-01-27T10:43:49","slug":"costa-blanca-climbs","status":"publish","type":"product","link":"https:\/\/pizbube.ch\/en\/shop\/costa-blanca-climbs\/","title":{"rendered":"Costa Blanca Climbs"},"content":{"rendered":"<p>A monster of a guidebook to the Costa Blanca covering a huge area, from Orihuela in the south to just north of Gandia in the north!<\/p>\n<p><span class=\"VIiyi\" lang=\"en\" xml:lang=\"en\"><span class=\"JLqJ4b ChMk0b\">Climbing guide of the province of Alicante and Gand\u00eda (Valencia).<\/span> <span class=\"JLqJ4b ChMk0b\">With more than 4000 climbing routes of all kinds of degrees.<br \/>\n<\/span><\/span><span class=\"VIiyi\" lang=\"en\" xml:lang=\"en\"><span class=\"JLqJ4b ChMk0b\">Areas of the<\/span> Vega Baja, Bajo Vinalop\u00f3, Medio Vinalop\u00f3, L&#8217;Alacant\u00ed, L&#8217;Alcoi\u00e1, El Comtat, Marina Baixa, Marina alta, La Safor.<br \/>\n<\/span><\/p>\n<p>Finally&#8230; the second edition of Roberto Lopez&#8217;s guide to the Costa Blanca is here. The Guide covers a wide area from Orihuela in the south of the region to just north of Gandia in the north&#8230; the guide also covers the inland venues around Alcoy and Petrer. Illustrated in full colour throughout, the guide has a compehensive set of photo-topos plus a great selection of action shots. The guide has loads of oter useful information for the viviting climber and is in English and Spanish throughout&#8230;<\/p>\n<p>Illustrated in full colour throughout, this superb book features a comprehensive set of photo-topos plus a great selection of action shots. And it has has loads of other useful information for the visiting climber.<\/p>\n<p>In Spanish and English.<\/p>\n<p>A &#8218;whopping&#8216; new guide to the Costa Blanca (656 pages) covering a wide area from Orihuela in the south of the region to just north of Gandia in the north&#8230; the guide also covers the inland venues around Alcoy and Petrer.<\/p>\n<p>Illustrated in full colour throughout, the guide has a compehensive set of photo-topos plus a great selection of action shots. The guide has loads of oter useful information for the viviting climber and is in English and Spanish throughout&#8230;<\/p>\n<p>No of Pages: 646; Page Size: 150 x 210 mm<br \/>\nEdition: 2nd.2025<br \/>\nBinding: Paperback (flapped)<br \/>\nIllustrations: Full Colour Photos + Photo-Topos<\/p>\n<p>&nbsp;<\/p>\n<p>Costa Blanca Climbs, escrita en castellano e ingl\u00e9s por Roberto L\u00f3pez y que presenta m\u00e1s de 3400 v\u00edas (hasta 9a y proyectos) en 58 escuelas de la provincia de Alicante y del sur de Valencia (incluyendo sectores en Gand\u00eda, Calpe, Benidorm, Cocentaina, Alcoy, Elda, Alicante, Crevillente, Orihuela y todos sus alrededores).<\/p>\n<p>Presentada con espectaculares fotograf\u00edas de las v\u00edas en 646 p\u00e1ginas, contiene toda la informaci\u00f3n necesaria para la pr\u00e1ctica de la escalada en la Costa Blanca.<\/p>","protected":false},"excerpt":{"rendered":"<p>A monster of a guidebook to the Costa Blanca covering a huge area, from Orihuela in the south to just north of Gandia in the north! Climbing guide of the province of Alicante and Gand\u00eda (Valencia). With more than 4000 climbing routes of all kinds of degrees. Areas of the Vega Baja, Bajo Vinalop\u00f3, Medio [&#8230;]\n","protected":false},"featured_media":182829,"template":"","meta":[],"product_brand":[],"product_cat":[21539],"product_tag":[],"class_list":{"0":"post-182828","1":"product","2":"type-product","3":"status-publish","4":"has-post-thumbnail","6":"product_cat-fuehrerliteratur-sportklettern-bouldern","7":"pa_autor-lopez","8":"pa_erscheinungsjahr-27415","9":"pa_region-spanien","10":"pa_sprache-en-es","12":"first","13":"instock","14":"taxable","15":"shipping-taxable","16":"purchasable","17":"product-type-simple"},"_links":{"self":[{"href":"https:\/\/pizbube.ch\/en\/wp-json\/wp\/v2\/product\/182828","targetHints":{"allow":["GET"]}}],"collection":[{"href":"https:\/\/pizbube.ch\/en\/wp-json\/wp\/v2\/product"}],"about":[{"href":"https:\/\/pizbube.ch\/en\/wp-json\/wp\/v2\/types\/product"}],"wp:featuredmedia":[{"embeddable":true,"href":"https:\/\/pizbube.ch\/en\/wp-json\/wp\/v2\/media\/182829"}],"wp:attachment":[{"href":"https:\/\/pizbube.ch\/en\/wp-json\/wp\/v2\/media?parent=182828"}],"wp:term":[{"taxonomy":"product_brand","embeddable":true,"href":"https:\/\/pizbube.ch\/en\/wp-json\/wp\/v2\/product_brand?post=182828"},{"taxonomy":"product_cat","embeddable":true,"href":"https:\/\/pizbube.ch\/en\/wp-json\/wp\/v2\/product_cat?post=182828"},{"taxonomy":"product_tag","embeddable":true,"href":"https:\/\/pizbube.ch\/en\/wp-json\/wp\/v2\/product_tag?post=182828"}],"curies":[{"name":"wp","href":"https:\/\/api.w.org\/{rel}","templated":true}]}}