{"id":182895,"date":"2026-01-21T10:19:04","date_gmt":"2026-01-21T09:19:04","guid":{"rendered":"https:\/\/pizbube.ch\/?post_type=product&#038;p=182895"},"modified":"2026-01-21T10:19:04","modified_gmt":"2026-01-21T09:19:04","slug":"die-stille-der-hoehe-erzaehlungen-aus-den-bergen","status":"publish","type":"product","link":"https:\/\/pizbube.ch\/en\/shop\/die-stille-der-hoehe-erzaehlungen-aus-den-bergen\/","title":{"rendered":"Die Stille der H\u00f6he &#8211; Erz\u00e4hlungen aus den Bergen"},"content":{"rendered":"<p>Erz\u00e4hlungen,<br \/>\n17 Geschichten rund um das Thema Berge.<\/p>\n<p>Michael und Marta nehmen wegen eines Fondue-Sets an einer Tombola teil und gewinnen den Hauptpreis: ein verl\u00e4ngertes Wochenende im Bergell, das Michael am Albignasee eine einsame Nacht unter Sternen beschert. Lorenz und Sibylle werden im August auf dem Gotthardpass in leichtem Hemd und Sandalen vom Schnee \u00fcberrascht. Margrith f\u00e4hrt jeden Winter nach Vals, wo sie auch dieses Jahr im Mondlicht hinaufsteigt nach Leis, im Gep\u00e4ck Stifters Novelle <i>Bergkristall<\/i>. Edith und Hubert wandern zur Trauerbew\u00e4ltigung: sie barfu\u00df, er mit einer Tuba im Gep\u00e4ck.<\/p>\n<p>Tim Krohns Figuren fahren mit dem Postauto nach Maloja, mit dem Deux-Chevaux \u00fcber den Gotthard, mit dem Zug ins Glarnerland und mit dem B\u00e4hnli auf den B\u00e4renboden. Sie erz\u00e4hlen von Auf- und Abstiegen, von zerkl\u00fcfteten Landschaften und der Einsamkeit in den Alpen, vom Naturerleben und der ewigen Suche nach etwas, das die Leere f\u00fcllt.<\/p>\n<p>192 Seiten; Gebunden<br \/>\n1. Auflage 2025<\/p>","protected":false},"excerpt":{"rendered":"<p>Erz\u00e4hlungen, 17 Geschichten rund um das Thema Berge. Michael und Marta nehmen wegen eines Fondue-Sets an einer Tombola teil und gewinnen den Hauptpreis: ein verl\u00e4ngertes Wochenende im Bergell, das Michael am Albignasee eine einsame Nacht unter Sternen beschert. Lorenz und Sibylle werden im August auf dem Gotthardpass in leichtem Hemd und Sandalen vom Schnee \u00fcberrascht. [&#8230;]\n","protected":false},"featured_media":182896,"template":"","meta":[],"product_brand":[],"product_cat":[21629],"product_tag":[],"class_list":{"0":"post-182895","1":"product","2":"type-product","3":"status-publish","4":"has-post-thumbnail","6":"product_cat-belletristik","7":"pa_autor-krohn","8":"pa_erscheinungsjahr-27415","9":"pa_region-schweiz","10":"pa_sprache-de","12":"first","13":"instock","14":"taxable","15":"shipping-taxable","16":"purchasable","17":"product-type-simple"},"_links":{"self":[{"href":"https:\/\/pizbube.ch\/en\/wp-json\/wp\/v2\/product\/182895","targetHints":{"allow":["GET"]}}],"collection":[{"href":"https:\/\/pizbube.ch\/en\/wp-json\/wp\/v2\/product"}],"about":[{"href":"https:\/\/pizbube.ch\/en\/wp-json\/wp\/v2\/types\/product"}],"wp:featuredmedia":[{"embeddable":true,"href":"https:\/\/pizbube.ch\/en\/wp-json\/wp\/v2\/media\/182896"}],"wp:attachment":[{"href":"https:\/\/pizbube.ch\/en\/wp-json\/wp\/v2\/media?parent=182895"}],"wp:term":[{"taxonomy":"product_brand","embeddable":true,"href":"https:\/\/pizbube.ch\/en\/wp-json\/wp\/v2\/product_brand?post=182895"},{"taxonomy":"product_cat","embeddable":true,"href":"https:\/\/pizbube.ch\/en\/wp-json\/wp\/v2\/product_cat?post=182895"},{"taxonomy":"product_tag","embeddable":true,"href":"https:\/\/pizbube.ch\/en\/wp-json\/wp\/v2\/product_tag?post=182895"}],"curies":[{"name":"wp","href":"https:\/\/api.w.org\/{rel}","templated":true}]}}