{"id":182903,"date":"2026-01-21T15:53:48","date_gmt":"2026-01-21T14:53:48","guid":{"rendered":"https:\/\/pizbube.ch\/?post_type=product&#038;p=182903"},"modified":"2026-01-21T15:57:03","modified_gmt":"2026-01-21T14:57:03","slug":"ghiaccio-verticale-vol-3-dolomiti-bellunesi-alpi-carniche-e-giulie","status":"publish","type":"product","link":"https:\/\/pizbube.ch\/en\/shop\/ghiaccio-verticale-vol-3-dolomiti-bellunesi-alpi-carniche-e-giulie\/","title":{"rendered":"Ghiaccio Verticale Vol. 3: Dolomiti Bellunesi, Alpi Carniche e Giulie"},"content":{"rendered":"<p>Dopo 30 anni dalla prima pubblicazione, presentiamo la quarta edizione di una guida che viene definita dagli appassionati la Bibbia per quanto riguarda l\u2019arrampicata sulle cascate di ghiaccio del Nord-Est italiano.<\/p>\n<p>Il mondo delle cascate negli ultimi 30 anni ha ricevuto una vera rivoluzione. Malgrado si tratti di ambienti severi, dove spesso regna il freddo pi\u00f9 intenso, proprio nei momenti in cui ci sarebbe pi\u00f9 bisogno di sole e calore, un numero sempre pi\u00f9 nutrito di appassionati arrampicatori si dedica a scalare le cascate di ghiaccio.<br \/>\nNegli ultimi decenni, anche a causa dei cambiamenti climatici che naturalmente incidono in modo importante sulla formazione del ghiaccio, gli alpinisti, soprattutto quelli di punta, sono passati dalla pura scalata su ghiaccio a quella sulle pareti di roccia, andando a collegare sempre pi\u00f9 esigue colate gelate.<\/p>\n<p>Un\u2019attivit\u00e0 in grande evoluzione, quindi, che ogni anno vede nuove aperture di linee fino a pochi anni fa impensabili.<\/p>\n<p>Questa guida vuole cos\u00ec fermare per un attimo il tempo e fare il punto della situazione attuale.<br \/>\nLo fa partendo dal cuore delle Dolomiti, in un progetto che riguarda l\u2019intera area italiana di Nord-Est.<\/p>\n<p>320 pagine;<br \/>\n4a ed. 2025<\/p>","protected":false},"excerpt":{"rendered":"<p>Dopo 30 anni dalla prima pubblicazione, presentiamo la quarta edizione di una guida che viene definita dagli appassionati la Bibbia per quanto riguarda l\u2019arrampicata sulle cascate di ghiaccio del Nord-Est italiano. Il mondo delle cascate negli ultimi 30 anni ha ricevuto una vera rivoluzione. Malgrado si tratti di ambienti severi, dove spesso regna il freddo [&#8230;]\n","protected":false},"featured_media":182904,"template":"","meta":[],"product_brand":[],"product_cat":[21540],"product_tag":[],"class_list":{"0":"post-182903","1":"product","2":"type-product","3":"status-publish","4":"has-post-thumbnail","6":"product_cat-fuehrerliteratur-alpin-winter","7":"pa_autor-cappellari","8":"pa_erscheinungsjahr-27415","9":"pa_region-italien","10":"pa_sprache-it","12":"first","13":"instock","14":"taxable","15":"shipping-taxable","16":"purchasable","17":"product-type-simple"},"_links":{"self":[{"href":"https:\/\/pizbube.ch\/en\/wp-json\/wp\/v2\/product\/182903","targetHints":{"allow":["GET"]}}],"collection":[{"href":"https:\/\/pizbube.ch\/en\/wp-json\/wp\/v2\/product"}],"about":[{"href":"https:\/\/pizbube.ch\/en\/wp-json\/wp\/v2\/types\/product"}],"wp:featuredmedia":[{"embeddable":true,"href":"https:\/\/pizbube.ch\/en\/wp-json\/wp\/v2\/media\/182904"}],"wp:attachment":[{"href":"https:\/\/pizbube.ch\/en\/wp-json\/wp\/v2\/media?parent=182903"}],"wp:term":[{"taxonomy":"product_brand","embeddable":true,"href":"https:\/\/pizbube.ch\/en\/wp-json\/wp\/v2\/product_brand?post=182903"},{"taxonomy":"product_cat","embeddable":true,"href":"https:\/\/pizbube.ch\/en\/wp-json\/wp\/v2\/product_cat?post=182903"},{"taxonomy":"product_tag","embeddable":true,"href":"https:\/\/pizbube.ch\/en\/wp-json\/wp\/v2\/product_tag?post=182903"}],"curies":[{"name":"wp","href":"https:\/\/api.w.org\/{rel}","templated":true}]}}