{"id":182910,"date":"2026-01-22T09:17:15","date_gmt":"2026-01-22T08:17:15","guid":{"rendered":"https:\/\/pizbube.ch\/?post_type=product&#038;p=182910"},"modified":"2026-01-22T09:26:43","modified_gmt":"2026-01-22T08:26:43","slug":"la-voie-devant-soi","status":"publish","type":"product","link":"https:\/\/pizbube.ch\/en\/shop\/la-voie-devant-soi\/","title":{"rendered":"La Voie devant soi"},"content":{"rendered":"<p>L\u2019autobiographie d\u2019une championne d\u2019escalade : voyage entre haut niveau et maternit\u00e9.<\/p>\n<p>En 2019, Nina Caprez est au sommet de sa carri\u00e8re de grimpeuse de haut niveau. \u00c0 33 ans, elle est \u00e0 deux doigts de r\u00e9ussir l\u2019ascension du Nose en escalade libre : la derni\u00e8re prise est l\u00e0, qui lib\u00e9rera la jeune femme de l\u2019obsession de performance qui a envahi sa vie\u2026 Mais un pied ripe et sa vie change de direction.<\/p>\n<p>Dans ce premier livre autobiographique, Nina Caprez, star de l\u2019escalade, \u00e9crit sur son enfance, sa vitalit\u00e9 entre un fr\u00e8re ador\u00e9 et une m\u00e8re d\u00e9pressive depuis le d\u00e9c\u00e8s de son mari quand la fillette n\u2019avait pas encore 3 ans et surtout raconte la passion qui l\u2019a conduite sur les falaises et en montagne, \u00e0 la poursuite des \u00ab grandes voies \u00bb et \u00e0 la rencontre d\u2019elle-m\u00eame. Jusqu\u2019\u00e0 ce moment de bascule o\u00f9, dans les larmes de l\u2019\u00e9chec, elle prend conscience qu\u2019une autre vie est possible.<\/p>\n<p>Lynn Hill, dont l\u2019exploit dans cette m\u00eame voie avait marqu\u00e9 l\u2019histoire de l\u2019escalade, a \u00e9t\u00e9 sa complice et signe la pr\u00e9face.<\/p>\n<p>176 pages, 15 x 21 cm<br \/>\n1. \u00e9dit. 2026<\/p>","protected":false},"excerpt":{"rendered":"<p>L\u2019autobiographie d\u2019une championne d\u2019escalade : voyage entre haut niveau et maternit\u00e9. En 2019, Nina Caprez est au sommet de sa carri\u00e8re de grimpeuse de haut niveau. \u00c0 33 ans, elle est \u00e0 deux doigts de r\u00e9ussir l\u2019ascension du Nose en escalade libre : la derni\u00e8re prise est l\u00e0, qui lib\u00e9rera la jeune femme de l\u2019obsession [&#8230;]\n","protected":false},"featured_media":182911,"template":"","meta":[],"product_brand":[],"product_cat":[21629],"product_tag":[],"class_list":{"0":"post-182910","1":"product","2":"type-product","3":"status-publish","4":"has-post-thumbnail","6":"product_cat-belletristik","7":"pa_autor-nina-caprez","8":"pa_erscheinungsjahr-27654","9":"pa_region-frankreich","10":"pa_region-schweiz","11":"pa_sprache-fr","13":"first","14":"instock","15":"taxable","16":"shipping-taxable","17":"purchasable","18":"product-type-simple"},"_links":{"self":[{"href":"https:\/\/pizbube.ch\/en\/wp-json\/wp\/v2\/product\/182910","targetHints":{"allow":["GET"]}}],"collection":[{"href":"https:\/\/pizbube.ch\/en\/wp-json\/wp\/v2\/product"}],"about":[{"href":"https:\/\/pizbube.ch\/en\/wp-json\/wp\/v2\/types\/product"}],"wp:featuredmedia":[{"embeddable":true,"href":"https:\/\/pizbube.ch\/en\/wp-json\/wp\/v2\/media\/182911"}],"wp:attachment":[{"href":"https:\/\/pizbube.ch\/en\/wp-json\/wp\/v2\/media?parent=182910"}],"wp:term":[{"taxonomy":"product_brand","embeddable":true,"href":"https:\/\/pizbube.ch\/en\/wp-json\/wp\/v2\/product_brand?post=182910"},{"taxonomy":"product_cat","embeddable":true,"href":"https:\/\/pizbube.ch\/en\/wp-json\/wp\/v2\/product_cat?post=182910"},{"taxonomy":"product_tag","embeddable":true,"href":"https:\/\/pizbube.ch\/en\/wp-json\/wp\/v2\/product_tag?post=182910"}],"curies":[{"name":"wp","href":"https:\/\/api.w.org\/{rel}","templated":true}]}}