{"id":182973,"date":"2026-01-27T10:10:19","date_gmt":"2026-01-27T09:10:19","guid":{"rendered":"https:\/\/pizbube.ch\/?post_type=product&#038;p=182973"},"modified":"2026-01-27T10:14:42","modified_gmt":"2026-01-27T09:14:42","slug":"die-alpen-am-parc-ela-trek","status":"publish","type":"product","link":"https:\/\/pizbube.ch\/en\/shop\/die-alpen-am-parc-ela-trek\/","title":{"rendered":"Die Alpen am Parc Ela Trek"},"content":{"rendered":"<p>Die Realisierung des Parc Ela Treks auf Alpstufe rund um den Parc Ela ging mit der Idee einher, den Wandernden mehr zu bieten als eine Route. Es ist es uns wichtig, die Alpkultur allen interessierten Menschen n\u00e4her zu bringen. Dank den Alpen gibt es eine \u00fcber Jahrhunderte gepr\u00e4gte Kulturlandschaft.<\/p>\n<p>Alpmeister, \u00c4lplerinnen sowie Einheimische und Lokalhistorikerinnen teilten ihr Wissen im vorliegenden Alpbuch mit Irene Schuler, der Initiatorin des Parc Ela Treks. In diesem Alpbuch wird jede Alp am Parc Ela Trek portr\u00e4tiert. Wir erfahren, wie die Alpen organisiert sind, wo Alpk\u00e4se hergestellt wird und welchen Herausforderungen sich die Bergbauern und \u00c4lplerInnen heute stellen m\u00fcssen.<\/p>\n<p>Auf dem Parc Ela Trek wird in 18 Tagesetappen auf Alpstufe rund um den Naturpark Parc Ela gewandert. Es braucht keinen Abstieg ins Tal, um zu \u00fcbernachten. In allen Orten gibt es eine \u00dcbernachtungsm\u00f6glichkeit, oft auf Alpen oder in Berght\u00fctten. Ruhe, spektakul\u00e4re Bergkulissen, Alpleben und schmackhaftes Essen sind garantiert.<\/p>\n<p>Die Route verl\u00e4uft gr\u00f6sstenteils auf \u00fcber 2000 m. \u00fc. Meer: von Tiefencastel nach Stierva, Radons, Plang Faller, Juf, auf den Septimer, den Julierpass, auf die Alp Flix, die Alp d\u2019Err, zur Ela H\u00fctte, nach Preda Berg\u00fcn, zur Es-cha- und Keschh\u00fctte, ins Sertig, nach Stuls, Jenisberg, auf die Wiesner Alp, nach Aclas Dafora nach Lantsch.<\/p>\n<p>Der Trek wird auf bestehenden, weiss-rot-weiss signalisierten Bergwanderwegen gef\u00fchrt und ist nicht zus\u00e4tzlich ausgeschildert.<\/p>\n<p>Die Saison 2026 dauert vom 20. Juni bis 20. September. W\u00e4hrend dieser Zeit sind alle Unterk\u00fcnfte am Trek ge\u00f6ffnet. Je nach Witterung kann der Trek bereits ab Mitte Juni bis Mitte Oktober begangen werden. Einzelne H\u00fctten sind auch l\u00e4nger offen (muss \u00fcber die einzelnen Etappenorte individuell abgekl\u00e4rt werden).<\/p>\n<p>Die Autorin Irene Schuler hat bereits das erfolgreiche Buch &#171;Walserweg Graub\u00fcnden&#187; (aktuell in der 5. Auflage) verfasst wie auch den Wanderf\u00fchrer zur Via Sett.<\/p>\n<p>1. Auflage 2025,<br \/>\n56 Seiten<\/p>","protected":false},"excerpt":{"rendered":"<p>Die Realisierung des Parc Ela Treks auf Alpstufe rund um den Parc Ela ging mit der Idee einher, den Wandernden mehr zu bieten als eine Route. Es ist es uns wichtig, die Alpkultur allen interessierten Menschen n\u00e4her zu bringen. Dank den Alpen gibt es eine \u00fcber Jahrhunderte gepr\u00e4gte Kulturlandschaft. Alpmeister, \u00c4lplerinnen sowie Einheimische und Lokalhistorikerinnen [&#8230;]\n","protected":false},"featured_media":182974,"template":"","meta":[],"product_brand":[],"product_cat":[21542,21605],"product_tag":[],"class_list":{"0":"post-182973","1":"product","2":"type-product","3":"status-publish","4":"has-post-thumbnail","6":"product_cat-sachbuecher-dokumentationen","7":"product_cat-wanderfuehrer-trekking","8":"pa_autor-irene-schuler","9":"pa_erscheinungsjahr-27415","10":"pa_region-schweiz","11":"pa_sprache-de","13":"first","14":"instock","15":"taxable","16":"shipping-taxable","17":"purchasable","18":"product-type-simple"},"_links":{"self":[{"href":"https:\/\/pizbube.ch\/en\/wp-json\/wp\/v2\/product\/182973","targetHints":{"allow":["GET"]}}],"collection":[{"href":"https:\/\/pizbube.ch\/en\/wp-json\/wp\/v2\/product"}],"about":[{"href":"https:\/\/pizbube.ch\/en\/wp-json\/wp\/v2\/types\/product"}],"wp:featuredmedia":[{"embeddable":true,"href":"https:\/\/pizbube.ch\/en\/wp-json\/wp\/v2\/media\/182974"}],"wp:attachment":[{"href":"https:\/\/pizbube.ch\/en\/wp-json\/wp\/v2\/media?parent=182973"}],"wp:term":[{"taxonomy":"product_brand","embeddable":true,"href":"https:\/\/pizbube.ch\/en\/wp-json\/wp\/v2\/product_brand?post=182973"},{"taxonomy":"product_cat","embeddable":true,"href":"https:\/\/pizbube.ch\/en\/wp-json\/wp\/v2\/product_cat?post=182973"},{"taxonomy":"product_tag","embeddable":true,"href":"https:\/\/pizbube.ch\/en\/wp-json\/wp\/v2\/product_tag?post=182973"}],"curies":[{"name":"wp","href":"https:\/\/api.w.org\/{rel}","templated":true}]}}