{"id":182979,"date":"2026-01-27T10:28:19","date_gmt":"2026-01-27T09:28:19","guid":{"rendered":"https:\/\/pizbube.ch\/?post_type=product&#038;p=182979"},"modified":"2026-01-27T10:36:48","modified_gmt":"2026-01-27T09:36:48","slug":"up-climbing-annuario-2025","status":"publish","type":"product","link":"https:\/\/pizbube.ch\/en\/shop\/up-climbing-annuario-2025\/","title":{"rendered":"Up Climbing Annuario 2025"},"content":{"rendered":"<p>L&#8217;eccezionale foto di <strong>Christian<\/strong> <strong>Core<\/strong> in copertina \u00e8 la rappresentazione migliore di questo 2025 appena trascorso, e il modo migliore per aprire l\u2019Annuario ad esso dedicato.<\/p>\n<p>Pi\u00f9 che negli anni precedenti, \u00e8 chiaro come\u00a0<strong>i limiti siano stati spostati ancora pi\u00f9 avanti<\/strong>: le ragazze ormai sono definitivamente giunte a un passo dal top assoluto realizzato dai maschietti, tra 8C+ boulder, 8c+ on sight, 8c\/9a flash e 9b+ lavorato in falesia, 8c+ trad ed eccezionali salite sulle big wall.<\/p>\n<p>Lo stesso si potrebbe dire dei ragazzi con i primi 8C flash della storia e il primo 9A in giornata sui massi, con Adam Ondra che raggiunge il top assoluto in un qualunque disciplina verticale in cui si cimenta, e il nostro Pietro Vidi che lo segue a ruota. Senza citare le salite alpinistiche epocali come la nord dello Jannu Est di V\u00e9drines e Jean, o le invernali patagoniche di Della Bordella\/Majori e di Haley. Giusto per menzionarne solo alcune tra le pi\u00f9 rilevanti.<\/p>\n<p>Ci\u00f2 che per\u00f2 appare pi\u00f9 offuscata \u00e8 invece quella componente \u201cumana\u201d che sta dietro ai numeri, ai record, ai post e alle notizie con cui questi grandiosi exploit vengono condivisi con la comunit\u00e0. Se il mondo dell\u2019alpinismo si salva ancora, le discipline verticali pi\u00f9 sportive \u2013 bouldering in primis \u2013 sembrano ormai essersi ridotte a semplici \u201csport\u201d, in cui sono i soli numeri a essere presi in considerazione.<\/p>\n<p>Non \u00e8 chiaramente sempre cos\u00ec, ma la deriva \u00e8 diventata pi\u00f9 evidente di anno in anno. Proprio in questo sta l\u2019augurio rappresentato dalla copertina. Christian un tempo ci raccontava con gli occhi luccicanti della scoperta e della salita di\u00a0<em>Gioia<\/em> e ora, con lo stesso entusiasmo ed emozione, ci racconta della trepidante partenza per Maiorca per fotografare <em>Es Pontas<\/em>, dei suoi sogni su come sarebbe andata, dei dubbi, dell\u2019entusiasmo, del cuore colmo di felicit\u00e0 per aver saputo cogliere quell\u2019attimo magico.<\/p>\n<p>Novit\u00e0 di quest\u2019anno \u00e8 anche <strong>la<\/strong><strong>\u00a0sezione<\/strong> <strong>Indoor<\/strong>, per esplorare un mondo verticale che si sviluppa spesso in parallelo a quanto avviene sulla roccia, ma che frequentemente trova eccezionali intersezioni con essa.<\/p>\n<p>Infine, un must \u00e8 la nostra usuale raccolta delle relazioni di\u00a0<strong>nuove vie alpinistiche su roccia<\/strong>, <strong>ghiaccio<\/strong> e <strong>misto<\/strong> e di <strong>falesie<\/strong>, in modo da trarre spunti sempre nuovi nello scegliere destinazioni adatte alle nostre \u201cvisioni\u201d. Un contributo fondamentale l\u2019hanno dato, come ogni anno, i tanti <strong>climber e fotografi che ci hanno aiutato<\/strong> nel raccogliere il materiale qui pubblicato e che per questo ringraziamo sentitamente.<\/p>\n<p>176 pagine<\/p>","protected":false},"excerpt":{"rendered":"<p>L&#8217;eccezionale foto di Christian Core in copertina \u00e8 la rappresentazione migliore di questo 2025 appena trascorso, e il modo migliore per aprire l\u2019Annuario ad esso dedicato. Pi\u00f9 che negli anni precedenti, \u00e8 chiaro come\u00a0i limiti siano stati spostati ancora pi\u00f9 avanti: le ragazze ormai sono definitivamente giunte a un passo dal top assoluto realizzato dai [&#8230;]\n","protected":false},"featured_media":182980,"template":"","meta":[],"product_brand":[],"product_cat":[21541],"product_tag":[],"class_list":{"0":"post-182979","1":"product","2":"type-product","3":"status-publish","4":"has-post-thumbnail","6":"product_cat-zeitschriften","7":"pa_autor-felderer-redazione-up-climbing","8":"pa_erscheinungsjahr-27415","9":"pa_region-frankreich","10":"pa_region-italien","11":"pa_region-schweiz","12":"pa_sprache-it","14":"first","15":"instock","16":"taxable","17":"shipping-taxable","18":"purchasable","19":"product-type-simple"},"_links":{"self":[{"href":"https:\/\/pizbube.ch\/en\/wp-json\/wp\/v2\/product\/182979","targetHints":{"allow":["GET"]}}],"collection":[{"href":"https:\/\/pizbube.ch\/en\/wp-json\/wp\/v2\/product"}],"about":[{"href":"https:\/\/pizbube.ch\/en\/wp-json\/wp\/v2\/types\/product"}],"wp:featuredmedia":[{"embeddable":true,"href":"https:\/\/pizbube.ch\/en\/wp-json\/wp\/v2\/media\/182980"}],"wp:attachment":[{"href":"https:\/\/pizbube.ch\/en\/wp-json\/wp\/v2\/media?parent=182979"}],"wp:term":[{"taxonomy":"product_brand","embeddable":true,"href":"https:\/\/pizbube.ch\/en\/wp-json\/wp\/v2\/product_brand?post=182979"},{"taxonomy":"product_cat","embeddable":true,"href":"https:\/\/pizbube.ch\/en\/wp-json\/wp\/v2\/product_cat?post=182979"},{"taxonomy":"product_tag","embeddable":true,"href":"https:\/\/pizbube.ch\/en\/wp-json\/wp\/v2\/product_tag?post=182979"}],"curies":[{"name":"wp","href":"https:\/\/api.w.org\/{rel}","templated":true}]}}