{"id":182997,"date":"2026-01-28T12:05:34","date_gmt":"2026-01-28T11:05:34","guid":{"rendered":"https:\/\/pizbube.ch\/?post_type=product&#038;p=182997"},"modified":"2026-01-28T12:05:34","modified_gmt":"2026-01-28T11:05:34","slug":"clasicas-modernas-escalada-en-roca-en-el-macizo-central-de-los-picos-de-europa","status":"publish","type":"product","link":"https:\/\/pizbube.ch\/en\/shop\/clasicas-modernas-escalada-en-roca-en-el-macizo-central-de-los-picos-de-europa\/","title":{"rendered":"Cl\u00e1sicas modernas &#8211; Escalada en roca en el macizo central de los Picos de Europa"},"content":{"rendered":"<p>En Cl\u00e1sicas modernas se recogen principalmente las \u00faltimas v\u00edas de escalada libre abiertas en el Macizo Central de los Picos de Europa, aunque tambi\u00e9n se rese\u00f1an algunas cl\u00e1sicas con ese concepto de libre y de visi\u00f3n moderna para la \u00e9poca (a excepci\u00f3n de las v\u00edas del Picu Urriellu que est\u00e1n en el libro de Ediciones Cordillera Cant\u00e1brica Escalada libre en el Macizo Central de los Picos de Europa).<\/p>\n<p>Cl\u00e1sicas modernas es una gu\u00eda para las personas que les guste la escalada libre de aventura y en las zonas menos frecuentadas de los Picos de Europa.<\/p>\n<p>368 pag.,<br \/>\n1. edici\u00f3n 2024<\/p>","protected":false},"excerpt":{"rendered":"<p>En Cl\u00e1sicas modernas se recogen principalmente las \u00faltimas v\u00edas de escalada libre abiertas en el Macizo Central de los Picos de Europa, aunque tambi\u00e9n se rese\u00f1an algunas cl\u00e1sicas con ese concepto de libre y de visi\u00f3n moderna para la \u00e9poca (a excepci\u00f3n de las v\u00edas del Picu Urriellu que est\u00e1n en el libro de Ediciones [&#8230;]\n","protected":false},"featured_media":182998,"template":"","meta":[],"product_brand":[],"product_cat":[21539],"product_tag":[],"class_list":{"0":"post-182997","1":"product","2":"type-product","3":"status-publish","4":"has-post-thumbnail","6":"product_cat-fuehrerliteratur-sportklettern-bouldern","7":"pa_autor-eduardo-de-deus-noelia-garcia","8":"pa_erscheinungsjahr-27339","9":"pa_region-spanien","10":"pa_sprache-es","12":"first","13":"instock","14":"taxable","15":"shipping-taxable","16":"purchasable","17":"product-type-simple"},"_links":{"self":[{"href":"https:\/\/pizbube.ch\/en\/wp-json\/wp\/v2\/product\/182997","targetHints":{"allow":["GET"]}}],"collection":[{"href":"https:\/\/pizbube.ch\/en\/wp-json\/wp\/v2\/product"}],"about":[{"href":"https:\/\/pizbube.ch\/en\/wp-json\/wp\/v2\/types\/product"}],"wp:featuredmedia":[{"embeddable":true,"href":"https:\/\/pizbube.ch\/en\/wp-json\/wp\/v2\/media\/182998"}],"wp:attachment":[{"href":"https:\/\/pizbube.ch\/en\/wp-json\/wp\/v2\/media?parent=182997"}],"wp:term":[{"taxonomy":"product_brand","embeddable":true,"href":"https:\/\/pizbube.ch\/en\/wp-json\/wp\/v2\/product_brand?post=182997"},{"taxonomy":"product_cat","embeddable":true,"href":"https:\/\/pizbube.ch\/en\/wp-json\/wp\/v2\/product_cat?post=182997"},{"taxonomy":"product_tag","embeddable":true,"href":"https:\/\/pizbube.ch\/en\/wp-json\/wp\/v2\/product_tag?post=182997"}],"curies":[{"name":"wp","href":"https:\/\/api.w.org\/{rel}","templated":true}]}}