{"id":183002,"date":"2026-01-28T12:23:00","date_gmt":"2026-01-28T11:23:00","guid":{"rendered":"https:\/\/pizbube.ch\/?post_type=product&#038;p=183002"},"modified":"2026-01-28T12:23:00","modified_gmt":"2026-01-28T11:23:00","slug":"escaladas-en-alacant-seleccion-de-itinerarios","status":"publish","type":"product","link":"https:\/\/pizbube.ch\/en\/shop\/escaladas-en-alacant-seleccion-de-itinerarios\/","title":{"rendered":"Escaladas en Alacant &#8211; Selecci\u00f3n de itinerarios"},"content":{"rendered":"<div id=\"resumen\" class=\"p-2 p-md-3 tab-pane fade show active\" role=\"tabpanel\" aria-labelledby=\"resumen-tab\">\n<p>260 p\u00e1ginas en un formato mayor al habitual en las gu\u00edas de Luis Alfonso y con tapa dura.<\/p>\n<p>Aparecen rese\u00f1adas una selecci\u00f3n de 145 rutas cl\u00e1sicas repartidas a lo largo y ancho de toda la geograf\u00eda alicantina.La obra id\u00f3nea para que conozcas todos los lugares donde escalar largos y m\u00e1s largos de roca excelente y, a partir de aqu\u00ed, ampliar tus propias aventuras.<\/p>\n<p>Al margen de las rese\u00f1as y fotograf\u00edas, toda una serie de textos, nos har\u00e1n comprender mejor la filosof\u00eda, historia y algunos de los escaladores m\u00e1s influyentes de la provincia.<\/p>\n<\/div>\n<p>17 x 24 cm; 260 p\u00e1ginas<br \/>\n1 ed. 2025<\/p>","protected":false},"excerpt":{"rendered":"<p>260 p\u00e1ginas en un formato mayor al habitual en las gu\u00edas de Luis Alfonso y con tapa dura. Aparecen rese\u00f1adas una selecci\u00f3n de 145 rutas cl\u00e1sicas repartidas a lo largo y ancho de toda la geograf\u00eda alicantina.La obra id\u00f3nea para que conozcas todos los lugares donde escalar largos y m\u00e1s largos de roca excelente y, [&#8230;]\n","protected":false},"featured_media":183003,"template":"","meta":[],"product_brand":[],"product_cat":[21539],"product_tag":[],"class_list":{"0":"post-183002","1":"product","2":"type-product","3":"status-publish","4":"has-post-thumbnail","6":"product_cat-fuehrerliteratur-sportklettern-bouldern","7":"pa_autor-alfonso","8":"pa_erscheinungsjahr-27415","9":"pa_region-spanien","10":"pa_sprache-espagnol","12":"first","13":"instock","14":"taxable","15":"shipping-taxable","16":"purchasable","17":"product-type-simple"},"_links":{"self":[{"href":"https:\/\/pizbube.ch\/en\/wp-json\/wp\/v2\/product\/183002","targetHints":{"allow":["GET"]}}],"collection":[{"href":"https:\/\/pizbube.ch\/en\/wp-json\/wp\/v2\/product"}],"about":[{"href":"https:\/\/pizbube.ch\/en\/wp-json\/wp\/v2\/types\/product"}],"wp:featuredmedia":[{"embeddable":true,"href":"https:\/\/pizbube.ch\/en\/wp-json\/wp\/v2\/media\/183003"}],"wp:attachment":[{"href":"https:\/\/pizbube.ch\/en\/wp-json\/wp\/v2\/media?parent=183002"}],"wp:term":[{"taxonomy":"product_brand","embeddable":true,"href":"https:\/\/pizbube.ch\/en\/wp-json\/wp\/v2\/product_brand?post=183002"},{"taxonomy":"product_cat","embeddable":true,"href":"https:\/\/pizbube.ch\/en\/wp-json\/wp\/v2\/product_cat?post=183002"},{"taxonomy":"product_tag","embeddable":true,"href":"https:\/\/pizbube.ch\/en\/wp-json\/wp\/v2\/product_tag?post=183002"}],"curies":[{"name":"wp","href":"https:\/\/api.w.org\/{rel}","templated":true}]}}