{"id":183028,"date":"2026-01-30T11:24:56","date_gmt":"2026-01-30T10:24:56","guid":{"rendered":"https:\/\/pizbube.ch\/?post_type=product&#038;p=183028"},"modified":"2026-01-30T11:28:17","modified_gmt":"2026-01-30T10:28:17","slug":"steine-ganz-schoen-genial","status":"publish","type":"product","link":"https:\/\/pizbube.ch\/en\/shop\/steine-ganz-schoen-genial\/","title":{"rendered":"Steine! &#8211; Ganz sch\u00f6n genial"},"content":{"rendered":"<p><span class=\"value\">Woher kommen Findlinge? M\u00fcssen sich Schwarze Raucher an Rauchverbote halten? Woher hat der Augengneis seinen Namen und wie gef\u00e4hrlich ist Sonnenbrennerbasalt? Was hat Leberk\u00e4se mit Meteoriten gemeinsam und warum k\u00f6nnen manche Steine schwimmen? <\/span><\/p>\n<p><span class=\"value\">Steine verraten uns Erstaunliches \u00fcber unsere Erde und uns Menschen. Ja, ohne Steine g\u00e4be es die Erde, wie wir sie kennen, nicht! Die Welt der Steine ist voller Geheimnisse, unglaublicher Entdeckungen und \u00fcberraschender Fakten. <\/span><\/p>\n<p><span class=\"value\">29 Geschichten \u00fcber 29 faszinierende Steine &#8211; so anschaulich, witzig und spannend in Wort und Bild erz\u00e4hlt, dass man garantiert keinen Stein am Wegesrand mehr links liegen l\u00e4sst.<\/span><\/p>\n<p>Fester Einband, 120 Seiten;<br \/>\n<span class=\"value\">durchgehend farbig, Breite 185 mm, H\u00f6he 240 mm<\/span><br \/>\n1. Auflage 2026<\/p>","protected":false},"excerpt":{"rendered":"<p>Woher kommen Findlinge? M\u00fcssen sich Schwarze Raucher an Rauchverbote halten? Woher hat der Augengneis seinen Namen und wie gef\u00e4hrlich ist Sonnenbrennerbasalt? Was hat Leberk\u00e4se mit Meteoriten gemeinsam und warum k\u00f6nnen manche Steine schwimmen? Steine verraten uns Erstaunliches \u00fcber unsere Erde und uns Menschen. Ja, ohne Steine g\u00e4be es die Erde, wie wir sie kennen, nicht! [&#8230;]\n","protected":false},"featured_media":183030,"template":"","meta":[],"product_brand":[],"product_cat":[21881,21542],"product_tag":[26864,26863],"class_list":{"0":"post-183028","1":"product","2":"type-product","3":"status-publish","4":"has-post-thumbnail","6":"product_cat-comics","7":"product_cat-sachbuecher-dokumentationen","8":"product_tag-kinderbuch","9":"product_tag-kinderbuecher","10":"pa_autor-quitterer-stepha-seybold-lina-wolfsgruber-linda-illustrationen","11":"pa_erscheinungsjahr-27654","12":"pa_region-fauna-flora-geologie-glaziologie","13":"pa_sprache-de","15":"first","16":"instock","17":"taxable","18":"shipping-taxable","19":"purchasable","20":"product-type-simple"},"_links":{"self":[{"href":"https:\/\/pizbube.ch\/en\/wp-json\/wp\/v2\/product\/183028","targetHints":{"allow":["GET"]}}],"collection":[{"href":"https:\/\/pizbube.ch\/en\/wp-json\/wp\/v2\/product"}],"about":[{"href":"https:\/\/pizbube.ch\/en\/wp-json\/wp\/v2\/types\/product"}],"wp:featuredmedia":[{"embeddable":true,"href":"https:\/\/pizbube.ch\/en\/wp-json\/wp\/v2\/media\/183030"}],"wp:attachment":[{"href":"https:\/\/pizbube.ch\/en\/wp-json\/wp\/v2\/media?parent=183028"}],"wp:term":[{"taxonomy":"product_brand","embeddable":true,"href":"https:\/\/pizbube.ch\/en\/wp-json\/wp\/v2\/product_brand?post=183028"},{"taxonomy":"product_cat","embeddable":true,"href":"https:\/\/pizbube.ch\/en\/wp-json\/wp\/v2\/product_cat?post=183028"},{"taxonomy":"product_tag","embeddable":true,"href":"https:\/\/pizbube.ch\/en\/wp-json\/wp\/v2\/product_tag?post=183028"}],"curies":[{"name":"wp","href":"https:\/\/api.w.org\/{rel}","templated":true}]}}