{"id":183067,"date":"2026-02-06T09:48:21","date_gmt":"2026-02-06T08:48:21","guid":{"rendered":"https:\/\/pizbube.ch\/?post_type=product&#038;p=183067"},"modified":"2026-02-06T15:08:12","modified_gmt":"2026-02-06T14:08:12","slug":"ski-de-randonnee-du-mont-blanc-au-leman-tome-2-75-ski-touring-routes-aravis-bornes-chablais-haut-giffre-vol-2","status":"publish","type":"product","link":"https:\/\/pizbube.ch\/en\/shop\/ski-de-randonnee-du-mont-blanc-au-leman-tome-2-75-ski-touring-routes-aravis-bornes-chablais-haut-giffre-vol-2\/","title":{"rendered":"Ski de randonn\u00e9e du Mont-Blanc au L\u00e9man, tome 2 \/ 75 Ski Touring Routes ARAVIS, BORNES, CHABLAIS, HAUT GIFFRE vol. 2"},"content":{"rendered":"<p>Apr\u00e8s le topo <a href=\"https:\/\/pizbube.ch\/en\/shop\/ski-de-randonnee-autour-du-mont-blanc-ski-touring-around-mont-blanc-75-ski-tours\/\" target=\"_blank\" rel=\"noopener\">Ski de Randonn\u00e9e autour du Mont-Blanc (tome 1)<\/a>, son auteur, Fran\u00e7ois Matet, propose un second tome qui couvre les quatre massifs<br \/>\nARAVIS, BORNES, CHABLAIS et principaux massifs de Haute-Savoie : HAUT GIFFRE.<br \/>\nUn ouvrage attendu qui pr\u00e9sente une s\u00e9lection de 75 itin\u00e9raires entre accessibilit\u00e9 et grands espaces sauvages.<\/p>\n<p>Pour r\u00e9pondre \u00e0 cet engouement, ce second tome de la collection Ski de randonn\u00e9e est con\u00e7u pour s\u2019adresser au plus grand nombre.<br \/>\nIl propose une s\u00e9lection rigoureuse de parcours r\u00e9partis par niveaux :<br \/>\nd\u00e9couverte, interm\u00e9diaire et confirm\u00e9. en portant un soin particulier \u00e0 l\u2019\u00e9quilibre d\u2019itin\u00e9raires r\u00e9parti en trois niveaux : d\u00e9couverte, interm\u00e9diaire et confirm\u00e9<br \/>\nDe l\u2019initiation en douceur sur des pentes accueillantes \u00e0 la progression sur des itin\u00e9raires plus techniques, chaque sortie a \u00e9t\u00e9 choisie pour son caract\u00e8re esth\u00e9tique et le plaisir d\u2019\u00e9voluer au coeur d\u2019une montagne pr\u00e9serv\u00e9e, loin de l\u2019agitation des stations.<\/p>\n<p>Ce topo-guide explore quatre massifs incontournables de Haute-Savoie<br \/>\nsitu\u00e9s de part et d\u2019autre de la vall\u00e9e de l\u2019Arve.<\/p>\n<p>Au Sud de l\u2019Arve, entre la vall\u00e9e de l\u2019Arve et le lac d\u2019Annecy :<br \/>\n\u2013 Les Aravis : La partie Est, centr\u00e9e sur sa c\u00e9l\u00e8bre cha\u00eene calcaire entre Sallanches et Le Grand-Bornand.<br \/>\n\u2013 Les Bornes : Un massif plus compact \u00e0 l\u2019Ouest des Aravis, bord\u00e9 par le plateau du Genevois et Annecy.<\/p>\n<p>Au Nord de l\u2019Arve, entre le lac L\u00e9man et la vall\u00e9e de l\u2019Arve :<br \/>\n\u2013 Le Chablais : Le massif le plus vaste (\u00e0 cheval sur la Suisse). L\u2019acc\u00e8s se fait par de multiples vall\u00e9es : vall\u00e9e Verte (Ouest), vall\u00e9e de l\u2019Arve (Sud), et les vall\u00e9es d\u2019Aulps et d\u2019Abondance (Centre).<br \/>\n\u2013 Le Haut Giffre : \u00c0 l\u2019extr\u00e9mit\u00e9 Est du Chablais, accessible depuis Morzine, Samo\u00ebns ou les stations au-dessus de l\u2019Arve (Flaine).<\/p>\n<p>Avec ce tome 2, l&#8217;entier du massif du Mont-Blanc est ainsi couvert. Il offre ainsi un tr\u00e8s grand nombre d&#8217;id\u00e9es de sorties dans les massifs environnants proches de la Romandie.<\/p>\n<p>De quoi pouvoir \u00e9chafauder de beaux r\u00eaves de sorties, et mieux encore, de les r\u00e9aliser!<\/p>\n<p>bilingue fran\u00e7ais \/ anglais, 288 pages<br \/>\n175 mm x 125 mm<br \/>\n1i\u00e8re \u00e9dition 2026<\/p>\n<p>&nbsp;<\/p>\n<p>This new ski touring guide describes a carefully selected collection of routes to suit all abilities situated on either side of the Arve Valley, a stones-throw away from the hugely popular town of Chamonix.<\/p>\n<p>The guide covers four distict areas: The Aravis, The Bornes, Ther Chablais and The Haut Giffre. The routes included here range from gentle introductions on easilly accessible slopes to routes tackling more tecnical terrain &#8211; the guidebook is in French and English throughout&#8230;<\/p>","protected":false},"excerpt":{"rendered":"<p>Apr\u00e8s le topo Ski de Randonn\u00e9e autour du Mont-Blanc (tome 1), son auteur, Fran\u00e7ois Matet, propose un second tome qui couvre les quatre massifs ARAVIS, BORNES, CHABLAIS et principaux massifs de Haute-Savoie : HAUT GIFFRE. Un ouvrage attendu qui pr\u00e9sente une s\u00e9lection de 75 itin\u00e9raires entre accessibilit\u00e9 et grands espaces sauvages. Pour r\u00e9pondre \u00e0 cet [&#8230;]\n","protected":false},"featured_media":183068,"template":"","meta":[],"product_brand":[],"product_cat":[21540],"product_tag":[],"class_list":{"0":"post-183067","1":"product","2":"type-product","3":"status-publish","4":"has-post-thumbnail","6":"product_cat-fuehrerliteratur-alpin-winter","7":"pa_autor-matet","8":"pa_erscheinungsjahr-27654","9":"pa_region-frankreich","10":"pa_sprache-fr-en","12":"first","13":"instock","14":"taxable","15":"shipping-taxable","16":"purchasable","17":"product-type-simple"},"_links":{"self":[{"href":"https:\/\/pizbube.ch\/en\/wp-json\/wp\/v2\/product\/183067","targetHints":{"allow":["GET"]}}],"collection":[{"href":"https:\/\/pizbube.ch\/en\/wp-json\/wp\/v2\/product"}],"about":[{"href":"https:\/\/pizbube.ch\/en\/wp-json\/wp\/v2\/types\/product"}],"wp:featuredmedia":[{"embeddable":true,"href":"https:\/\/pizbube.ch\/en\/wp-json\/wp\/v2\/media\/183068"}],"wp:attachment":[{"href":"https:\/\/pizbube.ch\/en\/wp-json\/wp\/v2\/media?parent=183067"}],"wp:term":[{"taxonomy":"product_brand","embeddable":true,"href":"https:\/\/pizbube.ch\/en\/wp-json\/wp\/v2\/product_brand?post=183067"},{"taxonomy":"product_cat","embeddable":true,"href":"https:\/\/pizbube.ch\/en\/wp-json\/wp\/v2\/product_cat?post=183067"},{"taxonomy":"product_tag","embeddable":true,"href":"https:\/\/pizbube.ch\/en\/wp-json\/wp\/v2\/product_tag?post=183067"}],"curies":[{"name":"wp","href":"https:\/\/api.w.org\/{rel}","templated":true}]}}