{"id":183170,"date":"2026-02-13T12:12:26","date_gmt":"2026-02-13T11:12:26","guid":{"rendered":"https:\/\/pizbube.ch\/?post_type=product&#038;p=183170"},"modified":"2026-03-18T14:18:53","modified_gmt":"2026-03-18T13:18:53","slug":"handbuch-alpinklettern","status":"publish","type":"product","link":"https:\/\/pizbube.ch\/en\/shop\/handbuch-alpinklettern\/","title":{"rendered":"Handbuch Alpinklettern"},"content":{"rendered":"<p><span class=\"x1lliihq x1plvlek xryxfnj x1n2onr6 xyejjpt x15dsfln x193iq5w xeuugli x1fj9vlw x13faqbe x1vvkbs x1s928wv xhkezso x1gmr53x x1cpjm7i x1fgarty x1943h6x x1i0vuye xvs91rp xo1l8bm x5n08af x10wh9bi xpm28yp x8viiok x1o7cslx\" dir=\"auto\"><span class=\"x193iq5w xeuugli x13faqbe x1vvkbs xt0psk2 x1i0vuye xvs91rp xo1l8bm x5n08af x10wh9bi xpm28yp x8viiok x1o7cslx x126k92a\">Das Lehrbuch zum Thema Alpinklettern veranschaulicht auf 424 Seiten \u00fcber 600 Illustrationen und detaillierten Textbeschreibungen.<br \/>\nStandardwerk f\u00fcr passionierte Alpinkletterer, Bergf\u00fchrer und alle, die ihre Kenntnisse in Seil- und Sicherungstechnik auf den neuesten Stand bringen wollen.<\/span><\/span><\/p>\n<p><span class=\"x1lliihq x1plvlek xryxfnj x1n2onr6 xyejjpt x15dsfln x193iq5w xeuugli x1fj9vlw x13faqbe x1vvkbs x1s928wv xhkezso x1gmr53x x1cpjm7i x1fgarty x1943h6x x1i0vuye xvs91rp xo1l8bm x5n08af x10wh9bi xpm28yp x8viiok x1o7cslx\" dir=\"auto\"><span class=\"x193iq5w xeuugli x13faqbe x1vvkbs xt0psk2 x1i0vuye xvs91rp xo1l8bm x5n08af x10wh9bi xpm28yp x8viiok x1o7cslx x126k92a\">Das Handbuch Alpinklettern von J\u00fcrgen Reinm\u00fcller veranschaulicht in \u00fcbersichtlichen Illustrationen den Stand der aktuellen Lehrmeinung f\u00fcr die sichere und komfortable Begehung von Mehrseill\u00e4ngenrouten in alpinem Gel\u00e4nde. \u00dcber 600 detailgetreue und \u00fcbersichtliche Illustrationen sorgen f\u00fcr kompakte Wissensvermittlung und veranschaulichen die wichtigsten Seiltechniken beim alpinen Klettern, erg\u00e4nzt durch fundierte Hintergr\u00fcnde zur Sicherungstheorie, Ausr\u00fcstungsmanagement und Rettungstechniken. Der Autor behandelt praxisnah und mit gro\u00dfem Fachwissen kritische Gefahrenquellen sowie die wichtigsten Aspekte der Ausr\u00fcstungswahl und -pflege und macht das Handbuch damit zu einem idealen Begleiter f\u00fcr alle, die in alpinem Gel\u00e4nde so sicher und reibungslos wie m\u00f6glich klettern m\u00f6chten.<\/span><\/span><\/p>\n<p>In neun Kapiteln vermittelt das &#171;Handbuch Alpinklettern&#187; fundiertes Fachwissen aus Profi-Sicht \u2013 zur Theorie, vor allem aber zur praktischen Anwendung im Mehrseill\u00e4ngenklettern:<\/p>\n<p>01 Einstieg<br \/>\n02 Ausr\u00fcstungsmanagement<br \/>\n03 Knotenkunde<br \/>\n04 Sicherungstheorie<br \/>\n05 Sicherungstechnik<br \/>\n06 Abseiltechnik<br \/>\n07 Rettungstechnik<br \/>\n08 Spezielle Techniken<br \/>\n09 Trittschulung<\/p>\n<p>J\u00fcrgen Reinm\u00fcller ist Berg- und Skif\u00fchrer und Ausbilder im \u00d6sterreichischen Bergf\u00fchrerverband.<\/p>","protected":false},"excerpt":{"rendered":"<p>Das Lehrbuch zum Thema Alpinklettern veranschaulicht auf 424 Seiten \u00fcber 600 Illustrationen und detaillierten Textbeschreibungen. Standardwerk f\u00fcr passionierte Alpinkletterer, Bergf\u00fchrer und alle, die ihre Kenntnisse in Seil- und Sicherungstechnik auf den neuesten Stand bringen wollen. Das Handbuch Alpinklettern von J\u00fcrgen Reinm\u00fcller veranschaulicht in \u00fcbersichtlichen Illustrationen den Stand der aktuellen Lehrmeinung f\u00fcr die sichere und komfortable [&#8230;]\n","protected":false},"featured_media":183171,"template":"","meta":[],"product_brand":[],"product_cat":[21538],"product_tag":[],"class_list":{"0":"post-183170","1":"product","2":"type-product","3":"status-publish","4":"has-post-thumbnail","6":"product_cat-lehrbuecher","7":"pa_autor-reinmueller","8":"pa_erscheinungsjahr-27654","9":"pa_region-alpin-sommer","10":"pa_region-klettertechnik","11":"pa_region-orientierung-wetter-ausbildung","12":"pa_sprache-de","14":"first","15":"instock","16":"taxable","17":"shipping-taxable","18":"purchasable","19":"product-type-simple"},"_links":{"self":[{"href":"https:\/\/pizbube.ch\/en\/wp-json\/wp\/v2\/product\/183170","targetHints":{"allow":["GET"]}}],"collection":[{"href":"https:\/\/pizbube.ch\/en\/wp-json\/wp\/v2\/product"}],"about":[{"href":"https:\/\/pizbube.ch\/en\/wp-json\/wp\/v2\/types\/product"}],"wp:featuredmedia":[{"embeddable":true,"href":"https:\/\/pizbube.ch\/en\/wp-json\/wp\/v2\/media\/183171"}],"wp:attachment":[{"href":"https:\/\/pizbube.ch\/en\/wp-json\/wp\/v2\/media?parent=183170"}],"wp:term":[{"taxonomy":"product_brand","embeddable":true,"href":"https:\/\/pizbube.ch\/en\/wp-json\/wp\/v2\/product_brand?post=183170"},{"taxonomy":"product_cat","embeddable":true,"href":"https:\/\/pizbube.ch\/en\/wp-json\/wp\/v2\/product_cat?post=183170"},{"taxonomy":"product_tag","embeddable":true,"href":"https:\/\/pizbube.ch\/en\/wp-json\/wp\/v2\/product_tag?post=183170"}],"curies":[{"name":"wp","href":"https:\/\/api.w.org\/{rel}","templated":true}]}}