{"id":183382,"date":"2026-03-10T14:30:17","date_gmt":"2026-03-10T13:30:17","guid":{"rendered":"https:\/\/pizbube.ch\/?post_type=product&#038;p=183382"},"modified":"2026-03-10T14:30:18","modified_gmt":"2026-03-10T13:30:18","slug":"bouldertopo-rifugio-barbara-bloc-valle-carbonieri-rifugio-barbara","status":"publish","type":"product","link":"https:\/\/pizbube.ch\/en\/shop\/bouldertopo-rifugio-barbara-bloc-valle-carbonieri-rifugio-barbara\/","title":{"rendered":"Bouldertopo Rifugio Barbara &#8211; Bloc Valle Carbonieri &#8211; Rifugio Barbara"},"content":{"rendered":"<p>Hier wurde schon vor rund 20 Jahren italienische Bouldergeschichte geschrieben: Christian Core begeht 2006 &#171;Kimera&#187; (Fb 8c). Seit Herbst 2025 gibt es nun hier den weltweit ersten Boulder im Schwierigkeitsgrad Fb 9a+: &#171;Exodia&#187; von Elias Iagnemma!<\/p>\n<p>Einmalige Dichte an harten Boulderproblemen: von den rund 290 Bouldern sind \u00fcber 30 im Schwierigkeitsgrad Fb 8a bis Fb 9a+ angesiedelt! Aber selbstverst\u00e4ndlich kommt auch der Genuss nicht zu kurz, von ganz einfachen Bouldern auch f\u00fcr Kinder bis in die h\u00f6chsten Grade ist alles geboten. Das Serpentinit Gestein bietet mit seinen r\u00f6tlichen, ockerfarbenen, gr\u00fcnlichen und schwarzen Mustern einen wahren Augenschmaus und das faszinierende Hochgebirgspanorama tut sein \u00dcbriges, um den Besuch des Gebietes zu einem unvergesslichen Erlebnis zu machen.<\/p>\n<ul>\n<li>44 Seiten komplett in Farbe<\/li>\n<li>290 Boulderprobleme<\/li>\n<li>\u00dcbersichtstopos aus der Vogelperspektive<\/li>\n<li>Foto-Topos der Bl\u00f6cke<\/li>\n<li>Farbiger Boulderverlauf je nach Schwierigkeit<\/li>\n<li>Tipps f\u00fcr die lohnendsten Probleme<\/li>\n<li>Mit zahlreichen Action- und Landschaftsbildern<\/li>\n<\/ul>\n<p><span class=\"txt_e\">Here already 20 years ago bouldering history was made: Christian Core does the 1<sup>st<\/sup> ascent of &#171;Kimera&#187; (Fb 8c). Since autumn 2025 the area is home of the world&#8217;s first bouldering problem in the grade Fb 9a+: &#171;Exodia&#187; by Elias Iagnemma!<\/span><\/p>\n<p><span class=\"txt_e\">Unique concentration of hard boulder problems: More than 30 of the 290 problems are in a range of difficulty from Fb 8a to Fb 9a+! But also fun bouldering does not come up short, from very easy problems also for children up to the hardest grades everything can be found. The rock is Serpentinite and is a real feast for the eyes with its reddish, ocre-coloured, green and black patterns and the fascinating high mountain vista does one more thing to make the visit of the area to an unforgettable adventure.<\/span><\/p>\n<ul>\n<li><span class=\"txt_e\">44 pages completely in colour<\/span><\/li>\n<li><span class=\"txt_e\">290 problems<\/span><\/li>\n<li><span class=\"txt_e\">Overview topos from a bird&#8217;s eye view<\/span><\/li>\n<li><span class=\"txt_e\">Photo-topos of the boulders<\/span><\/li>\n<li><span class=\"txt_e\">Coloured course of the problems depending on the grade<\/span><\/li>\n<li><span class=\"txt_e\">Tips for the most worthwhile problems<\/span><\/li>\n<li><span class=\"txt_e\">With many action photos and pictures of the landscape<\/span><\/li>\n<\/ul>\n<p>1. Auflage \u2022 <span class=\"txt_e\">1<sup>st<\/sup> edition<\/span> \u00a002\/2026<\/p>\n<p><b>dreisprachig \u2022 <span class=\"txt_e\">trilingual<\/span><\/b><span style=\"color: gray\"><br \/>\n<\/span>deutsch \/ englisch \/italienisch<br \/>\n<span class=\"txt_e\">german \/ english \/ italian<\/span><\/p>","protected":false},"excerpt":{"rendered":"<p>Hier wurde schon vor rund 20 Jahren italienische Bouldergeschichte geschrieben: Christian Core begeht 2006 &#171;Kimera&#187; (Fb 8c). Seit Herbst 2025 gibt es nun hier den weltweit ersten Boulder im Schwierigkeitsgrad Fb 9a+: &#171;Exodia&#187; von Elias Iagnemma! Einmalige Dichte an harten Boulderproblemen: von den rund 290 Bouldern sind \u00fcber 30 im Schwierigkeitsgrad Fb 8a bis Fb [&#8230;]\n","protected":false},"featured_media":183383,"template":"","meta":[],"product_brand":[],"product_cat":[21539],"product_tag":[],"class_list":{"0":"post-183382","1":"product","2":"type-product","3":"status-publish","4":"has-post-thumbnail","6":"product_cat-fuehrerliteratur-sportklettern-bouldern","7":"pa_autor-ulrich-harald-roeker","8":"pa_erscheinungsjahr-27654","9":"pa_region-italien","10":"pa_sprache-de-en-it","12":"first","13":"instock","14":"taxable","15":"shipping-taxable","16":"purchasable","17":"product-type-simple"},"_links":{"self":[{"href":"https:\/\/pizbube.ch\/en\/wp-json\/wp\/v2\/product\/183382","targetHints":{"allow":["GET"]}}],"collection":[{"href":"https:\/\/pizbube.ch\/en\/wp-json\/wp\/v2\/product"}],"about":[{"href":"https:\/\/pizbube.ch\/en\/wp-json\/wp\/v2\/types\/product"}],"wp:featuredmedia":[{"embeddable":true,"href":"https:\/\/pizbube.ch\/en\/wp-json\/wp\/v2\/media\/183383"}],"wp:attachment":[{"href":"https:\/\/pizbube.ch\/en\/wp-json\/wp\/v2\/media?parent=183382"}],"wp:term":[{"taxonomy":"product_brand","embeddable":true,"href":"https:\/\/pizbube.ch\/en\/wp-json\/wp\/v2\/product_brand?post=183382"},{"taxonomy":"product_cat","embeddable":true,"href":"https:\/\/pizbube.ch\/en\/wp-json\/wp\/v2\/product_cat?post=183382"},{"taxonomy":"product_tag","embeddable":true,"href":"https:\/\/pizbube.ch\/en\/wp-json\/wp\/v2\/product_tag?post=183382"}],"curies":[{"name":"wp","href":"https:\/\/api.w.org\/{rel}","templated":true}]}}