{"id":183392,"date":"2026-03-11T08:55:52","date_gmt":"2026-03-11T07:55:52","guid":{"rendered":"https:\/\/pizbube.ch\/?post_type=product&#038;p=183392"},"modified":"2026-03-11T12:24:20","modified_gmt":"2026-03-11T11:24:20","slug":"lidernen-bergheimat-und-sehnsuchtsort","status":"publish","type":"product","link":"https:\/\/pizbube.ch\/en\/shop\/lidernen-bergheimat-und-sehnsuchtsort\/","title":{"rendered":"Lidernen &#8211; Bergheimat und Sehnsuchtsort"},"content":{"rendered":"<p>Die Lidernen ist Lebensraum, Bergheimat und Sehnsuchtsort vieler spannender Pers\u00f6nlichkeiten. Der Mann der Tat Franz Steinegger, der Urner Bergmensch Toni Fullin, die \u00c4lplerin Monika Gisler, die Wildh\u00fcter Pius Reichlin und Matthias Arnold und nat\u00fcrlich das H\u00fcttenwartspaar Eliane Schiess und Christian Affolter \u2013 ihnen allen widmet Xaver B\u00fceler ein einf\u00fchlsames Portr\u00e4t. Mit Emil Zopfi, Raimund Rodewald und Christian Dischl kommen auch brillante Gastautoren zu Wort. Ihre Betrachtungen zum Pionier des Schweizer Extremkletterns Franz Anderr\u00fcthi, der Siedlungsgeschichte des Riemenstaldner Tals sowie den Wildtieren bescheren der Lidernen-Monografie eine ausserordentliche Themenvielfalt.<\/p>\n<p>Im Handumdrehen bringt die Luftseilbahn Ch\u00e4ppeliberg \u2013 Spilau Besuchende vom Riemenstaldner Tal auf die Lidernen. Die in wenigen Wanderminuten erreichbare Lidernenh\u00fctte SAC ist ein beliebtes Ausflugsziel und Ausgangspunkt f\u00fcr eine unglaubliche F\u00fclle an Bergsportaktivit\u00e4ten: Wandern, Klettern, Skitouren, Winterbergsteigen, Mountainbike, Hike &amp; Fly, Trailrunning, SUP-Foiling, alpines Schwimmen \u2013 Der Autor Xaver B\u00fceler betreibt sie (fast) alle. Die besten und \u00fcberraschendsten Tourenvorschl\u00e4ge sommers wie winters hat er in diesem Werk bildgewaltig festgehalten. In den detaillierten Texten inklusive Angaben zu Streckenl\u00e4nge, H\u00f6henmeter, Zeitbedarf und Schwierigkeit spielt der Autor seine Gebietskenntnis voll aus.<\/p>\n<p>1. Auflage 2026,<br \/>\n320 Seiten, 262 Abbildungen, grossformatige Bilder,<br \/>\nFlexcover, 21,5 x 25,5 cm<\/p>","protected":false},"excerpt":{"rendered":"<p>Die Lidernen ist Lebensraum, Bergheimat und Sehnsuchtsort vieler spannender Pers\u00f6nlichkeiten. Der Mann der Tat Franz Steinegger, der Urner Bergmensch Toni Fullin, die \u00c4lplerin Monika Gisler, die Wildh\u00fcter Pius Reichlin und Matthias Arnold und nat\u00fcrlich das H\u00fcttenwartspaar Eliane Schiess und Christian Affolter \u2013 ihnen allen widmet Xaver B\u00fceler ein einf\u00fchlsames Portr\u00e4t. Mit Emil Zopfi, Raimund Rodewald [&#8230;]\n","protected":false},"featured_media":183393,"template":"","meta":[],"product_brand":[],"product_cat":[21542],"product_tag":[],"class_list":{"0":"post-183392","1":"product","2":"type-product","3":"status-publish","4":"has-post-thumbnail","6":"product_cat-sachbuecher-dokumentationen","7":"pa_autor-bueeler","8":"pa_erscheinungsjahr-27654","9":"pa_region-schweiz","10":"pa_sprache-de","12":"first","13":"instock","14":"taxable","15":"shipping-taxable","16":"purchasable","17":"product-type-simple"},"_links":{"self":[{"href":"https:\/\/pizbube.ch\/en\/wp-json\/wp\/v2\/product\/183392","targetHints":{"allow":["GET"]}}],"collection":[{"href":"https:\/\/pizbube.ch\/en\/wp-json\/wp\/v2\/product"}],"about":[{"href":"https:\/\/pizbube.ch\/en\/wp-json\/wp\/v2\/types\/product"}],"wp:featuredmedia":[{"embeddable":true,"href":"https:\/\/pizbube.ch\/en\/wp-json\/wp\/v2\/media\/183393"}],"wp:attachment":[{"href":"https:\/\/pizbube.ch\/en\/wp-json\/wp\/v2\/media?parent=183392"}],"wp:term":[{"taxonomy":"product_brand","embeddable":true,"href":"https:\/\/pizbube.ch\/en\/wp-json\/wp\/v2\/product_brand?post=183392"},{"taxonomy":"product_cat","embeddable":true,"href":"https:\/\/pizbube.ch\/en\/wp-json\/wp\/v2\/product_cat?post=183392"},{"taxonomy":"product_tag","embeddable":true,"href":"https:\/\/pizbube.ch\/en\/wp-json\/wp\/v2\/product_tag?post=183392"}],"curies":[{"name":"wp","href":"https:\/\/api.w.org\/{rel}","templated":true}]}}