{"id":183400,"date":"2026-03-11T09:34:38","date_gmt":"2026-03-11T08:34:38","guid":{"rendered":"https:\/\/pizbube.ch\/?post_type=product&#038;p=183400"},"modified":"2026-03-11T09:38:31","modified_gmt":"2026-03-11T08:38:31","slug":"gesteine-das-quartett-spiel-mit-32-gesteinsarten","status":"publish","type":"product","link":"https:\/\/pizbube.ch\/en\/shop\/gesteine-das-quartett-spiel-mit-32-gesteinsarten\/","title":{"rendered":"Gesteine &#8211; das Quartett-Spiel mit 32 Gesteinsarten"},"content":{"rendered":"<div class=\"offcanvas-header\"><\/div>\n<div class=\"offcanvas-body\">\n<div class=\"product-detail-description tab-pane-container\">\n<div class=\"product-detail-description-text\">\n<p>Mit diesem Quartett lernen die Spielenden 32 Gesteinsartenarten aus den Alpen und dem Jura kennen und k\u00f6nnen diese in einem unterhaltsamen, kinderleichten Wettstreit miteinander vergleichen. Ein tolles Geschenk f\u00fcr Natur- und Bergfans und ein kurzweiliges Spiel f\u00fcr die Pausen auf Familienwanderungen, Gebirgs-Exkursionen oder f\u00fcr den H\u00fcttenabend.<\/p>\n<p>32 Quartett-Karten in Schuber<br \/>\n1 Spielanleitung<br \/>\nF\u00fcr 2 bis 6 Spieler:innen<\/p>\n<\/div>\n<div class=\"product-detail-description-text\">\n<p>1. Auflage 2026<br \/>\nQuartettspiel, 6,5 x 10 cm, 95 g<\/p>\n<\/div>\n<\/div>\n<\/div>","protected":false},"excerpt":{"rendered":"<p>Mit diesem Quartett lernen die Spielenden 32 Gesteinsartenarten aus den Alpen und dem Jura kennen und k\u00f6nnen diese in einem unterhaltsamen, kinderleichten Wettstreit miteinander vergleichen. Ein tolles Geschenk f\u00fcr Natur- und Bergfans und ein kurzweiliges Spiel f\u00fcr die Pausen auf Familienwanderungen, Gebirgs-Exkursionen oder f\u00fcr den H\u00fcttenabend. 32 Quartett-Karten in Schuber 1 Spielanleitung F\u00fcr 2 bis [&#8230;]\n","protected":false},"featured_media":183401,"template":"","meta":[],"product_brand":[],"product_cat":[21836,21538,21542],"product_tag":[],"class_list":{"0":"post-183400","1":"product","2":"type-product","3":"status-publish","4":"has-post-thumbnail","6":"product_cat-geschenkideen","7":"product_cat-lehrbuecher","8":"product_cat-sachbuecher-dokumentationen","9":"pa_autor-meyer","10":"pa_erscheinungsjahr-27654","11":"pa_region-fauna-flora-geologie-glaziologie","12":"pa_region-schweiz","13":"pa_sprache-de","15":"first","16":"instock","17":"taxable","18":"shipping-taxable","19":"purchasable","20":"product-type-simple"},"_links":{"self":[{"href":"https:\/\/pizbube.ch\/en\/wp-json\/wp\/v2\/product\/183400","targetHints":{"allow":["GET"]}}],"collection":[{"href":"https:\/\/pizbube.ch\/en\/wp-json\/wp\/v2\/product"}],"about":[{"href":"https:\/\/pizbube.ch\/en\/wp-json\/wp\/v2\/types\/product"}],"wp:featuredmedia":[{"embeddable":true,"href":"https:\/\/pizbube.ch\/en\/wp-json\/wp\/v2\/media\/183401"}],"wp:attachment":[{"href":"https:\/\/pizbube.ch\/en\/wp-json\/wp\/v2\/media?parent=183400"}],"wp:term":[{"taxonomy":"product_brand","embeddable":true,"href":"https:\/\/pizbube.ch\/en\/wp-json\/wp\/v2\/product_brand?post=183400"},{"taxonomy":"product_cat","embeddable":true,"href":"https:\/\/pizbube.ch\/en\/wp-json\/wp\/v2\/product_cat?post=183400"},{"taxonomy":"product_tag","embeddable":true,"href":"https:\/\/pizbube.ch\/en\/wp-json\/wp\/v2\/product_tag?post=183400"}],"curies":[{"name":"wp","href":"https:\/\/api.w.org\/{rel}","templated":true}]}}