{"id":183424,"date":"2026-03-13T10:01:21","date_gmt":"2026-03-13T09:01:21","guid":{"rendered":"https:\/\/pizbube.ch\/?post_type=product&#038;p=183424"},"modified":"2026-04-15T15:20:02","modified_gmt":"2026-04-15T13:20:02","slug":"portugal-klettern-und-bouldern-am-suedlichen-ende-europas","status":"publish","type":"product","link":"https:\/\/pizbube.ch\/en\/shop\/portugal-klettern-und-bouldern-am-suedlichen-ende-europas\/","title":{"rendered":"PORTUGAL &#8211; Klettern und Bouldern am s\u00fcdlichen Ende Europas"},"content":{"rendered":"<p>Die vorherige Ausgabe dieses Kletterf\u00fchrers hatte erstmals die meisten bis dahin \u201everborgenen\u201c Klettergebiete\u00a0Portugals ans Licht gebracht. In dieser zweiten, aktualisierten Ausgabe wird nun die Entwicklung in der vergangenen Dekade beschrieben. Im \u00e4u\u00dfersten Westen Europas bieten sich vielf\u00e4ltige Kletterm\u00f6glichkeiten an der\u00a0\u00fcber 830 km langen, wundersch\u00f6nen Atlantikk\u00fcste oder\u00a0im nur knapp 200 km breiten, reizvollen Landesinneren.<\/p>\n<p>Trotz einer Klettergeschichte, die bis in die sp\u00e4ten 1950er\u00a0Jahre zur\u00fcckreicht, waren die Routen in Portugal bislang\u00a0kaum bekannt und wurden meist nur von (gl\u00fccklichen!)\u00a0Locals und gelegentlichen Besuchenden genossen. Die\u00a0Routen stehen in ihrer Qualit\u00e4t aber keineswegs denjenigen in den benachbarten spanischen oder anderen\u00a0europ\u00e4ischen Klettergebieten nach. Trotz der geringen\u00a0Ausdehnung des Landes und seiner Lage am Rande Europas sind diese abwechslungsreichen, ruhigen und abgelegenen Gebiete ein wahres Juwel.<\/p>\n<p>Von den scheinbar unendlichen, chaotischen Blockfeldern, Felst\u00fcrmen oderw\u00e4nden aus Granit im Norden, \u00fcber die Felsen aus Kalk, Basalt und Quarzit im Landesinnern bis hin zu den ber\u00fchmten Boulderbl\u00f6cken bei Sintra\u00a0und den Meeresklippen bei Lissabon und weiter s\u00fcdlich&#8230;\u00a0in Portugal ist f\u00fcr alle etwas dabei, egal ob man auf der\u00a0Suche nach abenteuerlichem Trad-Climbing, Bouldern,\u00a0Deep Water Soloing oder schwierigen Sportkletterrouten ist. Es gibt also gen\u00fcgend Argumente, um f\u00fcr einen\u00a0kurzen Besuch oder l\u00e4ngeren Aufenthalt nach Portugal\u00a0zu reisen. Und nicht zuletzt sind Kultur und Gastronomie,\u00a0einfaches Reisen oder Wassersportm\u00f6glichkeiten Gr\u00fcnde\u00a0daf\u00fcr, dass das Land zu den sch\u00f6nsten Kletterzielen in\u00a0Europa gez\u00e4hlt werden muss.<\/p>\n<p>2. Auflage 2026<\/p>","protected":false},"excerpt":{"rendered":"<p>Die vorherige Ausgabe dieses Kletterf\u00fchrers hatte erstmals die meisten bis dahin \u201everborgenen\u201c Klettergebiete\u00a0Portugals ans Licht gebracht. In dieser zweiten, aktualisierten Ausgabe wird nun die Entwicklung in der vergangenen Dekade beschrieben. Im \u00e4u\u00dfersten Westen Europas bieten sich vielf\u00e4ltige Kletterm\u00f6glichkeiten an der\u00a0\u00fcber 830 km langen, wundersch\u00f6nen Atlantikk\u00fcste oder\u00a0im nur knapp 200 km breiten, reizvollen Landesinneren. Trotz einer [&#8230;]\n","protected":false},"featured_media":183425,"template":"","meta":[],"product_brand":[],"product_cat":[21539],"product_tag":[],"class_list":{"0":"post-183424","1":"product","2":"type-product","3":"status-publish","4":"has-post-thumbnail","6":"product_cat-fuehrerliteratur-sportklettern-bouldern","7":"pa_autor-de-sousa-simes-alves","8":"pa_erscheinungsjahr-27654","9":"pa_region-portugal","10":"pa_sprache-de","12":"first","13":"instock","14":"taxable","15":"shipping-taxable","16":"purchasable","17":"product-type-simple"},"_links":{"self":[{"href":"https:\/\/pizbube.ch\/en\/wp-json\/wp\/v2\/product\/183424","targetHints":{"allow":["GET"]}}],"collection":[{"href":"https:\/\/pizbube.ch\/en\/wp-json\/wp\/v2\/product"}],"about":[{"href":"https:\/\/pizbube.ch\/en\/wp-json\/wp\/v2\/types\/product"}],"wp:featuredmedia":[{"embeddable":true,"href":"https:\/\/pizbube.ch\/en\/wp-json\/wp\/v2\/media\/183425"}],"wp:attachment":[{"href":"https:\/\/pizbube.ch\/en\/wp-json\/wp\/v2\/media?parent=183424"}],"wp:term":[{"taxonomy":"product_brand","embeddable":true,"href":"https:\/\/pizbube.ch\/en\/wp-json\/wp\/v2\/product_brand?post=183424"},{"taxonomy":"product_cat","embeddable":true,"href":"https:\/\/pizbube.ch\/en\/wp-json\/wp\/v2\/product_cat?post=183424"},{"taxonomy":"product_tag","embeddable":true,"href":"https:\/\/pizbube.ch\/en\/wp-json\/wp\/v2\/product_tag?post=183424"}],"curies":[{"name":"wp","href":"https:\/\/api.w.org\/{rel}","templated":true}]}}