{"id":183523,"date":"2026-03-20T14:59:29","date_gmt":"2026-03-20T13:59:29","guid":{"rendered":"https:\/\/pizbube.ch\/?post_type=product&#038;p=183523"},"modified":"2026-03-20T15:09:12","modified_gmt":"2026-03-20T14:09:12","slug":"die-alpen-geschichte-und-zukunft-einer-europaeischen-kulturlandschaft-2","status":"publish","type":"product","link":"https:\/\/pizbube.ch\/en\/shop\/die-alpen-geschichte-und-zukunft-einer-europaeischen-kulturlandschaft-2\/","title":{"rendered":"Die Alpen &#8211; Geschichte und Zukunft einer europ\u00e4ischen Kulturlandschaft"},"content":{"rendered":"<p>Ist die Zerst\u00f6rung der Alpen als menschlicher Lebens- und Wirtschaftsraum \u00fcberhaupt noch aufzuhalten? Degenerieren sie zu einem Erlebnispark, zu Transitr\u00e4umen mit St\u00e4dteb\u00e4ndern oder zu einer Entsiedlungsregion? Und sorgt die Klimaerw\u00e4rmung daf\u00fcr, dass die Alpen unbewohnbar werden? Der international bekannte Alpenforscher Werner B\u00e4tzing hat sein vielfach ger\u00fchmtes Alpenbuch erneut grundlegend \u00fcberarbeitet und in allen Aspekten aktualisiert. Er zieht darin die Bilanz seiner fast 50-j\u00e4hrigen Besch\u00e4ftigung mit dem einzigartigen Natur- und Kulturraum Alpen.<\/p>\n<p>B\u00e4tzing schildert, wie die Alpen als Lebens- und Wirtschaftsraum und als Kulturlandschaft entstanden sind, wie sie ab 1880 durch Tourismus, Industrie, Wasserkraft, Verst\u00e4dterung, Verkehr und den Zusammenbruch aller traditionellen Lebens- und Wirtschaftsformen vollst\u00e4ndig ver\u00e4ndert werden und wie ihre Zukunft bis zum Jahr 2050 aussehen k\u00f6nnte. Die zentrale Frage dabei ist, ob und wie die traditionellen Naturerfahrungen im Alpenraum \u2013 Naturver\u00e4nderungen ohne Umweltzerst\u00f6rung \u2013 gegen\u00fcber den Zerst\u00f6rungen durch das moderne Wirtschaften und Leben so aufgewertet werden k\u00f6nnen, dass die Alpen eine lebenswerte Zukunft erhalten. Zahlreiche Fotos und Karten veranschaulichen die Argumente des Autors und machen die Lekt\u00fcre zu einem Erlebnis.<\/p>\n<p>Werner B\u00e4tzing ist der international anerkannte Experte f\u00fcr den Alpenraum.<br \/>\nSeit 1977 besch\u00e4ftigt er sich in fach- und grenz\u00fcbergreifender Perspektive mit<br \/>\nden Problemen des Alpenraums. B\u00e4tzing ist u. a. wissenschaftlicher Berater der<br \/>\nInternationalen Alpenschutzkommission CIPRA, Beiratsmitglied im<br \/>\ninternationalen Verein &#171;Pro Vita Alpina&#187; sowie Mitglied im Fachbeirat des<br \/>\ndeutschen Alpenvereins. Den Bergfreunden bekannt wurde er auch durch seine<br \/>\nBeschreibung des piemontesischen Weitwanderwegs &#171;Grande Traversata delle<br \/>\nAlpi&#187;, der von der Schweizer Grenze bis zum Mittelmeer f\u00fchrt.<\/p>\n<p>5., v\u00f6llig \u00fcberarbeitete und aktualisierte Auflage, 2026<br \/>\n502 S., mit 17 Tabellen, 30 Karten und 155 farbigen Abbildungen<br \/>\nHardcover<\/p>","protected":false},"excerpt":{"rendered":"<p>Ist die Zerst\u00f6rung der Alpen als menschlicher Lebens- und Wirtschaftsraum \u00fcberhaupt noch aufzuhalten? Degenerieren sie zu einem Erlebnispark, zu Transitr\u00e4umen mit St\u00e4dteb\u00e4ndern oder zu einer Entsiedlungsregion? Und sorgt die Klimaerw\u00e4rmung daf\u00fcr, dass die Alpen unbewohnbar werden? Der international bekannte Alpenforscher Werner B\u00e4tzing hat sein vielfach ger\u00fchmtes Alpenbuch erneut grundlegend \u00fcberarbeitet und in allen Aspekten aktualisiert. [&#8230;]\n","protected":false},"featured_media":183524,"template":"","meta":[],"product_brand":[],"product_cat":[21542],"product_tag":[],"class_list":{"0":"post-183523","1":"product","2":"type-product","3":"status-publish","4":"has-post-thumbnail","6":"product_cat-sachbuecher-dokumentationen","7":"pa_autor-baetzing","8":"pa_erscheinungsjahr-27654","9":"pa_region-deutschland","10":"pa_sprache-de","12":"first","13":"instock","14":"taxable","15":"shipping-taxable","16":"purchasable","17":"product-type-simple"},"_links":{"self":[{"href":"https:\/\/pizbube.ch\/en\/wp-json\/wp\/v2\/product\/183523","targetHints":{"allow":["GET"]}}],"collection":[{"href":"https:\/\/pizbube.ch\/en\/wp-json\/wp\/v2\/product"}],"about":[{"href":"https:\/\/pizbube.ch\/en\/wp-json\/wp\/v2\/types\/product"}],"wp:featuredmedia":[{"embeddable":true,"href":"https:\/\/pizbube.ch\/en\/wp-json\/wp\/v2\/media\/183524"}],"wp:attachment":[{"href":"https:\/\/pizbube.ch\/en\/wp-json\/wp\/v2\/media?parent=183523"}],"wp:term":[{"taxonomy":"product_brand","embeddable":true,"href":"https:\/\/pizbube.ch\/en\/wp-json\/wp\/v2\/product_brand?post=183523"},{"taxonomy":"product_cat","embeddable":true,"href":"https:\/\/pizbube.ch\/en\/wp-json\/wp\/v2\/product_cat?post=183523"},{"taxonomy":"product_tag","embeddable":true,"href":"https:\/\/pizbube.ch\/en\/wp-json\/wp\/v2\/product_tag?post=183523"}],"curies":[{"name":"wp","href":"https:\/\/api.w.org\/{rel}","templated":true}]}}