{"id":183588,"date":"2026-03-26T09:26:39","date_gmt":"2026-03-26T08:26:39","guid":{"rendered":"https:\/\/pizbube.ch\/?post_type=product&#038;p=183588"},"modified":"2026-03-26T09:36:35","modified_gmt":"2026-03-26T08:36:35","slug":"falaetscha-vom-schweigen-in-den-bergen","status":"publish","type":"product","link":"https:\/\/pizbube.ch\/en\/shop\/falaetscha-vom-schweigen-in-den-bergen\/","title":{"rendered":"Fal\u00e4tscha &#8211; Vom Schweigen in den Bergen"},"content":{"rendered":"<p>Geschehen ist es auf der Alp Fal\u00e4tscha, weit hinten im Safiental. Doch was genau ist dort passiert, in jener Nacht, vor 28 Jahren, als die Leute unten im Turrahus am Tanzfest waren?<br \/>\nIm Tal wissen alle mehr, als sie zu sagen bereit sind. Die Ermittler Calonder und Rauch hinterfragen, wo alle schweigen.<\/p>\n<p>Was ihre Nachforschungen zutage f\u00f6rdern, ist ein Verbrechen, bei dem die Grenzen zwischen Opfer und T\u00e4ter, zwischen Gut und B\u00f6se, verschwimmen.<br \/>\nEin Mord, dessen Konturen sich im Nebel der Zeit aufgel\u00f6st haben.<\/p>\n<p>647 Seiten, gebunden, mit Leseb\u00e4ndchen.<br \/>\n1. Auflage 2026<\/p>","protected":false},"excerpt":{"rendered":"<p>Geschehen ist es auf der Alp Fal\u00e4tscha, weit hinten im Safiental. Doch was genau ist dort passiert, in jener Nacht, vor 28 Jahren, als die Leute unten im Turrahus am Tanzfest waren? Im Tal wissen alle mehr, als sie zu sagen bereit sind. Die Ermittler Calonder und Rauch hinterfragen, wo alle schweigen. Was ihre Nachforschungen [&#8230;]\n","protected":false},"featured_media":183589,"template":"","meta":[],"product_brand":[],"product_cat":[21629],"product_tag":[],"class_list":{"0":"post-183588","1":"product","2":"type-product","3":"status-publish","4":"has-post-thumbnail","6":"product_cat-belletristik","7":"pa_autor-gartmann","8":"pa_erscheinungsjahr-27654","9":"pa_region-schweiz","10":"pa_sprache-de","12":"first","13":"instock","14":"taxable","15":"shipping-taxable","16":"purchasable","17":"product-type-simple"},"_links":{"self":[{"href":"https:\/\/pizbube.ch\/en\/wp-json\/wp\/v2\/product\/183588","targetHints":{"allow":["GET"]}}],"collection":[{"href":"https:\/\/pizbube.ch\/en\/wp-json\/wp\/v2\/product"}],"about":[{"href":"https:\/\/pizbube.ch\/en\/wp-json\/wp\/v2\/types\/product"}],"wp:featuredmedia":[{"embeddable":true,"href":"https:\/\/pizbube.ch\/en\/wp-json\/wp\/v2\/media\/183589"}],"wp:attachment":[{"href":"https:\/\/pizbube.ch\/en\/wp-json\/wp\/v2\/media?parent=183588"}],"wp:term":[{"taxonomy":"product_brand","embeddable":true,"href":"https:\/\/pizbube.ch\/en\/wp-json\/wp\/v2\/product_brand?post=183588"},{"taxonomy":"product_cat","embeddable":true,"href":"https:\/\/pizbube.ch\/en\/wp-json\/wp\/v2\/product_cat?post=183588"},{"taxonomy":"product_tag","embeddable":true,"href":"https:\/\/pizbube.ch\/en\/wp-json\/wp\/v2\/product_tag?post=183588"}],"curies":[{"name":"wp","href":"https:\/\/api.w.org\/{rel}","templated":true}]}}