{"id":183593,"date":"2026-03-26T09:47:24","date_gmt":"2026-03-26T08:47:24","guid":{"rendered":"https:\/\/pizbube.ch\/?post_type=product&#038;p=183593"},"modified":"2026-03-26T10:08:04","modified_gmt":"2026-03-26T09:08:04","slug":"plaisir-climbing-lago-di-garda-%c2%b7-arco","status":"publish","type":"product","link":"https:\/\/pizbube.ch\/en\/shop\/plaisir-climbing-lago-di-garda-%c2%b7-arco\/","title":{"rendered":"Plaisir Climbing Lago di Garda \u00b7 Arco"},"content":{"rendered":"<div id=\"primary\" class=\"content-area\">\n<p>Sch\u00f6ne Genussklettertouren von 4 bis 7- \/ Beautiful multi-pitch routes from 4a to 6a+<\/p>\n<article id=\"post-2183\" class=\"post-2183 post type-post status-publish format-standard hentry category-allgemein category-kletterfuehrer tag-arco tag-climbing tag-climbing-guide tag-gardasee tag-kletterfuehrer tag-klettergarten tag-klettern tag-lago-di-garda tag-parete-san-paolo tag-riva-del-garda tag-torbole tag-trentino\">\n<div class=\"entry-content\">\n<p>Im Plaisir Climbing Lago di Garda Arco werden zahlreiche attraktive Mehrseill\u00e4ngentouren sowie ausgew\u00e4hlte, einfache Kletterg\u00e4rten rund um den n\u00f6rdlichen Gardasee vorgestellt. Alle Touren wurden akribisch recherchiert, wobei gro\u00dfer Wert auf pr\u00e4zise, \u00fcbersichtliche und leicht verst\u00e4ndliche Toposkizzen gelegt wurde.<\/p>\n<p>Der F\u00fchrer umfasst sowohl komplett mit Bohrhaken ausgestattete Plaisirrouten als auch beliebte semialpine Anstiege, die mit einer Mischung aus Normalhaken, Bohrhaken und Schlingen abgesichert sind.<\/p>\n<p>Besonderer Wert wurde auf aussagekr\u00e4ftige Routenskizzen (Topos) gelegt, in denen neben der exakten Bewertung der einzelnen Tourenabschnitte auch auf m\u00f6gliche Problemstellen hingewiesen wird. Die Informationen wurden in enger Zusammenarbeit mit Gebietskennern und Bergf\u00fchrern gesammelt.<\/p>\n<p>&nbsp;<\/p>\n<p>The entire book is in both German and English. The topo sketches are also in German\/English. In the app, the texts is in German, the topos are in German\/English.<\/p>\n<p>336 Seiten, Format 15,4 x 22 cm kompl. vielfarbig gedruckt, mit Klettertopos, Wand\u00fcbersichten und ca. 500 Farbfotos! Inkl. Touren-App Zugang!<br \/>\nFour-color printing, topo sketches, wall art, around 500 images. Includes access to the Touren-App.<\/p>\n<p>1. Auflage 2026<\/p>\n<\/div>\n<\/article>\n<p>&nbsp;<\/p>\n<\/div>","protected":false},"excerpt":{"rendered":"<p>Sch\u00f6ne Genussklettertouren von 4 bis 7- \/ Beautiful multi-pitch routes from 4a to 6a+ Im Plaisir Climbing Lago di Garda Arco werden zahlreiche attraktive Mehrseill\u00e4ngentouren sowie ausgew\u00e4hlte, einfache Kletterg\u00e4rten rund um den n\u00f6rdlichen Gardasee vorgestellt. Alle Touren wurden akribisch recherchiert, wobei gro\u00dfer Wert auf pr\u00e4zise, \u00fcbersichtliche und leicht verst\u00e4ndliche Toposkizzen gelegt wurde. Der F\u00fchrer umfasst [&#8230;]\n","protected":false},"featured_media":183595,"template":"","meta":[],"product_brand":[],"product_cat":[21539],"product_tag":[27707,27708],"class_list":{"0":"post-183593","1":"product","2":"type-product","3":"status-publish","4":"has-post-thumbnail","6":"product_cat-fuehrerliteratur-sportklettern-bouldern","7":"product_tag-plaisirclimbing-gardasee-arco","8":"product_tag-plaisirklettern-gardasee-arco","9":"pa_autor-axel-jentzsch-rabl-andreas-jentzsch","10":"pa_erscheinungsjahr-27654","11":"pa_region-italien","12":"pa_sprache-de-en","14":"first","15":"instock","16":"taxable","17":"shipping-taxable","18":"purchasable","19":"product-type-simple"},"_links":{"self":[{"href":"https:\/\/pizbube.ch\/en\/wp-json\/wp\/v2\/product\/183593","targetHints":{"allow":["GET"]}}],"collection":[{"href":"https:\/\/pizbube.ch\/en\/wp-json\/wp\/v2\/product"}],"about":[{"href":"https:\/\/pizbube.ch\/en\/wp-json\/wp\/v2\/types\/product"}],"wp:featuredmedia":[{"embeddable":true,"href":"https:\/\/pizbube.ch\/en\/wp-json\/wp\/v2\/media\/183595"}],"wp:attachment":[{"href":"https:\/\/pizbube.ch\/en\/wp-json\/wp\/v2\/media?parent=183593"}],"wp:term":[{"taxonomy":"product_brand","embeddable":true,"href":"https:\/\/pizbube.ch\/en\/wp-json\/wp\/v2\/product_brand?post=183593"},{"taxonomy":"product_cat","embeddable":true,"href":"https:\/\/pizbube.ch\/en\/wp-json\/wp\/v2\/product_cat?post=183593"},{"taxonomy":"product_tag","embeddable":true,"href":"https:\/\/pizbube.ch\/en\/wp-json\/wp\/v2\/product_tag?post=183593"}],"curies":[{"name":"wp","href":"https:\/\/api.w.org\/{rel}","templated":true}]}}