{"id":183817,"date":"2026-04-11T09:58:50","date_gmt":"2026-04-11T07:58:50","guid":{"rendered":"https:\/\/pizbube.ch\/?post_type=product&#038;p=183817"},"modified":"2026-04-11T10:04:50","modified_gmt":"2026-04-11T08:04:50","slug":"graubuenden-wandern-fuer-die-seele","status":"publish","type":"product","link":"https:\/\/pizbube.ch\/en\/shop\/graubuenden-wandern-fuer-die-seele\/","title":{"rendered":"Graub\u00fcnden &#8211; Wandern f\u00fcr die Seele"},"content":{"rendered":"<div class=\"mb-3\">\n<h4 class=\"p-0 mb-2\">Wohlf\u00fchlwege<\/h4>\n<\/div>\n<div class=\"mt-3 mb-3\">\n<p>Mehr als 400 Dreitausender, drei Sprachen, drei Welterbest\u00e4tten und so viele Steinb\u00f6cke wie nirgendwo sonst \u2013 das alles ist Graub\u00fcnden. Auf 20 Wohlf\u00fchlwegen geht es zu hei\u00dfen Quellen in der Valser Steintherme, ins weite Engadin oder ins Val Poschiavo, wo die Zeit um Jahrhunderte zur\u00fcckgedreht scheint. Neben spektakul\u00e4ren Panoramen und kulinarischen Klassikern wie Capuns sind es vor allem Begegnungen, die Graub\u00fcnden so \u201epatschifig\u201c machen \u2013 urgem\u00fctlich, wie die Menschen hier sagen.<\/p>\n<p>Unsere Wanderb\u00fccher bieten echte Wohlf\u00fchlwege f\u00fcr jede Stimmung. Mit eindrucksvollen Fotos, ber\u00fchrenden Texten und abwechslungsreichen Touren wird jede Wanderung zum besonderen Erlebnis. Entspannung und Inspiration garantiert \u2013 ideal auch als Geschenk!<\/p>\n<p>1. Aufl., M\u00e4rz 2026<br \/>\nPaperback, 192 Seiten<br \/>\n13,5 x 20,5 cm<\/p>\n<\/div>","protected":false},"excerpt":{"rendered":"<p>Wohlf\u00fchlwege Mehr als 400 Dreitausender, drei Sprachen, drei Welterbest\u00e4tten und so viele Steinb\u00f6cke wie nirgendwo sonst \u2013 das alles ist Graub\u00fcnden. Auf 20 Wohlf\u00fchlwegen geht es zu hei\u00dfen Quellen in der Valser Steintherme, ins weite Engadin oder ins Val Poschiavo, wo die Zeit um Jahrhunderte zur\u00fcckgedreht scheint. Neben spektakul\u00e4ren Panoramen und kulinarischen Klassikern wie Capuns [&#8230;]\n","protected":false},"featured_media":183818,"template":"","meta":[],"product_brand":[],"product_cat":[21605],"product_tag":[],"class_list":{"0":"post-183817","1":"product","2":"type-product","3":"status-publish","4":"has-post-thumbnail","6":"product_cat-wanderfuehrer-trekking","7":"pa_autor-antonia-kammueller","8":"pa_erscheinungsjahr-27654","9":"pa_region-schweiz","10":"pa_sprache-de","12":"first","13":"instock","14":"taxable","15":"shipping-taxable","16":"purchasable","17":"product-type-simple"},"_links":{"self":[{"href":"https:\/\/pizbube.ch\/en\/wp-json\/wp\/v2\/product\/183817","targetHints":{"allow":["GET"]}}],"collection":[{"href":"https:\/\/pizbube.ch\/en\/wp-json\/wp\/v2\/product"}],"about":[{"href":"https:\/\/pizbube.ch\/en\/wp-json\/wp\/v2\/types\/product"}],"wp:featuredmedia":[{"embeddable":true,"href":"https:\/\/pizbube.ch\/en\/wp-json\/wp\/v2\/media\/183818"}],"wp:attachment":[{"href":"https:\/\/pizbube.ch\/en\/wp-json\/wp\/v2\/media?parent=183817"}],"wp:term":[{"taxonomy":"product_brand","embeddable":true,"href":"https:\/\/pizbube.ch\/en\/wp-json\/wp\/v2\/product_brand?post=183817"},{"taxonomy":"product_cat","embeddable":true,"href":"https:\/\/pizbube.ch\/en\/wp-json\/wp\/v2\/product_cat?post=183817"},{"taxonomy":"product_tag","embeddable":true,"href":"https:\/\/pizbube.ch\/en\/wp-json\/wp\/v2\/product_tag?post=183817"}],"curies":[{"name":"wp","href":"https:\/\/api.w.org\/{rel}","templated":true}]}}