{"id":183822,"date":"2026-04-11T10:40:14","date_gmt":"2026-04-11T08:40:14","guid":{"rendered":"https:\/\/pizbube.ch\/?post_type=product&#038;p=183822"},"modified":"2026-04-11T10:40:14","modified_gmt":"2026-04-11T08:40:14","slug":"encordee-avec-une-ombre","status":"publish","type":"product","link":"https:\/\/pizbube.ch\/en\/shop\/encordee-avec-une-ombre\/","title":{"rendered":"Encord\u00e9e avec une ombre"},"content":{"rendered":"<div id=\"product-description-short-877\" class=\"product-short-description\">\n<p>Une plong\u00e9e en images vers l\u2019altitude et au plus profond de la m\u00e9moire.<\/p>\n<\/div>\n<div id=\"product-description-877\" class=\"product-long-description\">\n<p>\u00c0 l\u2019\u00e9cole sous l\u2019Occupation, Madeleine se lie d\u2019amiti\u00e9 avec Anna qui l\u2019invite dans sa grande maison, lui joue des sonates au piano et lui pr\u00e9sente Joseph, son cousin qui r\u00eave de montagnes. Un jour, Anna et Joseph disparaissent. Les ann\u00e9es d\u2019absence s\u2019\u00e9coulent, le seul fil qui peut relier l\u2019h\u00e9ro\u00efne \u00e0 ce pass\u00e9 \u00e9vanoui, ce sont les roches et les glaces de Joseph, o\u00f9 elle va apprendre \u00e0 s\u2019\u00e9lever.<\/p>\n<p>Thomas Luksenberg met la d\u00e9licatesse de son trait au service de cette qu\u00eate m\u00e9lancolique qui au fil des pages se rapproche de la lumi\u00e8re. Il renoue avec l\u2019univers de <em>Descension<\/em>, son premier roman graphique : cette montagne envo\u00fbtante, refuge pour les tuberculeux et les fugitifs, intimement li\u00e9e \u00e0 l\u2019histoire de sa famille, devient \u00e9crin d\u2019un conte initiatique.<\/p>\n<p>Pr\u00e9face de Thomas Salvador, cin\u00e9aste.<\/p>\n<\/div>\n<p>176 pages, 17 x 23 cm<br \/>\n1i\u00e8re \u00e9dition 2026<\/p>","protected":false},"excerpt":{"rendered":"<p>Une plong\u00e9e en images vers l\u2019altitude et au plus profond de la m\u00e9moire. \u00c0 l\u2019\u00e9cole sous l\u2019Occupation, Madeleine se lie d\u2019amiti\u00e9 avec Anna qui l\u2019invite dans sa grande maison, lui joue des sonates au piano et lui pr\u00e9sente Joseph, son cousin qui r\u00eave de montagnes. Un jour, Anna et Joseph disparaissent. Les ann\u00e9es d\u2019absence s\u2019\u00e9coulent, [&#8230;]\n","protected":false},"featured_media":183823,"template":"","meta":[],"product_brand":[],"product_cat":[21881],"product_tag":[],"class_list":{"0":"post-183822","1":"product","2":"type-product","3":"status-publish","4":"has-post-thumbnail","6":"product_cat-comics","7":"pa_autor-thomas-luksenberg","8":"pa_erscheinungsjahr-27654","9":"pa_region-frankreich","10":"pa_sprache-fr","12":"first","13":"instock","14":"taxable","15":"shipping-taxable","16":"purchasable","17":"product-type-simple"},"_links":{"self":[{"href":"https:\/\/pizbube.ch\/en\/wp-json\/wp\/v2\/product\/183822","targetHints":{"allow":["GET"]}}],"collection":[{"href":"https:\/\/pizbube.ch\/en\/wp-json\/wp\/v2\/product"}],"about":[{"href":"https:\/\/pizbube.ch\/en\/wp-json\/wp\/v2\/types\/product"}],"wp:featuredmedia":[{"embeddable":true,"href":"https:\/\/pizbube.ch\/en\/wp-json\/wp\/v2\/media\/183823"}],"wp:attachment":[{"href":"https:\/\/pizbube.ch\/en\/wp-json\/wp\/v2\/media?parent=183822"}],"wp:term":[{"taxonomy":"product_brand","embeddable":true,"href":"https:\/\/pizbube.ch\/en\/wp-json\/wp\/v2\/product_brand?post=183822"},{"taxonomy":"product_cat","embeddable":true,"href":"https:\/\/pizbube.ch\/en\/wp-json\/wp\/v2\/product_cat?post=183822"},{"taxonomy":"product_tag","embeddable":true,"href":"https:\/\/pizbube.ch\/en\/wp-json\/wp\/v2\/product_tag?post=183822"}],"curies":[{"name":"wp","href":"https:\/\/api.w.org\/{rel}","templated":true}]}}