{"id":183876,"date":"2026-04-15T08:47:22","date_gmt":"2026-04-15T06:47:22","guid":{"rendered":"https:\/\/pizbube.ch\/?post_type=product&#038;p=183876"},"modified":"2026-04-15T08:53:09","modified_gmt":"2026-04-15T06:53:09","slug":"picos-de-europa-52-itineraires-dans-et-autour-du-plus-vieux-parc-national-despagne","status":"publish","type":"product","link":"https:\/\/pizbube.ch\/en\/shop\/picos-de-europa-52-itineraires-dans-et-autour-du-plus-vieux-parc-national-despagne\/","title":{"rendered":"Picos de Europa &#8211; 52 itin\u00e9raires dans et autour du plus vieux Parc national d&#8217;Espagne"},"content":{"rendered":"<p><span class=\"value\">Le Parc national des Picos de Europa est le plus ancien d&#8217;Espagne et, avec une superficie de plus de 65 000 hectares, l&#8217;un des plus vastes d&#8217;Europe. Il y a des si\u00e8cles d\u00e9j\u00e0 les sommets enneig\u00e9s de ces \u00ab\u00a0pics d&#8217;Europe\u00a0\u00bb repr\u00e9sentaient pour les marins l&#8217;un des premiers rep\u00e8res \u00e0 l&#8217;entr\u00e9e dans le golfe de Biscaye. Le massif abrupt est plac\u00e9 sous haute protection d\u00e8s 1918. Les randonneurs y sillonnent aujourd&#8217;hui l&#8217;un des paysages les plus fascinants d&#8217;Espagne. <\/span><\/p>\n<p><span class=\"value\">Le guide de randonn\u00e9es Rother \u00ab\u00a0Picos de Europa\u00a0\u00bb vous propose 50 itin\u00e9raires tr\u00e8s vari\u00e9s, en vall\u00e9e et en montagne.Le massif, avec ses sommets culminants \u00e0 plus de 2600 m\u00e8tres d&#8217;altitude, s&#8217;\u00e9tend \u00e0 20 kilom\u00e8tres seulement de la c\u00f4te atlantique. Vall\u00e9es charmantes, alpages isol\u00e9s, gorges spectaculaires et recoins de haute montagne se chargent de rendre les vues \u00e9poustouflantes. Des paisibles randonn\u00e9es en vall\u00e9e jusqu&#8217;aux circuits itin\u00e9rants de refuge en refuge en passant par les ascensions de sommets panoramiques, ce guide sugg\u00e8re des itin\u00e9raires pour tous les go\u00fbts, toutes les humeurs et toutes les conditions m\u00e9t\u00e9orologiques. Beaucoup des parcours sont modifiables \u00e0 l&#8217;envi, gr\u00e2ce aux variantes et possibilit\u00e9s de combinaisons.Chaque itin\u00e9raire est pr\u00e9sent\u00e9 avec un descriptif d\u00e9taill\u00e9 du parcours, une petite carte sur laquelle il est report\u00e9 et un profil altim\u00e9trique significatif. Une fiche pratique indique les difficult\u00e9s, les possibilit\u00e9s de restauration, les lieux de baignade, et bien plus encore. Les riches informations fournies quant aux cultures et traditions ainsi que les nombreuses photos parviennent \u00e0 transmettre un bel aper\u00e7u de la r\u00e9gion. <\/span><\/p>\n<p><span class=\"value\">Les traces GPS se trouvent en t\u00e9l\u00e9chargement libre sur le site internet des \u00e9ditions Bergverlag Rother.L&#8217;auteure Cordula Rabe vit en Espagne, elle est journaliste ind\u00e9pendante et photographe. Elle a d\u00e9j\u00e0 publi\u00e9 plusieurs guides de randonn\u00e9es et de p\u00e9lerinages sur l&#8217;Espagne aux \u00e9ditions Bergverlag Rother.<\/span><\/p>\n<p>2e \u00e9dition, mise \u00e0 jour en 2025<br \/>\n121 photos en couleurs, 52 profils d&#8217;altitude, 52 cartes au 1:50 000\/1:75 000, 2 cartes synoptiques, cartonn\u00e9 et pellicul\u00e9 polytex<\/p>","protected":false},"excerpt":{"rendered":"<p>Le Parc national des Picos de Europa est le plus ancien d&#8217;Espagne et, avec une superficie de plus de 65 000 hectares, l&#8217;un des plus vastes d&#8217;Europe. Il y a des si\u00e8cles d\u00e9j\u00e0 les sommets enneig\u00e9s de ces \u00ab\u00a0pics d&#8217;Europe\u00a0\u00bb repr\u00e9sentaient pour les marins l&#8217;un des premiers rep\u00e8res \u00e0 l&#8217;entr\u00e9e dans le golfe de Biscaye. [&#8230;]\n","protected":false},"featured_media":183877,"template":"","meta":[],"product_brand":[],"product_cat":[21605],"product_tag":[],"class_list":{"0":"post-183876","1":"product","2":"type-product","3":"status-publish","4":"has-post-thumbnail","6":"product_cat-wanderfuehrer-trekking","7":"pa_autor-rabe","8":"pa_erscheinungsjahr-27415","9":"pa_region-spanien","10":"pa_sprache-de","12":"first","13":"instock","14":"taxable","15":"shipping-taxable","16":"purchasable","17":"product-type-simple"},"_links":{"self":[{"href":"https:\/\/pizbube.ch\/en\/wp-json\/wp\/v2\/product\/183876","targetHints":{"allow":["GET"]}}],"collection":[{"href":"https:\/\/pizbube.ch\/en\/wp-json\/wp\/v2\/product"}],"about":[{"href":"https:\/\/pizbube.ch\/en\/wp-json\/wp\/v2\/types\/product"}],"wp:featuredmedia":[{"embeddable":true,"href":"https:\/\/pizbube.ch\/en\/wp-json\/wp\/v2\/media\/183877"}],"wp:attachment":[{"href":"https:\/\/pizbube.ch\/en\/wp-json\/wp\/v2\/media?parent=183876"}],"wp:term":[{"taxonomy":"product_brand","embeddable":true,"href":"https:\/\/pizbube.ch\/en\/wp-json\/wp\/v2\/product_brand?post=183876"},{"taxonomy":"product_cat","embeddable":true,"href":"https:\/\/pizbube.ch\/en\/wp-json\/wp\/v2\/product_cat?post=183876"},{"taxonomy":"product_tag","embeddable":true,"href":"https:\/\/pizbube.ch\/en\/wp-json\/wp\/v2\/product_tag?post=183876"}],"curies":[{"name":"wp","href":"https:\/\/api.w.org\/{rel}","templated":true}]}}