{"id":183909,"date":"2026-04-16T09:10:35","date_gmt":"2026-04-16T07:10:35","guid":{"rendered":"https:\/\/pizbube.ch\/?post_type=product&#038;p=183909"},"modified":"2026-04-16T09:10:35","modified_gmt":"2026-04-16T07:10:35","slug":"die-alpen-bibel","status":"publish","type":"product","link":"https:\/\/pizbube.ch\/en\/shop\/die-alpen-bibel\/","title":{"rendered":"Die Alpen-Bibel"},"content":{"rendered":"<p>Alles zu Natur, Geschichte und den Menschen in den Bergen<br \/>\nEinzigartiges Standardwerk: Natur, Kultur und Genuss der Alpen \u2013 fundiert, spannend und stilvoll auf 288 Seiten.<\/p>\n<p><span class=\"value\">Die \u00bbAlpen-Bibel\u00ab ist das ultimative Kompendium f\u00fcr alle, die die Alpen lieben: Von Gletschern und Gipfeln \u00fcber Nationalparks und Kulturgeschichte bis zu kulinarischen Spezialit\u00e4ten.<br \/>\nMit spannenden Fakten, opulenten Bildern und tiefgr\u00fcndigen Geschichten bietet dieses Standardwerk einen einzigartigen Rundumblick auf das faszinierendste Gebirge Europas. Ein Must-have f\u00fcr Bergliebhaber und Genie\u00dfer.<\/span><\/p>\n<p>288 Seiten, ca. 600 Abbildungen, Format 22,8 x 29,6 cm, Hardcover.<\/p>","protected":false},"excerpt":{"rendered":"<p>Alles zu Natur, Geschichte und den Menschen in den Bergen Einzigartiges Standardwerk: Natur, Kultur und Genuss der Alpen \u2013 fundiert, spannend und stilvoll auf 288 Seiten. Die \u00bbAlpen-Bibel\u00ab ist das ultimative Kompendium f\u00fcr alle, die die Alpen lieben: Von Gletschern und Gipfeln \u00fcber Nationalparks und Kulturgeschichte bis zu kulinarischen Spezialit\u00e4ten. Mit spannenden Fakten, opulenten Bildern [&#8230;]\n","protected":false},"featured_media":183910,"template":"","meta":[],"product_brand":[],"product_cat":[21542],"product_tag":[27716,27715],"class_list":{"0":"post-183909","1":"product","2":"type-product","3":"status-publish","4":"has-post-thumbnail","6":"product_cat-sachbuecher-dokumentationen","7":"product_tag-alpen-bibel","8":"product_tag-alpenbibel","9":"pa_autor-eugen-e-huesler-leeloo-molnar","10":"pa_erscheinungsjahr-27654","11":"pa_region-deutschland","12":"pa_region-italien","13":"pa_region-oesterreich","14":"pa_region-schweiz","15":"pa_sprache-de","17":"first","18":"instock","19":"taxable","20":"shipping-taxable","21":"purchasable","22":"product-type-simple"},"_links":{"self":[{"href":"https:\/\/pizbube.ch\/en\/wp-json\/wp\/v2\/product\/183909","targetHints":{"allow":["GET"]}}],"collection":[{"href":"https:\/\/pizbube.ch\/en\/wp-json\/wp\/v2\/product"}],"about":[{"href":"https:\/\/pizbube.ch\/en\/wp-json\/wp\/v2\/types\/product"}],"wp:featuredmedia":[{"embeddable":true,"href":"https:\/\/pizbube.ch\/en\/wp-json\/wp\/v2\/media\/183910"}],"wp:attachment":[{"href":"https:\/\/pizbube.ch\/en\/wp-json\/wp\/v2\/media?parent=183909"}],"wp:term":[{"taxonomy":"product_brand","embeddable":true,"href":"https:\/\/pizbube.ch\/en\/wp-json\/wp\/v2\/product_brand?post=183909"},{"taxonomy":"product_cat","embeddable":true,"href":"https:\/\/pizbube.ch\/en\/wp-json\/wp\/v2\/product_cat?post=183909"},{"taxonomy":"product_tag","embeddable":true,"href":"https:\/\/pizbube.ch\/en\/wp-json\/wp\/v2\/product_tag?post=183909"}],"curies":[{"name":"wp","href":"https:\/\/api.w.org\/{rel}","templated":true}]}}