{"id":183914,"date":"2026-04-16T09:23:05","date_gmt":"2026-04-16T07:23:05","guid":{"rendered":"https:\/\/pizbube.ch\/?post_type=product&#038;p=183914"},"modified":"2026-04-16T09:23:05","modified_gmt":"2026-04-16T07:23:05","slug":"kleines-flurnamenbuch-fuer-wandernde","status":"publish","type":"product","link":"https:\/\/pizbube.ch\/en\/shop\/kleines-flurnamenbuch-fuer-wandernde\/","title":{"rendered":"Kleines Flurnamenbuch f\u00fcr Wandernde"},"content":{"rendered":"<p>Flurnamen entschl\u00fcsseln \u2013 f\u00fcr Wandernde, Bergg\u00e4ngerinnen und Spazierg\u00e4nger<\/p>\n<p>Alpiglegalm, Beibr\u00e4che, Hargarte, M\u00f6nchsb\u00fcffel, Pletsche, Speckhubel oder Tschippar\u00e4llehore \u2013 hinter diesen klangvollen Namen verbirgt sich eine faszinierende Welt der Schweizer Landschaft und Sprache.<\/p>\n<p>Das Kleine Flurnamenbuch f\u00fcr Wandernde von Roland Hofer ist ein lexikonartiges Nachschlagewerk, das die Herkunft und Bedeutung von Flurnamen etymologisch erkl\u00e4rt. Es richtet sich an alle, die die Landschaft zu Fuss durchstreifen und den Namen auf Wanderwegweisern oder der Landeskarte begegnen.<\/p>\n<p>216 Seiten, <span class=\"metafield-dimension\"><span class=\"metafield-dimension_value\">210 <\/span><span class=\"metafield-dimension_unit\">mm<\/span><\/span> x <span class=\"metafield-dimension\"><span class=\"metafield-dimension_value\">140 <\/span><span class=\"metafield-dimension_unit\">mm<\/span><\/span><br \/>\nSoftcover<br \/>\nMit zahlreiche Abbildungen<\/p>","protected":false},"excerpt":{"rendered":"<p>Flurnamen entschl\u00fcsseln \u2013 f\u00fcr Wandernde, Bergg\u00e4ngerinnen und Spazierg\u00e4nger Alpiglegalm, Beibr\u00e4che, Hargarte, M\u00f6nchsb\u00fcffel, Pletsche, Speckhubel oder Tschippar\u00e4llehore \u2013 hinter diesen klangvollen Namen verbirgt sich eine faszinierende Welt der Schweizer Landschaft und Sprache. Das Kleine Flurnamenbuch f\u00fcr Wandernde von Roland Hofer ist ein lexikonartiges Nachschlagewerk, das die Herkunft und Bedeutung von Flurnamen etymologisch erkl\u00e4rt. Es richtet sich [&#8230;]\n","protected":false},"featured_media":183915,"template":"","meta":[],"product_brand":[],"product_cat":[21580,21542],"product_tag":[],"class_list":{"0":"post-183914","1":"product","2":"type-product","3":"status-publish","4":"has-post-thumbnail","6":"product_cat-kunst-kultur","7":"product_cat-sachbuecher-dokumentationen","8":"pa_autor-hofer","9":"pa_erscheinungsjahr-27654","10":"pa_region-schweiz","11":"pa_sprache-de","13":"first","14":"instock","15":"taxable","16":"shipping-taxable","17":"purchasable","18":"product-type-simple"},"_links":{"self":[{"href":"https:\/\/pizbube.ch\/en\/wp-json\/wp\/v2\/product\/183914","targetHints":{"allow":["GET"]}}],"collection":[{"href":"https:\/\/pizbube.ch\/en\/wp-json\/wp\/v2\/product"}],"about":[{"href":"https:\/\/pizbube.ch\/en\/wp-json\/wp\/v2\/types\/product"}],"wp:featuredmedia":[{"embeddable":true,"href":"https:\/\/pizbube.ch\/en\/wp-json\/wp\/v2\/media\/183915"}],"wp:attachment":[{"href":"https:\/\/pizbube.ch\/en\/wp-json\/wp\/v2\/media?parent=183914"}],"wp:term":[{"taxonomy":"product_brand","embeddable":true,"href":"https:\/\/pizbube.ch\/en\/wp-json\/wp\/v2\/product_brand?post=183914"},{"taxonomy":"product_cat","embeddable":true,"href":"https:\/\/pizbube.ch\/en\/wp-json\/wp\/v2\/product_cat?post=183914"},{"taxonomy":"product_tag","embeddable":true,"href":"https:\/\/pizbube.ch\/en\/wp-json\/wp\/v2\/product_tag?post=183914"}],"curies":[{"name":"wp","href":"https:\/\/api.w.org\/{rel}","templated":true}]}}