{"id":183936,"date":"2026-04-17T10:19:33","date_gmt":"2026-04-17T08:19:33","guid":{"rendered":"https:\/\/pizbube.ch\/?post_type=product&#038;p=183936"},"modified":"2026-04-17T10:19:33","modified_gmt":"2026-04-17T08:19:33","slug":"vogesen-durchquerung","status":"publish","type":"product","link":"https:\/\/pizbube.ch\/en\/shop\/vogesen-durchquerung\/","title":{"rendered":"Vogesen-Durchquerung"},"content":{"rendered":"<p class=\"mt-3\">36 Etappen \u2013 auf dem GR 53 und dem GR 5 von Wissembourg nach Giromagny \/ Masevaux<\/p>\n<p><span class=\"value\">Die Vogesen sind ein Paradies f\u00fcr alle, die gerne genussvoll und ausgedehnt wandern. Das wundersch\u00f6ne franz\u00f6sische Mittelgebirge, das an Deutschland grenzt, bietet eine faszinierende Mischung aus unber\u00fchrter Natur, malerischen D\u00f6rfern und herzlicher Gastfreundschaft. Wer die Vogesen intensiv erleben m\u00f6chte, begibt sich auf eine mehrt\u00e4gige Wanderung auf den ber\u00fchmten Fernwanderwegen GR 53, GR 5 und GR 531 \u2013 von Wissembourg im Norden bis nach Giromagny bzw. Masevaux im S\u00fcden. Der Rother Wanderf\u00fchrer \u201eVogesen-Durchquerung\u201c ist der perfekte Begleiter f\u00fcr diese Mehrtagestour. Er beschreibt die komplette Route in 30 abwechslungsreichen Etappen und sechs lohnenden Varianten.<br \/>\n<\/span><span class=\"value\">Auf schmalen Pfaden geht es durch die dichten W\u00e4lder der Vogesen, \u00fcber aussichtsreiche H\u00f6henr\u00fccken und vorbei an urigen Bergbauernh\u00f6fen. Immer wieder \u00f6ffnen sich weite Blicke auf sanfte H\u00fcgel, wilde Felslandschaften und glitzernde Seen. Auch wenn die Vogesen immer beliebter werden, erlebt man auf dieser Fernwanderung oft noch die Stille und Urspr\u00fcnglichkeit der Natur. Nach einem erf\u00fcllten Wandertag laden charmante Landgasth\u00f6fe und gem\u00fctliche Unterk\u00fcnfte zum \u00dcbernachten ein. Dort lassen sich die ber\u00fchmten Spezialit\u00e4ten der Vogesen genie\u00dfen \u2013 von herzhaftem Munsterk\u00e4se bis zum els\u00e4ssischen Flammkuchen.<\/span><\/p>\n<p>Zuverl\u00e4ssige Etappenbeschreibungen, detaillierte Wanderkarten, aussagekr\u00e4ftige H\u00f6henprofile und gepr\u00fcfte GPS-Daten sorgen f\u00fcr eine sichere und m\u00fchelose Orientierung bei der Vogesen-Durchquerung. Detaillierte Infos zu Unterk\u00fcnften, Einkaufsm\u00f6glichkeiten und Verkehrsmitteln, auf die man gegebenenfalls ausweichen kann, machen die Planung perfekt. Zudem erz\u00e4hlt der Wanderf\u00fchrer spannende Geschichten \u00fcber die Vogesen, ihre Kultur und die wechselvolle deutsch-franz\u00f6sische Vergangenheit.<\/p>\n<p>Mit dem Rother Wanderf\u00fchrer \u201eVogesen-Durchquerung\u201c wird jede Etappe auf GR 53, GR 5 und GR 531 zu einem unvergesslichen Natur- und Kulturerlebnis \u2013 f\u00fcr alle, die mit offenen Augen und einem Sinn f\u00fcr Genuss unterwegs sind.<\/p>\n<p>36 H\u00f6henprofile, 39 Wanderk\u00e4rtchen im Ma\u00dfstab 1:110.000, eine \u00dcbersichtskarte<br \/>\n208 Seiten,<br \/>\n4., aktualisierte Auflage 2025<\/p>","protected":false},"excerpt":{"rendered":"<p>36 Etappen \u2013 auf dem GR 53 und dem GR 5 von Wissembourg nach Giromagny \/ Masevaux Die Vogesen sind ein Paradies f\u00fcr alle, die gerne genussvoll und ausgedehnt wandern. Das wundersch\u00f6ne franz\u00f6sische Mittelgebirge, das an Deutschland grenzt, bietet eine faszinierende Mischung aus unber\u00fchrter Natur, malerischen D\u00f6rfern und herzlicher Gastfreundschaft. Wer die Vogesen intensiv erleben [&#8230;]\n","protected":false},"featured_media":183937,"template":"","meta":[],"product_brand":[],"product_cat":[21605],"product_tag":[27719],"class_list":{"0":"post-183936","1":"product","2":"type-product","3":"status-publish","4":"has-post-thumbnail","6":"product_cat-wanderfuehrer-trekking","7":"product_tag-vogesendurchquerung","8":"pa_autor-thomas-striebig-und-matthias-schopp","9":"pa_erscheinungsjahr-27415","10":"pa_region-frankreich","11":"pa_sprache-de","13":"first","14":"instock","15":"taxable","16":"shipping-taxable","17":"purchasable","18":"product-type-simple"},"_links":{"self":[{"href":"https:\/\/pizbube.ch\/en\/wp-json\/wp\/v2\/product\/183936","targetHints":{"allow":["GET"]}}],"collection":[{"href":"https:\/\/pizbube.ch\/en\/wp-json\/wp\/v2\/product"}],"about":[{"href":"https:\/\/pizbube.ch\/en\/wp-json\/wp\/v2\/types\/product"}],"wp:featuredmedia":[{"embeddable":true,"href":"https:\/\/pizbube.ch\/en\/wp-json\/wp\/v2\/media\/183937"}],"wp:attachment":[{"href":"https:\/\/pizbube.ch\/en\/wp-json\/wp\/v2\/media?parent=183936"}],"wp:term":[{"taxonomy":"product_brand","embeddable":true,"href":"https:\/\/pizbube.ch\/en\/wp-json\/wp\/v2\/product_brand?post=183936"},{"taxonomy":"product_cat","embeddable":true,"href":"https:\/\/pizbube.ch\/en\/wp-json\/wp\/v2\/product_cat?post=183936"},{"taxonomy":"product_tag","embeddable":true,"href":"https:\/\/pizbube.ch\/en\/wp-json\/wp\/v2\/product_tag?post=183936"}],"curies":[{"name":"wp","href":"https:\/\/api.w.org\/{rel}","templated":true}]}}