{"id":183941,"date":"2026-04-17T10:34:12","date_gmt":"2026-04-17T08:34:12","guid":{"rendered":"https:\/\/pizbube.ch\/?post_type=product&#038;p=183941"},"modified":"2026-04-17T11:11:13","modified_gmt":"2026-04-17T09:11:13","slug":"up-climbing-41-athen","status":"publish","type":"product","link":"https:\/\/pizbube.ch\/en\/shop\/up-climbing-41-athen\/","title":{"rendered":"Up Climbing #41 &#8211; Athene"},"content":{"rendered":"<p>Arrampicata e Grecia: le Meteore, in Tessaglia, Kalymnos, l\u2019isola dei climber per eccellenza, Leonidio e Kyparissi, location sempre pi\u00f9 di moda in questi ultimi anni per i falesisti. Poi le isole di Tinos e Kos, che hanno reso le terre greche una possibile destinazione anche per gli amanti del sassismo. Tra tutte queste possibilit\u00e0 non si era per\u00f2 mai sentito parlare di Atene.<\/p>\n<p>Nell\u2019immaginario comune, arrampicatori inclusi, la capitale greca \u00e8 sempre rimasta quello che \u00e8 da migliaia di anni, un luogo nel quale toccare con mano la storia. Eppure nei suoi dintorni sorge una quantit\u00e0 di roccia che la rende una delle citt\u00e0 pi\u00f9 ricche d\u2019Europa in quanto a possibilit\u00e0 arrampicatorie!<\/p>\n<p>Decine di falesie, vie multipitch e aree boulder per oltre 800 passaggi con guide intere dedicate solo a questa zona, una realt\u00e0 notevole e sorprendente, che merita di essere esplorata e sostenuta. In questo numero abbiamo quindi voluto presentare ci\u00f2 che Atene offre ai climber, attraverso le parole stesse dei suoi protagonisti. Giorgos Chaziris presenter\u00e0 alcune delle falesie pi\u00f9 importanti della zona e la realt\u00e0 dell\u2019arrampicata ateniese. George Papageorgou e Antonis Sovantzis ci parleranno invece delle tante aree boulder dell\u2019Attica. Le loro interviste e quelle di altri climber gravitanti su queste rocce ci permetteranno di conoscere meglio la comunit\u00e0 verticale che le anima.<\/p>\n<p>A completare il numero una parte generalista ricca di interviste, proposte, riflessioni e allenamenti, per estendere sempre a 360 gradi la conoscenza del mondo verticale.<\/p>\n<p>96 pagine<\/p>","protected":false},"excerpt":{"rendered":"<p>Arrampicata e Grecia: le Meteore, in Tessaglia, Kalymnos, l\u2019isola dei climber per eccellenza, Leonidio e Kyparissi, location sempre pi\u00f9 di moda in questi ultimi anni per i falesisti. Poi le isole di Tinos e Kos, che hanno reso le terre greche una possibile destinazione anche per gli amanti del sassismo. Tra tutte queste possibilit\u00e0 non [&#8230;]\n","protected":false},"featured_media":183942,"template":"","meta":[],"product_brand":[],"product_cat":[21541],"product_tag":[27721],"class_list":{"0":"post-183941","1":"product","2":"type-product","3":"status-publish","4":"has-post-thumbnail","6":"product_cat-zeitschriften","7":"product_tag-athen","8":"pa_autor-felderer-redazione-up-climbing","9":"pa_erscheinungsjahr-27654","10":"pa_region-griechenland","11":"pa_sprache-it","13":"first","14":"instock","15":"taxable","16":"shipping-taxable","17":"purchasable","18":"product-type-simple"},"_links":{"self":[{"href":"https:\/\/pizbube.ch\/en\/wp-json\/wp\/v2\/product\/183941","targetHints":{"allow":["GET"]}}],"collection":[{"href":"https:\/\/pizbube.ch\/en\/wp-json\/wp\/v2\/product"}],"about":[{"href":"https:\/\/pizbube.ch\/en\/wp-json\/wp\/v2\/types\/product"}],"wp:featuredmedia":[{"embeddable":true,"href":"https:\/\/pizbube.ch\/en\/wp-json\/wp\/v2\/media\/183942"}],"wp:attachment":[{"href":"https:\/\/pizbube.ch\/en\/wp-json\/wp\/v2\/media?parent=183941"}],"wp:term":[{"taxonomy":"product_brand","embeddable":true,"href":"https:\/\/pizbube.ch\/en\/wp-json\/wp\/v2\/product_brand?post=183941"},{"taxonomy":"product_cat","embeddable":true,"href":"https:\/\/pizbube.ch\/en\/wp-json\/wp\/v2\/product_cat?post=183941"},{"taxonomy":"product_tag","embeddable":true,"href":"https:\/\/pizbube.ch\/en\/wp-json\/wp\/v2\/product_tag?post=183941"}],"curies":[{"name":"wp","href":"https:\/\/api.w.org\/{rel}","templated":true}]}}