{"id":183968,"date":"2026-04-18T12:16:39","date_gmt":"2026-04-18T10:16:39","guid":{"rendered":"https:\/\/pizbube.ch\/?post_type=product&#038;p=183968"},"modified":"2026-04-18T12:16:39","modified_gmt":"2026-04-18T10:16:39","slug":"trekking-in-den-schweizer-bergen","status":"publish","type":"product","link":"https:\/\/pizbube.ch\/en\/shop\/trekking-in-den-schweizer-bergen\/","title":{"rendered":"Trekking in den Schweizer Bergen"},"content":{"rendered":"<p>7 unvergessliche Mehrtageswanderungen in 25 Etappen<\/p>\n<p>Ob im Wallis, Tessin oder in Graub\u00fcnden: Was gibt es Sch\u00f6neres als eine mehrt\u00e4tige Wandertour in den Schweizer Alpen?<br \/>\nDieser F\u00fchrer bietet euch eine \u00fcberschaubare Auswahl an Alpinwanderungen mit mehreren Etappen, die ihr \u00fcber ein verl\u00e4ngertes Wochenende oder einem einw\u00f6chigen Urlaub auf euch nehmen k\u00f6nnt. Die sieben Treks enthalten zwischen 3 und 5 Etappen, die euch jedes Mal zu einer H\u00fctte f\u00fchren. Lasst euch von Pierre Pauquays atmosph\u00e4rischen Fotos und sorgf\u00e4ltig ausgew\u00e4hlten Routen inspirieren und beginnt sogleich mit der Planung!<\/p>\n<p>Ob Routinier oder Anf\u00e4ngerin, in diesem Handbuch findet ihr praktische Informationen zu jeder Etappe: Schwierigkeitsgrad, H\u00f6he, H\u00f6henunterschied, Anreise und vieles mehr. Au\u00dferdem enth\u00e4lt es Tipps zur Planung und Ausr\u00fcstung, damit ihr die spektakul\u00e4ren Touren gut vorbereitet geniessen k\u00f6nnt.<\/p>\n<p>232 Seiten, 16 x 24 cm<br \/>\n1. Auflage 2026<\/p>","protected":false},"excerpt":{"rendered":"<p>7 unvergessliche Mehrtageswanderungen in 25 Etappen Ob im Wallis, Tessin oder in Graub\u00fcnden: Was gibt es Sch\u00f6neres als eine mehrt\u00e4tige Wandertour in den Schweizer Alpen? Dieser F\u00fchrer bietet euch eine \u00fcberschaubare Auswahl an Alpinwanderungen mit mehreren Etappen, die ihr \u00fcber ein verl\u00e4ngertes Wochenende oder einem einw\u00f6chigen Urlaub auf euch nehmen k\u00f6nnt. Die sieben Treks enthalten [&#8230;]\n","protected":false},"featured_media":183969,"template":"","meta":[],"product_brand":[],"product_cat":[21605],"product_tag":[],"class_list":{"0":"post-183968","1":"product","2":"type-product","3":"status-publish","4":"has-post-thumbnail","6":"product_cat-wanderfuehrer-trekking","7":"pa_autor-pierre-pauquay","8":"pa_erscheinungsjahr-27654","9":"pa_region-schweiz","10":"pa_sprache-de","12":"first","13":"instock","14":"taxable","15":"shipping-taxable","16":"purchasable","17":"product-type-simple"},"_links":{"self":[{"href":"https:\/\/pizbube.ch\/en\/wp-json\/wp\/v2\/product\/183968","targetHints":{"allow":["GET"]}}],"collection":[{"href":"https:\/\/pizbube.ch\/en\/wp-json\/wp\/v2\/product"}],"about":[{"href":"https:\/\/pizbube.ch\/en\/wp-json\/wp\/v2\/types\/product"}],"wp:featuredmedia":[{"embeddable":true,"href":"https:\/\/pizbube.ch\/en\/wp-json\/wp\/v2\/media\/183969"}],"wp:attachment":[{"href":"https:\/\/pizbube.ch\/en\/wp-json\/wp\/v2\/media?parent=183968"}],"wp:term":[{"taxonomy":"product_brand","embeddable":true,"href":"https:\/\/pizbube.ch\/en\/wp-json\/wp\/v2\/product_brand?post=183968"},{"taxonomy":"product_cat","embeddable":true,"href":"https:\/\/pizbube.ch\/en\/wp-json\/wp\/v2\/product_cat?post=183968"},{"taxonomy":"product_tag","embeddable":true,"href":"https:\/\/pizbube.ch\/en\/wp-json\/wp\/v2\/product_tag?post=183968"}],"curies":[{"name":"wp","href":"https:\/\/api.w.org\/{rel}","templated":true}]}}