{"id":184006,"date":"2026-04-21T16:23:37","date_gmt":"2026-04-21T14:23:37","guid":{"rendered":"https:\/\/pizbube.ch\/?post_type=product&#038;p=184006"},"modified":"2026-04-21T16:40:02","modified_gmt":"2026-04-21T14:40:02","slug":"la-pedriza-escalada-deportiva-2","status":"publish","type":"product","link":"https:\/\/pizbube.ch\/en\/shop\/la-pedriza-escalada-deportiva-2\/","title":{"rendered":"La Pedriza &#8211; Escalada deportiva"},"content":{"rendered":"<p>Veintid\u00f3s a\u00f1os despu\u00e9s de que Luis Santamar\u00eda publicara la gu\u00eda de escalada deportiva de La Pedriza, la Orden del Tumbao tiene el placer de presentar esta nueva edici\u00f3n, completamente actualizada y ampliada.<\/p>\n<p>Se han incorporado 40 nuevos sectores y m\u00e1s de 500 nuevas v\u00edas que, hasta ahora, hab\u00edan permanecido guardadas en la \u00abcaja fuerte\u00bb de los m\u00e1s <em>secretivos<\/em>.<\/p>\n<p>En total, esta gu\u00eda re\u00fane 1.500 v\u00edas de escalada deportiva en un pr\u00e1ctico formato de bolsillo, pensado para acompa\u00f1arte en tu mochila y ayudarte a resolver cualquier duda en la inmensidad de La Pedriza.<\/p>\n<p>Parte de los derechos de autor generados por la venta de la gu\u00eda se destinan a la ONG Acci\u00f3n Geoda, que trabaja en el desarrollo del pueblo bereber del valle de Tessaout, en el Atlas marroqu\u00ed. Para que, alg\u00fan d\u00eda, los ni\u00f1os de estas monta\u00f1as tambi\u00e9n puedan so\u00f1ar con escalar.<\/p>\n<p>1a edicion 2026<br \/>\n416 pag.<br \/>\nDimensiones: 12 cm x 16,50 cm<\/p>","protected":false},"excerpt":{"rendered":"<p>Veintid\u00f3s a\u00f1os despu\u00e9s de que Luis Santamar\u00eda publicara la gu\u00eda de escalada deportiva de La Pedriza, la Orden del Tumbao tiene el placer de presentar esta nueva edici\u00f3n, completamente actualizada y ampliada. Se han incorporado 40 nuevos sectores y m\u00e1s de 500 nuevas v\u00edas que, hasta ahora, hab\u00edan permanecido guardadas en la \u00abcaja fuerte\u00bb de [&#8230;]\n","protected":false},"featured_media":184010,"template":"","meta":[],"product_brand":[],"product_cat":[21539],"product_tag":[],"class_list":{"0":"post-184006","1":"product","2":"type-product","3":"status-publish","4":"has-post-thumbnail","6":"product_cat-fuehrerliteratur-sportklettern-bouldern","7":"pa_autor-etienne-bertrand-luis-santamaria-navarrete-orden-del-tumbao","8":"pa_erscheinungsjahr-27654","9":"pa_region-spanien","10":"pa_sprache-espagnol","12":"first","13":"instock","14":"taxable","15":"shipping-taxable","16":"purchasable","17":"product-type-simple"},"_links":{"self":[{"href":"https:\/\/pizbube.ch\/en\/wp-json\/wp\/v2\/product\/184006","targetHints":{"allow":["GET"]}}],"collection":[{"href":"https:\/\/pizbube.ch\/en\/wp-json\/wp\/v2\/product"}],"about":[{"href":"https:\/\/pizbube.ch\/en\/wp-json\/wp\/v2\/types\/product"}],"wp:featuredmedia":[{"embeddable":true,"href":"https:\/\/pizbube.ch\/en\/wp-json\/wp\/v2\/media\/184010"}],"wp:attachment":[{"href":"https:\/\/pizbube.ch\/en\/wp-json\/wp\/v2\/media?parent=184006"}],"wp:term":[{"taxonomy":"product_brand","embeddable":true,"href":"https:\/\/pizbube.ch\/en\/wp-json\/wp\/v2\/product_brand?post=184006"},{"taxonomy":"product_cat","embeddable":true,"href":"https:\/\/pizbube.ch\/en\/wp-json\/wp\/v2\/product_cat?post=184006"},{"taxonomy":"product_tag","embeddable":true,"href":"https:\/\/pizbube.ch\/en\/wp-json\/wp\/v2\/product_tag?post=184006"}],"curies":[{"name":"wp","href":"https:\/\/api.w.org\/{rel}","templated":true}]}}