{"id":184011,"date":"2026-04-21T16:35:29","date_gmt":"2026-04-21T14:35:29","guid":{"rendered":"https:\/\/pizbube.ch\/?post_type=product&#038;p=184011"},"modified":"2026-04-22T10:13:59","modified_gmt":"2026-04-22T08:13:59","slug":"patones-guia-de-escalada-ponton-de-la-oliva-los-alcores-penarrubia-canon-de-uceda-patones-pueblo","status":"publish","type":"product","link":"https:\/\/pizbube.ch\/en\/shop\/patones-guia-de-escalada-ponton-de-la-oliva-los-alcores-penarrubia-canon-de-uceda-patones-pueblo\/","title":{"rendered":"Patones Gu\u00eda de escalada: Pont\u00f3n de la Oliva \/ Los Alcores \/ Pe\u00f1arrubia \/ Ca\u00f1\u00f3n de Uceda \/ Patones pueblo"},"content":{"rendered":"<p>Patones, gu\u00eda de escaladas, adem\u00e1s de croquis sobre foto, mapas de acceso y c\u00f3digos QR de ubicaciones, ofrece informaci\u00f3n sobre las regulaciones ambientales que afectan temporalmente a muchos de estos sectores.<\/p>\n<p>Esta gu\u00eda recoge las zonas de escalada deportiva del noreste de la provincia de Madrid y el noroeste de Guadalajara. La zona de mayor inter\u00e9s es la hoz caliza del Lozoya que se eleva desde el Pont\u00f3n de la Oliva. Completan la gu\u00eda las peque\u00f1as escuelas de Los Alcores y Pe\u00f1arrubia \u2012cercanas a la localidad de Guadalix de la Sierra\u2012 y Patones pueblo y el Barranco de las Cuevas \u2012conocido tambi\u00e9n como el Ca\u00f1\u00f3n de Uceda\u2012, pr\u00f3ximos a Patones de Abajo.<\/p>\n<p>En ella encontrar\u00e1s 967 v\u00edas, la inmensa mayor\u00eda equipadas y de un solo largo, en rocas sedimentarias (generalmente calizas y dolom\u00edas) que contrastan con el habitual granito de la Sierra de Guadarrama.<\/p>\n<p>1a edic. 2026<br \/>\n160 pag.<br \/>\nFormato: 14 x 21cm<\/p>\n<p>&nbsp;<\/p>\n<p>This guide covers the sport climbing areas northeast of Madrid and the northwest of Guadalajara. The area of greatest interest is the limestone gorge of the Lozoya River, which rises from Pont?n de la Oliva. The guide is complemented by the small climbing crags of Los Alcores and Pe?arrubia &#8211; near the town of Guadalix de la Sierra &#8211; and Patones village and the Barranco de las Cuevas &#8211; also known as the Ca??n de Uceda &#8211; located close to Patones de Abajo.<\/p>\n<p>967 routes are descibed, the vast majority bolted and single-pitch, on sedimentary rock (generally limestone and dolomite), which contrasts with the typical granite of the Sierra de Guadarrama.<\/p>\n<p>Patones, guia de escaladas, in addition to photo topos, access maps, and QR codes for locations, also provides information about environmental regulations that temporarily affect many of these sectors&#8230;<\/p>\n<p>Spanish language throughout&#8230;<\/p>","protected":false},"excerpt":{"rendered":"<p>Patones, gu\u00eda de escaladas, adem\u00e1s de croquis sobre foto, mapas de acceso y c\u00f3digos QR de ubicaciones, ofrece informaci\u00f3n sobre las regulaciones ambientales que afectan temporalmente a muchos de estos sectores. Esta gu\u00eda recoge las zonas de escalada deportiva del noreste de la provincia de Madrid y el noroeste de Guadalajara. La zona de mayor [&#8230;]\n","protected":false},"featured_media":184012,"template":"","meta":[],"product_brand":[],"product_cat":[21539],"product_tag":[],"class_list":{"0":"post-184011","1":"product","2":"type-product","3":"status-publish","4":"has-post-thumbnail","6":"product_cat-fuehrerliteratur-sportklettern-bouldern","7":"pa_autor-jose-manuel-velazquez-gaztelu","8":"pa_erscheinungsjahr-27654","9":"pa_region-spanien","10":"pa_sprache-espagnol","12":"first","13":"instock","14":"taxable","15":"shipping-taxable","16":"purchasable","17":"product-type-simple"},"_links":{"self":[{"href":"https:\/\/pizbube.ch\/en\/wp-json\/wp\/v2\/product\/184011","targetHints":{"allow":["GET"]}}],"collection":[{"href":"https:\/\/pizbube.ch\/en\/wp-json\/wp\/v2\/product"}],"about":[{"href":"https:\/\/pizbube.ch\/en\/wp-json\/wp\/v2\/types\/product"}],"wp:featuredmedia":[{"embeddable":true,"href":"https:\/\/pizbube.ch\/en\/wp-json\/wp\/v2\/media\/184012"}],"wp:attachment":[{"href":"https:\/\/pizbube.ch\/en\/wp-json\/wp\/v2\/media?parent=184011"}],"wp:term":[{"taxonomy":"product_brand","embeddable":true,"href":"https:\/\/pizbube.ch\/en\/wp-json\/wp\/v2\/product_brand?post=184011"},{"taxonomy":"product_cat","embeddable":true,"href":"https:\/\/pizbube.ch\/en\/wp-json\/wp\/v2\/product_cat?post=184011"},{"taxonomy":"product_tag","embeddable":true,"href":"https:\/\/pizbube.ch\/en\/wp-json\/wp\/v2\/product_tag?post=184011"}],"curies":[{"name":"wp","href":"https:\/\/api.w.org\/{rel}","templated":true}]}}