{"id":184014,"date":"2026-04-21T17:03:00","date_gmt":"2026-04-21T15:03:00","guid":{"rendered":"https:\/\/pizbube.ch\/?post_type=product&#038;p=184014"},"modified":"2026-04-21T17:12:39","modified_gmt":"2026-04-21T15:12:39","slug":"torcas-de-chodes-guia-de-escalada-chodes-morata-de-jalon-arandiga","status":"publish","type":"product","link":"https:\/\/pizbube.ch\/en\/shop\/torcas-de-chodes-guia-de-escalada-chodes-morata-de-jalon-arandiga\/","title":{"rendered":"Torcas de Chodes &#8211; Gu\u00eda de escalada: Chodes-Morata de Jal\u00f3n-Ar\u00e1ndiga"},"content":{"rendered":"<p>Chodes &#8211; Morata de Jal\u00f3n &#8211; Ar\u00e1ndiga<\/p>\n<p>Enclavada en el coraz\u00f3n del Sistema Ib\u00e9rico zaragozano, la zona de escalada de las Torcas de Chodes lleva tiempo consolidada como una de las imprescindibles del norte peninsular. Su benigna climatolog\u00eda, unida a una roca caliza de gran calidad y con una amplia oferta de itinerarios de baja dificultad perfectamente equipados, la convierten en el destino ideal para cualquier amante de la escalada.<\/p>\n<p>La presente edici\u00f3n re\u00fane m\u00e1s de 650 itinerarios con cerca de 1000 largos de escalada, repartidos en los 17 sectores que conforman este para\u00edso vertical y que, sin lugar a dudas, no nos dejar\u00e1 indiferentes.<\/p>\n<p>15 x 21 cm \/ r\u00fastica con solapas \/ 243 p\u00e1gs.<br \/>\n1a edicion 2026<\/p>","protected":false},"excerpt":{"rendered":"<p>Chodes &#8211; Morata de Jal\u00f3n &#8211; Ar\u00e1ndiga Enclavada en el coraz\u00f3n del Sistema Ib\u00e9rico zaragozano, la zona de escalada de las Torcas de Chodes lleva tiempo consolidada como una de las imprescindibles del norte peninsular. Su benigna climatolog\u00eda, unida a una roca caliza de gran calidad y con una amplia oferta de itinerarios de baja [&#8230;]\n","protected":false},"featured_media":184016,"template":"","meta":[],"product_brand":[],"product_cat":[21539],"product_tag":[],"class_list":{"0":"post-184014","1":"product","2":"type-product","3":"status-publish","4":"has-post-thumbnail","6":"product_cat-fuehrerliteratur-sportklettern-bouldern","7":"pa_autor-mikel-silvan","8":"pa_erscheinungsjahr-27654","9":"pa_region-spanien","10":"pa_sprache-espagnol","12":"first","13":"instock","14":"taxable","15":"shipping-taxable","16":"purchasable","17":"product-type-simple"},"_links":{"self":[{"href":"https:\/\/pizbube.ch\/en\/wp-json\/wp\/v2\/product\/184014","targetHints":{"allow":["GET"]}}],"collection":[{"href":"https:\/\/pizbube.ch\/en\/wp-json\/wp\/v2\/product"}],"about":[{"href":"https:\/\/pizbube.ch\/en\/wp-json\/wp\/v2\/types\/product"}],"wp:featuredmedia":[{"embeddable":true,"href":"https:\/\/pizbube.ch\/en\/wp-json\/wp\/v2\/media\/184016"}],"wp:attachment":[{"href":"https:\/\/pizbube.ch\/en\/wp-json\/wp\/v2\/media?parent=184014"}],"wp:term":[{"taxonomy":"product_brand","embeddable":true,"href":"https:\/\/pizbube.ch\/en\/wp-json\/wp\/v2\/product_brand?post=184014"},{"taxonomy":"product_cat","embeddable":true,"href":"https:\/\/pizbube.ch\/en\/wp-json\/wp\/v2\/product_cat?post=184014"},{"taxonomy":"product_tag","embeddable":true,"href":"https:\/\/pizbube.ch\/en\/wp-json\/wp\/v2\/product_tag?post=184014"}],"curies":[{"name":"wp","href":"https:\/\/api.w.org\/{rel}","templated":true}]}}