{"id":184117,"date":"2026-04-29T08:44:27","date_gmt":"2026-04-29T06:44:27","guid":{"rendered":"https:\/\/pizbube.ch\/?post_type=product&#038;p=184117"},"modified":"2026-04-29T09:53:10","modified_gmt":"2026-04-29T07:53:10","slug":"everest-lhotse-aus-den-tagebuechern-der-schweizer-expedition-1956-eine-spurensuche","status":"publish","type":"product","link":"https:\/\/pizbube.ch\/en\/shop\/everest-lhotse-aus-den-tagebuechern-der-schweizer-expedition-1956-eine-spurensuche\/","title":{"rendered":"Everest &#8211; Lhotse:  Aus den Tageb\u00fcchern der Schweizer Expedition 1956. Eine Spurensuche"},"content":{"rendered":"<p><span class=\"value\">1956 entsandte die Schweizerische Stiftung f\u00fcr Alpine Forschung ihre dritte Expedition ins Everest-Gebiet: Den elf Bergsteigern unter der Leitung von Albert Eggler gelangen die Erstbesteigung des Lhotse sowie die Zweit- und Drittbesteigung des Everest, ein Meilenstein der Alpingeschichte. <\/span><\/p>\n<p><span class=\"value\">Das Buch ver\u00f6ffentlicht erstmals Ausz\u00fcge aus Tageb\u00fcchern, Notizen und Expeditionsposts: Pers\u00f6nliche Stimmen der Teilnehmer, eingebettet in den sorgf\u00e4ltig rekonstruierten Kontext, lassen Erfolge wie Spannungen lebendig werden.<br \/>\nZudem ist es eine Hommage an Albert Eggler, dessen Erfahrung und Weisheit die heterogene Mannschaft zum Erfolg f\u00fchrte.<\/span><\/p>\n<p><span class=\"value\">300 Seiten<\/span>; gebunden, <span class=\"value\">Zahlreiche farbige Abbildungen<\/span><br \/>\n1. Auflage 2026<\/p>","protected":false},"excerpt":{"rendered":"<p>1956 entsandte die Schweizerische Stiftung f\u00fcr Alpine Forschung ihre dritte Expedition ins Everest-Gebiet: Den elf Bergsteigern unter der Leitung von Albert Eggler gelangen die Erstbesteigung des Lhotse sowie die Zweit- und Drittbesteigung des Everest, ein Meilenstein der Alpingeschichte. Das Buch ver\u00f6ffentlicht erstmals Ausz\u00fcge aus Tageb\u00fcchern, Notizen und Expeditionsposts: Pers\u00f6nliche Stimmen der Teilnehmer, eingebettet in den [&#8230;]\n","protected":false},"featured_media":184118,"template":"","meta":[],"product_brand":[],"product_cat":[21542],"product_tag":[],"class_list":{"0":"post-184117","1":"product","2":"type-product","3":"status-publish","4":"has-post-thumbnail","6":"product_cat-sachbuecher-dokumentationen","7":"pa_autor-keusen-rudolf-anker-daniel-kopp-christine-funk-salami-francoise-schweizerische-stiftung-fuer-alpine-forschung-hrsg","8":"pa_erscheinungsjahr-27654","9":"pa_region-asien","10":"pa_region-schweiz","11":"pa_sprache-de","13":"first","14":"instock","15":"taxable","16":"shipping-taxable","17":"purchasable","18":"product-type-simple"},"_links":{"self":[{"href":"https:\/\/pizbube.ch\/en\/wp-json\/wp\/v2\/product\/184117","targetHints":{"allow":["GET"]}}],"collection":[{"href":"https:\/\/pizbube.ch\/en\/wp-json\/wp\/v2\/product"}],"about":[{"href":"https:\/\/pizbube.ch\/en\/wp-json\/wp\/v2\/types\/product"}],"wp:featuredmedia":[{"embeddable":true,"href":"https:\/\/pizbube.ch\/en\/wp-json\/wp\/v2\/media\/184118"}],"wp:attachment":[{"href":"https:\/\/pizbube.ch\/en\/wp-json\/wp\/v2\/media?parent=184117"}],"wp:term":[{"taxonomy":"product_brand","embeddable":true,"href":"https:\/\/pizbube.ch\/en\/wp-json\/wp\/v2\/product_brand?post=184117"},{"taxonomy":"product_cat","embeddable":true,"href":"https:\/\/pizbube.ch\/en\/wp-json\/wp\/v2\/product_cat?post=184117"},{"taxonomy":"product_tag","embeddable":true,"href":"https:\/\/pizbube.ch\/en\/wp-json\/wp\/v2\/product_tag?post=184117"}],"curies":[{"name":"wp","href":"https:\/\/api.w.org\/{rel}","templated":true}]}}