{"id":184264,"date":"2026-05-13T12:06:51","date_gmt":"2026-05-13T10:06:51","guid":{"rendered":"https:\/\/pizbube.ch\/?post_type=product&#038;p=184264"},"modified":"2026-05-13T12:07:10","modified_gmt":"2026-05-13T10:07:10","slug":"vogesen-2","status":"publish","type":"product","link":"https:\/\/pizbube.ch\/en\/shop\/vogesen-2\/","title":{"rendered":"Vogesen"},"content":{"rendered":"<p>Die Vogesen sind ideal zum Wandern \u2013 und liegen nur einen Katzensprung von Deutschland entfernt. Sanft geschwungene H\u00f6henz\u00fcge, stille W\u00e4lder, aussichtsreiche Gebirgsk\u00e4mme und die typischen Chaumes-Hochweiden machen dieses Mittelgebirge zwischen Elsass und Lothringen zu einem abwechslungsreichen Wanderziel. Der Rother Wanderf\u00fchrer Vogesen bietet hierf\u00fcr 60 sorgf\u00e4ltig ausgew\u00e4hlte Touren, die zu den sch\u00f6nsten Seen, Felsen, Burgen und Aussichtspunkten der Region f\u00fchren.<\/p>\n<p>Glasklare Bergseen, blumenreiche Wiesen, charmante D\u00f6rfer mit els\u00e4ssischem Flair und alte Burgruinen pr\u00e4gen die Landschaft der Vogesen. Besonders eindrucksvoll ist die Ruine Fleckenstein, die wohl bekannteste Felsburg der Vogesen und ein absolutes Highlight f\u00fcr Wanderer. Von den H\u00f6henwegen aus er\u00f6ffnen sich weite Panoramablicke bis zum Schwarzwald und zu den Alpen \u2013 Natur- und Kulturerlebnisse liegen hier dicht beieinander.<\/p>\n<p>Die Wanderungen im Rother Wanderf\u00fchrer reichen von gem\u00fctlichen Halbtageswanderungen bis zu sportlichen Gipfeltouren. Mit detaillierten Wegbeschreibungen, GPS-Tracks zum Download, verl\u00e4sslichen Karten sowie spannenden Hintergrundinfos zu Natur, Geschichte und Kultur ist dieser Wanderf\u00fchrer der perfekte Begleiter f\u00fcr Wochenendtouren, Kurztrips oder l\u00e4ngere Wanderferien. Zudem stehen alle Touren in der Rother App zur Verf\u00fcgung.<\/p>\n<p>Ob Genusswanderer oder ambitionierter Bergsteiger \u2013 Wandern in den Vogesen wird mit diesem Wanderf\u00fchrer zu einem besonders abwechslungsreichen Erlebnis, das Natur, Kultur und die sch\u00f6nsten Panoramagipfel der Region vereint.<\/p>","protected":false},"excerpt":{"rendered":"<p>Die Vogesen sind ideal zum Wandern \u2013 und liegen nur einen Katzensprung von Deutschland entfernt. Sanft geschwungene H\u00f6henz\u00fcge, stille W\u00e4lder, aussichtsreiche Gebirgsk\u00e4mme und die typischen Chaumes-Hochweiden machen dieses Mittelgebirge zwischen Elsass und Lothringen zu einem abwechslungsreichen Wanderziel. Der Rother Wanderf\u00fchrer Vogesen bietet hierf\u00fcr 60 sorgf\u00e4ltig ausgew\u00e4hlte Touren, die zu den sch\u00f6nsten Seen, Felsen, Burgen und [&#8230;]\n","protected":false},"featured_media":184270,"template":"","meta":[],"product_brand":[],"product_cat":[21605],"product_tag":[],"class_list":{"0":"post-184264","1":"product","2":"type-product","3":"status-publish","4":"has-post-thumbnail","6":"product_cat-wanderfuehrer-trekking","7":"pa_autor-schopp-herrmann","8":"pa_erscheinungsjahr-27654","9":"pa_region-frankreich","10":"pa_sprache-d","12":"first","13":"instock","14":"taxable","15":"shipping-taxable","16":"purchasable","17":"product-type-simple"},"_links":{"self":[{"href":"https:\/\/pizbube.ch\/en\/wp-json\/wp\/v2\/product\/184264","targetHints":{"allow":["GET"]}}],"collection":[{"href":"https:\/\/pizbube.ch\/en\/wp-json\/wp\/v2\/product"}],"about":[{"href":"https:\/\/pizbube.ch\/en\/wp-json\/wp\/v2\/types\/product"}],"wp:featuredmedia":[{"embeddable":true,"href":"https:\/\/pizbube.ch\/en\/wp-json\/wp\/v2\/media\/184270"}],"wp:attachment":[{"href":"https:\/\/pizbube.ch\/en\/wp-json\/wp\/v2\/media?parent=184264"}],"wp:term":[{"taxonomy":"product_brand","embeddable":true,"href":"https:\/\/pizbube.ch\/en\/wp-json\/wp\/v2\/product_brand?post=184264"},{"taxonomy":"product_cat","embeddable":true,"href":"https:\/\/pizbube.ch\/en\/wp-json\/wp\/v2\/product_cat?post=184264"},{"taxonomy":"product_tag","embeddable":true,"href":"https:\/\/pizbube.ch\/en\/wp-json\/wp\/v2\/product_tag?post=184264"}],"curies":[{"name":"wp","href":"https:\/\/api.w.org\/{rel}","templated":true}]}}